{"id":178,"date":"2015-11-06T15:35:09","date_gmt":"2015-11-06T15:35:09","guid":{"rendered":"http:\/\/dev.nerdrummuseum.com\/?page_id=178"},"modified":"2025-07-05T18:31:12","modified_gmt":"2025-07-05T17:31:12","slug":"aforismer","status":"publish","type":"page","link":"https:\/\/nerdrum.com\/nb\/aforismer\/","title":{"rendered":"Sitater og aforismer"},"content":{"rendered":"<article>\n<section>Lys er bra for kroppen. M\u00f8rke er godt \u00e5 tenke p\u00e5. Skumringen er der de m\u00f8tes.<\/section>\n<section>Beveg deg bakover inn i fremtiden slik at ansiktet ditt blir opplyst av fortiden.<\/section>\n<section>\u00c5 bli f\u00f8dt inn i en d\u00e5rlig tid er ingen unnskyldning. Jeg m\u00e5 sammenlignes med de beste i enhver tid.<\/section>\n<section>Gjennom tidene har noen v\u00e6rt klar over \u00e9n ting: Sann orden er uten struktur.<\/section>\n<section>De stakkars dyrene i bur, og stakkars meg, som st\u00e5r her og ser p\u00e5 dem.<\/section>\n<section>Folket har ansvaret for dumheten, og de kloke f\u00f8lger villig etter.<\/section>\n<section>M\u00e5 kitschmaleren fortsette \u00e5 gj\u00f8re det skitne arbeidet for en lettvekts liga av kunstnere?<\/section>\n<section>N\u00e5r folk trives p\u00e5 et universitet, er det grunn til fortvilelse.<\/section>\n<section>F\u00f8rst oppv\u00e5kningen, s\u00e5 gullalderen.<\/section>\n<section>Sjelen m\u00e5 disiplinere seg selv, mens kroppen m\u00e5 f\u00e5 v\u00e6re i fred.<\/section>\n<section>V\u00e6r ydmyk overfor det du ikke klarer. I dette venter en t\u00e5lmodig Gud som \u00f8nsker deg vel.<\/section>\n<section>S\u00e5 lenge sannheten er stor nok, s\u00e5 er det ingen grenser for hvordan l\u00f8gnen kan misbrukes.<\/section>\n<section>Et melankolsk uttrykk er trygghet.<\/section>\n<section>De kloke vil ikke ha makt over mer enn hans \u00f8re og \u00f8ye kan klare.<\/section>\n<section>Det f\u00f8rste bildet var av blod, jord og vann. Maling ble laget for \u00e5 gjenskape naturen.<\/section>\n<section>Sett av et barn ... malt av en voksen.<\/section>\n<section>De som ikke legger merke til den store konsensusen nyter underlegenhet.<\/section>\n<section>Livet til en helt: Han s\u00f8kte ikke etter sin refleksjon i andres \u00f8yne.<\/section>\n<section>\u00d8ynene er \u00e5pne s\u00e5r.<\/section>\n<section>N\u00e5r de begynner \u00e5 le av talent i vest, vil kulturen i \u00f8st v\u00e6re klar til \u00e5 ta over.<\/section>\n<section>Fremgang er en sikkerhet for alle. F\u00e5 mennesker vender tilbake til fortiden. Gjennom de m\u00f8rke gamle byene \u2013 innenfor og utenfor \u2013 s\u00f8ker jeg etter mine forfedres ild.<\/section>\n<section>Kitsch. Publikum kjenner seg igjen p\u00e5 sitt beste.<\/section>\n<section>Vitenskapen \u00f8dela soloppgangen. Kunst \u00f8dela solnedgangen<\/section>\n<section>Der det er tidl\u00f8shet, tar kunnskap beslutningene. I samfunnet er det konsensus som styrer.<\/section>\n<section>N\u00e5r alle behandles likt, vil klasseforskjellen avsl\u00f8res.<\/section>\n<section>Tid er tilfeldig, kvalitet er alt. Kitsch-skaperen ser p\u00e5 de gamle mesterne, ikke fordi de er gamle, men fordi de mestrer noe.<\/section>\n<section>De sier at barn er s\u00e5rbare... men vi er mer skj\u00f8re, vi er gamle barn.<\/section>\n<section>Musikk trekker t\u00e5rer raskere enn et maleri. T\u00e5rene m\u00e5 holdes tilbake. \u00d8ynene trengs for \u00e5 se.<\/section>\n<section>Den line\u00e6re historieforst\u00e5elsen er i utakt med jordens og planetenes bevegelse.<\/section>\n<section>N\u00e5r alt rundt meg m\u00f8rkner, roper jeg p\u00e5 lys. N\u00e5r lyset blir hvitt, lengter jeg etter kveldens r\u00f8de nyanse.<\/section>\n<section>Jeg har ikke kommet inn i dette livet for \u00e5 bli underholdt, men for \u00e5 bli gjenkjent.<\/section>\n<\/article>","protected":false},"excerpt":{"rendered":"<article><\/p>\n<section>Lys er bra for kroppen. M\u00f8rke er godt \u00e5 tenke p\u00e5. Skumringen er der de m\u00f8tes.<\/section>\n<p><\/p>\n<section>Beveg deg bakover inn i fremtiden slik at ansiktet ditt blir opplyst av fortiden.<\/section>\n<p><\/p>\n<section>\u00c5 bli f\u00f8dt inn i en d\u00e5rlig tid er ingen unnskyldning. Jeg m\u00e5 sammenlignes med de beste i enhver tid.<\/section>\n<p><\/p>\n<section>Gjennom tidene har noen \u2026<\/p>","protected":false},"author":1,"featured_media":0,"parent":0,"menu_order":0,"comment_status":"closed","ping_status":"closed","template":"template-lightCover.php","meta":{"_FSMCFIC_featured_image_caption":"","_FSMCFIC_featured_image_nocaption":"","_FSMCFIC_featured_image_hide":"","footnotes":""},"class_list":["post-178","page","type-page","status-publish","hentry"],"yoast_head":"<!-- This site is optimized with the Yoast SEO plugin v25.3 - https:\/\/yoast.com\/wordpress\/plugins\/seo\/ -->\n<title>Quotes and Aphorisms - Odd Nerdrum Official Website<\/title>\n<meta name=\"robots\" content=\"index, follow, max-snippet:-1, max-image-preview:large, max-video-preview:-1\" \/>\n<link rel=\"canonical\" href=\"https:\/\/nerdrum.com\/nb\/aforismer\/\" \/>\n<meta property=\"og:locale\" content=\"nb_NO\" \/>\n<meta property=\"og:type\" content=\"article\" \/>\n<meta property=\"og:title\" content=\"Quotes and Aphorisms - Odd Nerdrum Official Website\" \/>\n<meta property=\"og:description\" content=\"Light is good for body. Darkness is good for thought. Dusk is where they meet. Move backwards into the future so that your face is illuminated by the past. To be born into a bad era is no excuse. I must be compared with the best in any era. Throughout the ages, some have ...\" \/>\n<meta property=\"og:url\" content=\"https:\/\/nerdrum.com\/nb\/aforismer\/\" \/>\n<meta property=\"og:site_name\" content=\"Odd Nerdrum Official Website\" \/>\n<meta property=\"article:publisher\" content=\"https:\/\/facebook.com\/oddnerdrum\" \/>\n<meta property=\"article:modified_time\" content=\"2025-07-05T17:31:12+00:00\" \/>\n<meta name=\"twitter:card\" content=\"summary_large_image\" \/>\n<meta name=\"twitter:label1\" content=\"Ansl. lesetid\" \/>\n\t<meta name=\"twitter:data1\" content=\"2 minutter\" \/>\n<script type=\"application\/ld+json\" class=\"yoast-schema-graph\">{\"@context\":\"https:\/\/schema.org\",\"@graph\":[{\"@type\":\"WebPage\",\"@id\":\"https:\/\/nerdrum.com\/quotes\/\",\"url\":\"https:\/\/nerdrum.com\/quotes\/\",\"name\":\"Quotes and Aphorisms - Odd Nerdrum Official Website\",\"isPartOf\":{\"@id\":\"https:\/\/nerdrum.com\/#website\"},\"datePublished\":\"2015-11-06T15:35:09+00:00\",\"dateModified\":\"2025-07-05T17:31:12+00:00\",\"breadcrumb\":{\"@id\":\"https:\/\/nerdrum.com\/quotes\/#breadcrumb\"},\"inLanguage\":\"nb-NO\",\"potentialAction\":[{\"@type\":\"ReadAction\",\"target\":[\"https:\/\/nerdrum.com\/quotes\/\"]}]},{\"@type\":\"BreadcrumbList\",\"@id\":\"https:\/\/nerdrum.com\/quotes\/#breadcrumb\",\"itemListElement\":[{\"@type\":\"ListItem\",\"position\":1,\"name\":\"Home\",\"item\":\"https:\/\/nerdrum.com\/\"},{\"@type\":\"ListItem\",\"position\":2,\"name\":\"Quotes and Aphorisms\"}]},{\"@type\":\"WebSite\",\"@id\":\"https:\/\/nerdrum.com\/#website\",\"url\":\"https:\/\/nerdrum.com\/\",\"name\":\"Odd Nerdrum Official Website\",\"description\":\"\",\"potentialAction\":[{\"@type\":\"SearchAction\",\"target\":{\"@type\":\"EntryPoint\",\"urlTemplate\":\"https:\/\/nerdrum.com\/?s={search_term_string}\"},\"query-input\":{\"@type\":\"PropertyValueSpecification\",\"valueRequired\":true,\"valueName\":\"search_term_string\"}}],\"inLanguage\":\"nb-NO\"}]}<\/script>\n<!-- \/ Yoast SEO plugin. -->","yoast_head_json":{"title":"Quotes and Aphorisms - Odd Nerdrum Official Website","robots":{"index":"index","follow":"follow","max-snippet":"max-snippet:-1","max-image-preview":"max-image-preview:large","max-video-preview":"max-video-preview:-1"},"canonical":"https:\/\/nerdrum.com\/nb\/aforismer\/","og_locale":"nb_NO","og_type":"article","og_title":"Quotes and Aphorisms - Odd Nerdrum Official Website","og_description":"Light is good for body. Darkness is good for thought. Dusk is where they meet. Move backwards into the future so that your face is illuminated by the past. To be born into a bad era is no excuse. I must be compared with the best in any era. Throughout the ages, some have ...","og_url":"https:\/\/nerdrum.com\/nb\/aforismer\/","og_site_name":"Odd Nerdrum Official Website","article_publisher":"https:\/\/facebook.com\/oddnerdrum","article_modified_time":"2025-07-05T17:31:12+00:00","twitter_card":"summary_large_image","twitter_misc":{"Ansl. lesetid":"2 minutter"},"schema":{"@context":"https:\/\/schema.org","@graph":[{"@type":"WebPage","@id":"https:\/\/nerdrum.com\/quotes\/","url":"https:\/\/nerdrum.com\/quotes\/","name":"Quotes and Aphorisms - Odd Nerdrum Official Website","isPartOf":{"@id":"https:\/\/nerdrum.com\/#website"},"datePublished":"2015-11-06T15:35:09+00:00","dateModified":"2025-07-05T17:31:12+00:00","breadcrumb":{"@id":"https:\/\/nerdrum.com\/quotes\/#breadcrumb"},"inLanguage":"nb-NO","potentialAction":[{"@type":"ReadAction","target":["https:\/\/nerdrum.com\/quotes\/"]}]},{"@type":"BreadcrumbList","@id":"https:\/\/nerdrum.com\/quotes\/#breadcrumb","itemListElement":[{"@type":"ListItem","position":1,"name":"Home","item":"https:\/\/nerdrum.com\/"},{"@type":"ListItem","position":2,"name":"Quotes and Aphorisms"}]},{"@type":"WebSite","@id":"https:\/\/nerdrum.com\/#website","url":"https:\/\/nerdrum.com\/","name":"Odd Nerdrum Official Website","description":"","potentialAction":[{"@type":"SearchAction","target":{"@type":"EntryPoint","urlTemplate":"https:\/\/nerdrum.com\/?s={search_term_string}"},"query-input":{"@type":"PropertyValueSpecification","valueRequired":true,"valueName":"search_term_string"}}],"inLanguage":"nb-NO"}]}},"jetpack_sharing_enabled":true,"_links":{"self":[{"href":"https:\/\/nerdrum.com\/nb\/wp-json\/wp\/v2\/pages\/178","targetHints":{"allow":["GET"]}}],"collection":[{"href":"https:\/\/nerdrum.com\/nb\/wp-json\/wp\/v2\/pages"}],"about":[{"href":"https:\/\/nerdrum.com\/nb\/wp-json\/wp\/v2\/types\/page"}],"author":[{"embeddable":true,"href":"https:\/\/nerdrum.com\/nb\/wp-json\/wp\/v2\/users\/1"}],"replies":[{"embeddable":true,"href":"https:\/\/nerdrum.com\/nb\/wp-json\/wp\/v2\/comments?post=178"}],"version-history":[{"count":5,"href":"https:\/\/nerdrum.com\/nb\/wp-json\/wp\/v2\/pages\/178\/revisions"}],"predecessor-version":[{"id":6404,"href":"https:\/\/nerdrum.com\/nb\/wp-json\/wp\/v2\/pages\/178\/revisions\/6404"}],"wp:attachment":[{"href":"https:\/\/nerdrum.com\/nb\/wp-json\/wp\/v2\/media?parent=178"}],"curies":[{"name":"wp","href":"https:\/\/api.w.org\/{rel}","templated":true}]}}