{"id":180,"date":"2015-11-06T15:35:52","date_gmt":"2015-11-06T15:35:52","guid":{"rendered":"http:\/\/dev.nerdrummuseum.com\/?page_id=180"},"modified":"2025-07-05T18:31:33","modified_gmt":"2025-07-05T17:31:33","slug":"dikt","status":"publish","type":"page","link":"https:\/\/nerdrum.com\/nb\/dikt\/","title":{"rendered":"Utvalgte dikt (kun norske)"},"content":{"rendered":"<h3>Prolog (for blandet kor)<\/h3>\n<article>\n<section><em><em>Damekor:<\/em><br \/>\n<\/em>Du sp\u00f8r, om talentet har verdi.<br \/>\nVel, det d\u00e5rlige har bedre tider.<br \/>\nHusk! Din kunnskap er et forr\u00e6deri,<br \/>\nmot de talentl\u00f8ses lekne sider.<\/section>\n<section><em><em>Herrekor:<\/em><br \/>\n<\/em>Se p\u00e5 den offentlige renhetssepe.<br \/>\nAt den begavede har vinger av gull,<br \/>\noppfatter staten som ondartet tull.<br \/>\nMakten f\u00e5r rett til \u00e5 drepe.<\/section>\n<section><em><em>Damekor:<\/em><br \/>\n<\/em>Din \u00e5ndsdisiplin som er s\u00e5 forlatt,<br \/>\ner underlig nok, forhatt.<br \/>\nDet politiske skjegg er i klemme,<br \/>\nByrokraten vil knuse din stemme.<\/section>\n<section><em><em>Herrekor:<\/em><br \/>\n<\/em>For staten er \u00e5ndsliv reaksjon\u00e6rt<br \/>\n\u2026det opph\u00f8yde ekkelt og s\u00e6rt.<br \/>\nGlemme dette\u2026 lage et mesterverk.<br \/>\n\u00c5 j\u00e5le seg med hodeb\u00e5nd og serk<br \/>\ner en h\u00e5n mot fellesskapet,<br \/>\nDu er blitt en bit av avfallsskrapet.<\/section>\n<section><em><em>Damekor:<\/em><br \/>\n<\/em>Vi vet hvilken n\u00f8d du lever i.<br \/>\nGlem statens galanteri<br \/>\nmed skattefrie priser og annet fanteri.<br \/>\nDerfor, finn et \u00f8deland<br \/>\nder ingen binder din forstand.<br \/>\nSlik at alt du vet og kan<br \/>\nforblir en tr\u00f8st,<br \/>\nhelt inn i livets h\u00f8st.<\/section>\n<section><em><em>Herrekor:<\/em><br \/>\n<\/em>Her i sumpens tause egn<br \/>\nsitter jeg i evighetens tegn<br \/>\nmed slanger overalt.<br \/>\nJeg ser dem bukte seg i hundretall.<br \/>\nKanskje dette er mitt endelige kall.<br \/>\nFor her er alt s\u00e5 tidl\u00f8st svalt<br \/>\ns\u00e5 urgammelt og trygt.<br \/>\nHer kan ingen hoppe eller tr\u00e5,<br \/>\nuten stiv av frykt.<br \/>\nFor det store tabl\u00e5<br \/>\nAv rotte, slange, flott og mygg<br \/>\nsom kan kravle stygt p\u00e5 ben og rygg.<\/section>\n<section><em><em>Damekor:<\/em><br \/>\n<\/em>Her er sannhet... her er de villes Gud.<br \/>\nFor statens m\u00f8rke sendebud<br \/>\nsom m\u00e5 tr\u00e5kke ned i sumpens element<br \/>\nkan skoen bli sv\u00e6rt skitten.<br \/>\nEt problem for den offentlige banditten,<br \/>\nder alt skal v\u00e6re t\u00f8rt og rent.<\/section>\n<section><em><em>Herrekor:<\/em><br \/>\n<\/em>Min kj\u00e6re kj\u00e6re sump... s\u00e5 stille.<br \/>\nDe klamme aftener henne,<br \/>\njeg er alene blant de ville\u2026<br \/>\nog solens spjeld gyllenbrun og kj\u00e6r.<\/section>\n<section><em><em>Damekor:<\/em><br \/>\n<\/em>Selv et slangebitt<br \/>\ner betaling ikke altfor ille,<br \/>\nfor det som er meg gitt...<br \/>\nI denne ville egn<br \/>\nmed lummer luft og ensomt regn.<\/section>\n<section><em><em>Hele koret:<\/em><br \/>\n<\/em>Jeg vasser i ring,<br \/>\nm\u00e5ler opp mitt konged\u00f8mme,<br \/>\nfaktisk mindre enn mitt \u00f8ye ser.<br \/>\nHeldigvis... jeg eier ingenting.<br \/>\nJeg vasser halvt i dr\u00f8mme,<br \/>\nmin tanke for menn...<br \/>\nKommer tyven, har han lite \u00e5 hente,<br \/>\nBare\u2026 det ulovlige talentet.<\/section>\n<\/article>\n<h3>Barnet<\/h3>\n<article>\n<section>Barnet er mistet i fossen<br \/>\nForeldrene p\u00e5 en bro<br \/>\nElven er halvt frossen<br \/>\nDe jamrer tigge til<br \/>\nkan knapt se den lille<br \/>\nI det m\u00f8rke ulne<br \/>\nDe vegrer seg for dette skumle.<\/section>\n<section>Djevelen kommer slentrende<br \/>\nJeg synder sorte drakt<br \/>\nDe to st\u00e5r ventende<br \/>\nMenn p\u00e5 vakt.<\/section>\n<section>I m\u00f8rket ser han det lyse klede<br \/>\nOg hopper ut i elven<br \/>\nVil redde den lille der nede<br \/>\nhalvt strandet og skjelven<br \/>\nMed hodet i vannet.<\/section>\n<section>S\u00e5 b\u00e6rer han sitt dyrebare funn<br \/>\nOpp til de to p\u00e5 broen<br \/>\nOg med gebrokken tale<br \/>\nSier han: her teller hvert sekund<br \/>\nHun m\u00e5 til sykehuset<br \/>\nMen de glemmer ikke barnetroen<br \/>\nOg vender ryggen til<br \/>\nDen onde m\u00e5 legge bylten ned \u2013 i tvil<\/section>\n<section>Mor og far gir klar beskjed:<br \/>\nHer kan intet gj\u00f8res<br \/>\nAv deg er hun besmittet<br \/>\nkan ikke r\u00f8res<br \/>\nHun er dobbelt mistet.<\/section>\n<section>Den onde kamerat<br \/>\nBegynner \u00e5 tigge<br \/>\nHan er desperat<br \/>\n\u201cVi kan ikke la henne ligge\u201d<\/section>\n<section>En enslig bil h\u00f8res p\u00e5 broen<br \/>\nDjevelen l\u00f8fter armene til signal<br \/>\nMen f\u00f8reren ser hvem mannen er<br \/>\nHan mister roen<br \/>\nTr\u00e5kker hardt p\u00e5 sin pedal<\/section>\n<section>Og den sortkledde er ikke lenger til besv\u00e6r<br \/>\nS\u00e5 kj\u00f8rer bilen bare inn i natten<br \/>\nSlik gikk det med Den ukorrekte<br \/>\nAt han reddet den lille skatten<br \/>\nKan vi ikke benekte<\/section>\n<section>Men den sjeldne mannen<br \/>\n\u00d8dela alt fordi han var fanden<br \/>\nDe derimot hadde lyttet til en indre r\u00f8st<br \/>\nTil en tro som er s\u00e6r<br \/>\nFordi den ikke er<\/section>\n<section>\u2026Foran dem<br \/>\nLigger det hjeml\u00f8se<br \/>\nBarnet og d\u00f8r<br \/>\nDet er iskald h\u00f8st.<br \/>\nAlt var bedre f\u00f8r.<\/section>\n<\/article>\n<h3>Hesten<\/h3>\n<article>\n<section>En vakker vestkant gjedde<br \/>\nFikk en storsl\u00e5tt ga av sin langt<br \/>\nEn hest hun kunne like<br \/>\net vinnereksemplar.<\/section>\n<section>Den var verdens beste<br \/>\nVant mange l\u00f8p<br \/>\nOg kunne klart befeste<br \/>\nAt den var et sv\u00e6rt godt kj\u00f8p<\/section>\n<section>Men den vakre eier<br \/>\nvar ikke glad<br \/>\nOg det til tross for seier<br \/>\nHun gav den pisk og slag<\/section>\n<section>En gjengen tapte den \u2026<br \/>\nDa slo hun den p\u00e5 mulen<br \/>\nOg skadet hestens ben<br \/>\nJammerlig var dyrets ulen<br \/>\nMen s\u00e5 vant den snart igjen<\/section>\n<section>Menn pisk og kjeft<br \/>\nVar vanlig prosedyre<br \/>\nEn gitt som trettet det ulykkelige dyret<\/section>\n<section>Den ville ikke l\u00f8pe mer<br \/>\nMen la seg ned i stallen<br \/>\nDa f\u00e5r den unge eier nok<br \/>\nOg sl\u00e5r til hesten rett i skallen<br \/>\nS\u00e5 mange ganger sl\u00e5r hun med en stokk<br \/>\nHos dyret faller om i ridehallen<\/section>\n<section>Og det er samme dag<br \/>\nAt dyret ikke lever lenger<br \/>\nKan lege raskt bekreftet<br \/>\nN\u00e5 er det den vakre trenger<br \/>\nhennes stille gr\u00e5t er til behag<br \/>\nDem virker faktisk ekte<br \/>\nJa, av beste slag<\/section>\n<section>Sol g\u00e5r ned<br \/>\nDet m\u00f8rkner nesten<br \/>\nI ridehallen er det stille fred<br \/>\nMen s\u00e5 sparker hun den d\u00f8de hesten<br \/>\nOg skriker: alt er din skyld \u2013 din j\u00e6vla sviker.<\/section>\n<\/article>\n<h3>Skomakervers<\/h3>\n<article>\n<section>I v\u00e5rt vakre rike<br \/>\nVed et hav et sted<br \/>\narbeidet en skomaker gjedde<br \/>\nHun stod ved en maskin og led<br \/>\nHun dr\u00f8mte om \u00e5 lave bedre sko<br \/>\nfor p\u00e5 fabrikken var alt engros<\/section>\n<section>Ja arbeid etter egen smak<br \/>\nVar en viktig sak<br \/>\nHun sa opp og sto<br \/>\nfor f\u00f8rste gang alene<br \/>\nUtenfor den kollektive scenen<br \/>\nN\u00e5 gjorde hun som hun ville<br \/>\nOg begynte i det stille<\/section>\n<section>Hun kunne vel betjene<br \/>\net lite billig rede<br \/>\nsom ikke var s\u00e5 ille<br \/>\nog som l\u00e5 et stenkast<br \/>\nfra det gamle arbeidsstedet<\/section>\n<section>S\u00e5 hengte hun opp et skilt<br \/>\nog p\u00e5 dette stod<br \/>\n\u201cpene h\u00e5ndlavde sko\u201d<br \/>\nMange syntes det var vilt!<br \/>\nJa, gammeldags og s\u00e6rt<br \/>\nEr hun arbeidsnarkoman?<br \/>\nHar hun ikke l\u00e6rt?<br \/>\nDette g\u00e5r da ikke an.<\/section>\n<section>Hver gang hun l\u00f8per forbi fabrikken<br \/>\nkaster de sten<br \/>\nog med den gamle retorikken<br \/>\nroper de: Forr\u00e6der,<br \/>\ndu har sveket v\u00e5r klasse.<br \/>\nOg s\u00e5 ender de med \u00e5 si:<br \/>\nvi skal nok ta deg, din trasse!<\/section>\n<section>Hos hennes verksted gikk bh<br \/>\nkan ikke benektes<br \/>\nhva enn de p\u00e5 fabrikken sa<br \/>\nOg at skoene var sv\u00e6rt gode<br \/>\nkunne bekreftes<br \/>\nav de som brukte hodet<\/section>\n<section>Hun kj\u00f8pte dyre materialer<br \/>\nAldri fra filialer \u2212<br \/>\nS\u00e5len var fra hesten<br \/>\ngarvet hjorteskinn p\u00e5 lesten<br \/>\nbrodert med silkefinne<br \/>\nog inni skoen, edelt lin<br \/>\nHun lavet barnesko<br \/>\nMyke og runde<br \/>\nSt\u00f8vler for sj\u00f8folk<br \/>\nVar ogs\u00e5 noe hun kunne.<\/section>\n<section>Til den forbudte hule<br \/>\nkommer en inspekt\u00f8r en dag<br \/>\nVi h\u00f8rer at deres sko er av beste slag<br \/>\nDet kan ingen skjule<br \/>\nMen hvor er deres regnskap?<br \/>\nSkofabrikken har anmeldt dem<br \/>\nDette er en alvorlig sak<br \/>\nDeres sko koster mindre<br \/>\nPrisloven er brutt<br \/>\nDette m\u00e5 vi hindre<br \/>\nDette m\u00e5 ta slutt<br \/>\nVi m\u00f8tes nok i retten<br \/>\nFabrikkens eier er sv\u00e6rt gretten<br \/>\nHan vil forf\u00f8lge denne saken<br \/>\ntil de st\u00e5r der ribbet og naken<\/section>\n<section>Den arme dyktige piken<br \/>\nm\u00e5tte igjennom erstatningssaken<br \/>\nMange vil si, har du h\u00f8rt p\u00e5 \u00e5 gj\u00f8re!<br \/>\nMen loven beskytter ikke en slik en<br \/>\nHer nytter ikke \u00e5 leke gjemsel<br \/>\nHun kom ikke i fengsel,<br \/>\nmen m\u00e5tte pent forandre taktikken<br \/>\n\u2013 og endte tilbake p\u00e5 fabrikken.<\/section>\n<\/article>\n<h3>Tristan<\/h3>\n<article>\n<section>\u00c5 hav<br \/>\nGi slipp p\u00e5 ditt r\u00f8dmende sl\u00f8r<br \/>\nLa ikke stjernene blinke meg godnatt<br \/>\nMen la din sol opprinde som f\u00f8r<br \/>\nFor min b\u00e5t er forlatt<br \/>\nI m\u00f8rket siger jeg over ditt duvende vann<br \/>\nSom den d\u00f8dsd\u00f8mte Tristan.<\/section>\n<\/article>\n<h3>\u00d8yet<\/h3>\n<article>\n<section>Det melankolske \u00f8ye<br \/>\nKj\u00e6rlighetens m\u00f8rke v\u00e5r<br \/>\nStuder det n\u00f8ye<br \/>\nDets slitte s\u00e5r.<br \/>\nDette dyp som kun kan anes<br \/>\nIkke ser av et glassklart \u00f8ye<br \/>\nDet kan ikke ranes<br \/>\nMin stolthet m\u00e5 b\u00f8ye hode<br \/>\nMot dette s\u00e6re, gode<br \/>\nKan ikke snakke.<br \/>\n\u2013 bare takke.<\/section>\n<\/article>\n<h3>Tyvens fortelling<\/h3>\n<article>\n<section>Pengesedlene... er \u00e6rlige<br \/>\nEnn hellig \u00e5nden<br \/>\nSom en skjelvende fuglunge i h\u00e5nden.<br \/>\nJeg kjenner hjertet banke<br \/>\nS\u00e5 mange ganger har det gledet<br \/>\nN\u00e5r jeg har kunnet sanke<br \/>\nPengesedler for det tunge strevet.<\/section>\n<section>En gang var en mynt av gull<br \/>\nVakker uten ord<br \/>\nEvigheten s\u00e5 p\u00e5 meg.<br \/>\nSom morgensolen full<br \/>\nDer den fant sin vei<br \/>\nOver hele v\u00e5r jord.<br \/>\nN\u00e5 er mynt et fortidsord.<\/section>\n<section>Det blir menneskehetens fall<br \/>\nN\u00e5r alt er datakontrollerte h\u00f8y<br \/>\nSom vil stjele min nattlige hemmelighet.<br \/>\nJa! morgendagens mot<br \/>\nGj\u00f8re meg til slave i all elskverdighet<br \/>\nEn kontroll som jeg er styrke i mot<br \/>\nOg s\u00e5 h\u00f8y da, som alle kan se<br \/>\nMen ingen r\u00f8re ved<br \/>\nS\u00e5 byr\u00e5kraten har meg \u00e5 leke med<\/section>\n<section>Min h\u00e5nd er skuffet<br \/>\nSkal den aldri gledes mer?<br \/>\nDen gamle verden er avsluttet<br \/>\nJeg hater det jeg ser.<\/section>\n<section>Dette er en farlig tale<br \/>\nN\u00e6rmest en skandale<br \/>\nMenn; problemet er: den perfekte orden<br \/>\nGir kun mat til ormen.<\/section>\n<\/article>\n<h3>All kunst er gud<\/h3>\n<article>\n<section>All kunst er gud.<br \/>\nDu er bare avhengig av riktige venner.<br \/>\nFortvil ikke,<br \/>\nDet er nettverket som bestemmer.<br \/>\nAll kunst er gud,<br \/>\nog talentet m\u00e5 svi.<br \/>\nVi vil ikke ha et geni.<br \/>\nVi lever da i et demokrati.<br \/>\nAll kunst er gud<br \/>\nI min udugelighet b\u00f8yer jeg nakke<br \/>\nMens kunsten drar meg ned ad bakke.<\/section>\n<\/article>\n<h3>Halliken<\/h3>\n<article>\n<section><em>Halliken<br \/>\n<\/em>N\u00e5, hvem vil de ha ?<\/section>\n<section><em>Kunden<br \/>\n<\/em>Den der \u2026 hun ser uskyldig ut.<br \/>\nBlyg og litt fet. Hun er bra.<\/section>\n<section><em>Halliken<br \/>\n<\/em>Altfor ung, hun kan ikke sine saker.<br \/>\nTa heller den der, hun er det ingen som vraker.<\/section>\n<section><em>Kunden<br \/>\n<\/em>Menn hun er s\u00e5 knoklete,<br \/>\ns\u00e5 likblek, s\u00e5 svak.<\/section>\n<section><em>Halliken<br \/>\n<\/em>Hun er best!<br \/>\nOg tusen kroner er vel ingen sak.<\/section>\n<section><em>Kunden<br \/>\n<\/em>Men prisen p\u00e5 den friske unge er sv\u00e6rt liten.<\/section>\n<section><em>Halliken<br \/>\n<\/em>Er de gjerrig?<br \/>\nVel, jeg er enig i at min dame er litt sliten.<br \/>\nMen jeg vil r\u00e5de dem til<br \/>\n\u00e5 gj\u00f8re det rette...<br \/>\nvis n\u00e5 litt sympati for dette.<br \/>\nJa, hun er tannl\u00f8s hvis de forst\u00e5r.<br \/>\nHer er det erfaringen som r\u00e5r.<\/section>\n<section><em>Kunden<br \/>\n<\/em>Jo, jo, men den unge er s\u00e5 s\u00f8t.<\/section>\n<section><em>Halliken<br \/>\n<\/em>Men kj\u00e6re, de er sentimental og bl\u00f8t.<br \/>\nSe, hos min dame er det mye charme.<br \/>\nHa n\u00e5 litt medlidenhet med den arme.<\/section>\n<section><em>Kunden<br \/>\n<\/em>Javel da!<br \/>\nJeg f\u00e5r vel gj\u00f8re som de forlanger.<br \/>\nDe er jo ekspert p\u00e5 slike arrangementer.<\/section>\n<\/article>","protected":false},"excerpt":{"rendered":"<h3>Prolog (for blandet kor)<\/h3>\n<p><\/p>\n<article><\/p>\n<section><em><em>Damekor:<\/em><\/p>\n<p><\/em>Du sp\u00f8r, om talentet har verdi.<\/p>\n<p>Vel, det d\u00e5rlige har bedre tider.<\/p>\n<p>Husk! Din kunnskap er et forr\u00e6deri,<\/p>\n<p>mot de talentl\u00f8ses lekne sider.<\/section>\n<p><\/p>\n<section><em><em>Herrekor:<\/em><\/p>\n<p><\/em>Se p\u00e5 den offentlige renhetssepe.<\/p>\n<p>At den begavede har vinger av gull,<\/p>\n<p>oppfatter staten som ondartet tull.<br \/><br ...\n<\/p>","protected":false},"author":1,"featured_media":0,"parent":0,"menu_order":0,"comment_status":"closed","ping_status":"closed","template":"template-lightCover.php","meta":{"_FSMCFIC_featured_image_caption":"","_FSMCFIC_featured_image_nocaption":"","_FSMCFIC_featured_image_hide":"","footnotes":""},"class_list":["post-180","page","type-page","status-publish","hentry"],"yoast_head":"<!-- This site is optimized with the Yoast SEO plugin v25.3 - https:\/\/yoast.com\/wordpress\/plugins\/seo\/ -->\n<title>Selected poems (Norwegian only) - Odd Nerdrum Official Website<\/title>\n<meta name=\"robots\" content=\"index, follow, max-snippet:-1, max-image-preview:large, max-video-preview:-1\" \/>\n<link rel=\"canonical\" href=\"https:\/\/nerdrum.com\/nb\/dikt\/\" \/>\n<meta property=\"og:locale\" content=\"nb_NO\" \/>\n<meta property=\"og:type\" content=\"article\" \/>\n<meta property=\"og:title\" content=\"Selected poems (Norwegian only) - Odd Nerdrum Official Website\" \/>\n<meta property=\"og:description\" content=\"Prolog (for blandet kor) Damekor: Du sp\u00f8r, om talentet har verdi. Vel, det d\u00e5rlige har bedre tider. Husk! Din kunnskap er et forr\u00e6deri, mot de talentl\u00f8ses lekne sider. Herrekor: Se p\u00e5 den offentlige renhetssepe. At den begavede har vinger av gull, oppfatter staten som ondartet tull.\" \/>\n<meta property=\"og:url\" content=\"https:\/\/nerdrum.com\/nb\/dikt\/\" \/>\n<meta property=\"og:site_name\" content=\"Odd Nerdrum Official Website\" \/>\n<meta property=\"article:publisher\" content=\"https:\/\/facebook.com\/oddnerdrum\" \/>\n<meta property=\"article:modified_time\" content=\"2025-07-05T17:31:33+00:00\" \/>\n<meta name=\"twitter:card\" content=\"summary_large_image\" \/>\n<meta name=\"twitter:label1\" content=\"Ansl. lesetid\" \/>\n\t<meta name=\"twitter:data1\" content=\"7 minutter\" \/>\n<script type=\"application\/ld+json\" class=\"yoast-schema-graph\">{\"@context\":\"https:\/\/schema.org\",\"@graph\":[{\"@type\":\"WebPage\",\"@id\":\"https:\/\/nerdrum.com\/poems\/\",\"url\":\"https:\/\/nerdrum.com\/poems\/\",\"name\":\"Selected poems (Norwegian only) - Odd Nerdrum Official Website\",\"isPartOf\":{\"@id\":\"https:\/\/nerdrum.com\/#website\"},\"datePublished\":\"2015-11-06T15:35:52+00:00\",\"dateModified\":\"2025-07-05T17:31:33+00:00\",\"breadcrumb\":{\"@id\":\"https:\/\/nerdrum.com\/poems\/#breadcrumb\"},\"inLanguage\":\"nb-NO\",\"potentialAction\":[{\"@type\":\"ReadAction\",\"target\":[\"https:\/\/nerdrum.com\/poems\/\"]}]},{\"@type\":\"BreadcrumbList\",\"@id\":\"https:\/\/nerdrum.com\/poems\/#breadcrumb\",\"itemListElement\":[{\"@type\":\"ListItem\",\"position\":1,\"name\":\"Home\",\"item\":\"https:\/\/nerdrum.com\/\"},{\"@type\":\"ListItem\",\"position\":2,\"name\":\"Selected poems (Norwegian only)\"}]},{\"@type\":\"WebSite\",\"@id\":\"https:\/\/nerdrum.com\/#website\",\"url\":\"https:\/\/nerdrum.com\/\",\"name\":\"Odd Nerdrum Official Website\",\"description\":\"\",\"potentialAction\":[{\"@type\":\"SearchAction\",\"target\":{\"@type\":\"EntryPoint\",\"urlTemplate\":\"https:\/\/nerdrum.com\/?s={search_term_string}\"},\"query-input\":{\"@type\":\"PropertyValueSpecification\",\"valueRequired\":true,\"valueName\":\"search_term_string\"}}],\"inLanguage\":\"nb-NO\"}]}<\/script>\n<!-- \/ Yoast SEO plugin. -->","yoast_head_json":{"title":"Selected poems (Norwegian only) - Odd Nerdrum Official Website","robots":{"index":"index","follow":"follow","max-snippet":"max-snippet:-1","max-image-preview":"max-image-preview:large","max-video-preview":"max-video-preview:-1"},"canonical":"https:\/\/nerdrum.com\/nb\/dikt\/","og_locale":"nb_NO","og_type":"article","og_title":"Selected poems (Norwegian only) - Odd Nerdrum Official Website","og_description":"Prolog (for blandet kor) Damekor: Du sp\u00f8r, om talentet har verdi. Vel, det d\u00e5rlige har bedre tider. Husk! Din kunnskap er et forr\u00e6deri, mot de talentl\u00f8ses lekne sider. Herrekor: Se p\u00e5 den offentlige renhetssepe. At den begavede har vinger av gull, oppfatter staten som ondartet tull.","og_url":"https:\/\/nerdrum.com\/nb\/dikt\/","og_site_name":"Odd Nerdrum Official Website","article_publisher":"https:\/\/facebook.com\/oddnerdrum","article_modified_time":"2025-07-05T17:31:33+00:00","twitter_card":"summary_large_image","twitter_misc":{"Ansl. lesetid":"7 minutter"},"schema":{"@context":"https:\/\/schema.org","@graph":[{"@type":"WebPage","@id":"https:\/\/nerdrum.com\/poems\/","url":"https:\/\/nerdrum.com\/poems\/","name":"Selected poems (Norwegian only) - Odd Nerdrum Official Website","isPartOf":{"@id":"https:\/\/nerdrum.com\/#website"},"datePublished":"2015-11-06T15:35:52+00:00","dateModified":"2025-07-05T17:31:33+00:00","breadcrumb":{"@id":"https:\/\/nerdrum.com\/poems\/#breadcrumb"},"inLanguage":"nb-NO","potentialAction":[{"@type":"ReadAction","target":["https:\/\/nerdrum.com\/poems\/"]}]},{"@type":"BreadcrumbList","@id":"https:\/\/nerdrum.com\/poems\/#breadcrumb","itemListElement":[{"@type":"ListItem","position":1,"name":"Home","item":"https:\/\/nerdrum.com\/"},{"@type":"ListItem","position":2,"name":"Selected poems (Norwegian only)"}]},{"@type":"WebSite","@id":"https:\/\/nerdrum.com\/#website","url":"https:\/\/nerdrum.com\/","name":"Odd Nerdrum Official Website","description":"","potentialAction":[{"@type":"SearchAction","target":{"@type":"EntryPoint","urlTemplate":"https:\/\/nerdrum.com\/?s={search_term_string}"},"query-input":{"@type":"PropertyValueSpecification","valueRequired":true,"valueName":"search_term_string"}}],"inLanguage":"nb-NO"}]}},"jetpack_sharing_enabled":true,"_links":{"self":[{"href":"https:\/\/nerdrum.com\/nb\/wp-json\/wp\/v2\/pages\/180","targetHints":{"allow":["GET"]}}],"collection":[{"href":"https:\/\/nerdrum.com\/nb\/wp-json\/wp\/v2\/pages"}],"about":[{"href":"https:\/\/nerdrum.com\/nb\/wp-json\/wp\/v2\/types\/page"}],"author":[{"embeddable":true,"href":"https:\/\/nerdrum.com\/nb\/wp-json\/wp\/v2\/users\/1"}],"replies":[{"embeddable":true,"href":"https:\/\/nerdrum.com\/nb\/wp-json\/wp\/v2\/comments?post=180"}],"version-history":[{"count":16,"href":"https:\/\/nerdrum.com\/nb\/wp-json\/wp\/v2\/pages\/180\/revisions"}],"predecessor-version":[{"id":453,"href":"https:\/\/nerdrum.com\/nb\/wp-json\/wp\/v2\/pages\/180\/revisions\/453"}],"wp:attachment":[{"href":"https:\/\/nerdrum.com\/nb\/wp-json\/wp\/v2\/media?parent=180"}],"curies":[{"name":"wp","href":"https:\/\/api.w.org\/{rel}","templated":true}]}}