{"id":22,"date":"2015-11-05T10:19:55","date_gmt":"2015-11-05T10:19:55","guid":{"rendered":"http:\/\/dev.nerdrummuseum.com\/?page_id=22"},"modified":"2025-07-05T17:48:52","modified_gmt":"2025-07-05T16:48:52","slug":"kitsch","status":"publish","type":"page","link":"https:\/\/nerdrum.com\/nb\/kitsch\/","title":{"rendered":"Hvorfor kitsch?"},"content":{"rendered":"<p>The Kitsch Movement er en internasjonal bevegelse av klassiske figurative malere, som definerer <em>kitsch<\/em> p\u00e5 lignende grunnlag som Aristoteles <em>Techne<\/em>. Bevegelsen ble f\u00f8dt i 1998, etter en ny filosofisk forst\u00e5else av kitsch \u2013 annonsert av Odd Nerdrum p\u00e5 hans retrospektive utstilling p\u00e5 Astrup Fearnley museum for moderne kunst i Oslo. Nerdrum erkl\u00e6rte seg selv som kitsch-maler og avklarte senere begrepet kitsch i boken sin <a href=\"http:\/\/nerdrummuseum.com\/Writings.php\"><em>P\u00e5 Kitsch<\/em><\/a> \u2013 skrevet sammen med <a href=\"http:\/\/malekurstuv.no\" target=\"_blank\" rel=\"noreferrer noopener\">Jan-Ove Tuv<\/a> og andre.<\/p>\n\n\n\n<figure class=\"wp-block-image size-large\"><a href=\"https:\/\/i0.wp.com\/nerdrum.com\/wp-content\/uploads\/2015\/11\/REPIN_Ivan_TerribleIvan.jpg?ssl=1\"><img data-recalc-dims=\"1\" loading=\"lazy\" decoding=\"async\" width=\"1024\" height=\"797\" src=\"https:\/\/i0.wp.com\/nerdrum.com\/wp-content\/uploads\/2015\/11\/REPIN_Ivan_TerribleIvan.jpg?resize=1024%2C797&#038;ssl=1\" alt=\"\" class=\"wp-image-330\" srcset=\"https:\/\/i0.wp.com\/nerdrum.com\/wp-content\/uploads\/2015\/11\/REPIN_Ivan_TerribleIvan.jpg?resize=1024%2C797&amp;ssl=1 1024w, https:\/\/i0.wp.com\/nerdrum.com\/wp-content\/uploads\/2015\/11\/REPIN_Ivan_TerribleIvan.jpg?resize=600%2C467&amp;ssl=1 600w, https:\/\/i0.wp.com\/nerdrum.com\/wp-content\/uploads\/2015\/11\/REPIN_Ivan_TerribleIvan.jpg?resize=300%2C234&amp;ssl=1 300w, https:\/\/i0.wp.com\/nerdrum.com\/wp-content\/uploads\/2015\/11\/REPIN_Ivan_TerribleIvan.jpg?w=1200&amp;ssl=1 1200w\" sizes=\"auto, (max-width: 1000px) 100vw, 1000px\" \/><\/a><figcaption class=\"wp-element-caption\">Ilya Yefimovich Repin (1844 \u2013 1930) <em>Ivan den grusomme og hans s\u00f8nn Ivan 16. november 1581<\/em>Olje p\u00e5 lerret, 1885 (199,5 \u00d7 254 cm) Tretjakovgalleriet, Moskva, Russland<\/figcaption><\/figure>\n\n\n\n<h3 class=\"wp-block-heading\">Historisk bakgrunn<\/h3>\n\n\n\n<p class=\"widget-post-common\">I f\u00f8lge Hans Reimann ble begrepet &#039;kitsch&#039; til p\u00e5 midten av 1800-tallets atelier i M\u00fcnchen. Form\u00e5let var \u00e5 angripe \u00abden tidligere kulturen\u00bb og gi rom for moderne kunst. Historisk sett er begrepet knyttet til f\u00f8dselen av kunstsystemet 100 \u00e5r tidligere. Mens sistnevnte roser <i>estetisk likegyldighet<\/i>, &quot;kitsch&quot; omfatter sentimentale og narrative malerier, litteratur og musikk. Kitsch-motiver omhandler typisk menneskelivets uforanderlige opplevelser. I f\u00f8lge Tomas Kulka kunne disse motivene til og med analyseres videre \u00abi form av jungianske arketyper\u00bb.<\/p>\n\n\n\n<p class=\"widget-post-common\">Odd Nerdrum har alltid identifisert seg med disse verdiene. P\u00e5 samme m\u00e5te som klassisk kitschkritikk har han blitt bebreidet for sin bekymring for tidligere mestere og sentimentale, patosfylte bilder.<\/p>\n\n\n\n<p class=\"widget-post-common\">\u00c5 lese Hermann Brochs essays om kitsch representerte en umiddelbar identifikasjon fra Nerdrums side. I 1999 la han inn tre artikler (som annonser) i ArtNews. Sammen med andre forfattere ga han ut b\u00f8kene <i><a href=\"http:\/\/nerdrummuseum.com\/Writings.php\">P\u00e5 Kitsch<\/a><\/i> (2000) og <a href=\"http:\/\/nerdrummuseum.com\/Writings.php\"><i>Kitsch \u2013 mer enn kunst<\/i><\/a> (2011).<\/p>\n\n\n\n<p class=\"widget-post-common\">For Nerdrum representerer konseptet kitsch en ny overbygning for oppriktig og narrativ figurativt maleri.<\/p>\n\n\n\n<blockquote class=\"wp-block-quote is-layout-flow wp-block-quote-is-layout-flow\">\n<p><i>Kitsch er dyp i sin overfladiskhet, kunst er overfladisk dyp.<\/i><br><span class=\"lightColor\">\u2013 Odd Nerdrum<\/span><\/p>\n<\/blockquote>\n\n\n\n<div class=\"videoWrapper\"><iframe loading=\"lazy\" src=\"https:\/\/www.youtube.com\/embed\/lqc-jKty4oI\" width=\"854\" height=\"480\" frameborder=\"0\" allowfullscreen=\"allowfullscreen\"><\/iframe><\/div>\n\n\n\n<h3 class=\"wp-block-heading\">Fellesskap<\/h3>\n\n\n\n<p>I 2005, <a href=\"http:\/\/malekurstuv.no\" target=\"_blank\" rel=\"noopener noreferrer\">Jan-Ove Tuv<\/a> og <a href=\"http:\/\/heleneknoop.com\" target=\"_blank\" rel=\"noopener noreferrer\">Helene Knoop<\/a> lansert <a href=\"http:\/\/worldwidekitsch.com\" target=\"_blank\" rel=\"noopener noreferrer\">worldwidekitsch.com<\/a>, et internasjonalt fellesskap for kitschmalere og vert for Kitsch Biennalen \u2013 en vandreutstilling som viser kitschmalere fra hele verden.<\/p>\n\n\n\n<h3 class=\"wp-block-heading\">Beslektede filosofiske skrifter<\/h3>\n\n\n\n<ul class=\"wp-block-list\">\n<li><em>P\u00e5 Kitsch<\/em> (2000) av Odd Nerdrum, Jan-Ove Tuv, Jan-Erik Ebbestad Hansen og Dag Solhjell<\/li>\n\n\n\n<li><i>Kitsch mer enn Art<\/i> (2011) av Odd Nerdrum m.fl<\/li>\n\n\n\n<li><i>Oppfinnelsen av kunst<\/i> (2001) av Larry Shiner<\/li>\n\n\n\n<li><i>Kitsch<\/i> (1933) av Herman Broch<\/li>\n\n\n\n<li><i>Innledende forelesninger om estetikk<\/i> (1818-1829) av Georg Wilhelm Friedrich Hegel<\/li>\n\n\n\n<li><i>Kitsch og kunst<\/i> (1996) av Thomas Kulka<\/li>\n\n\n\n<li><i>Avant Garde og Kitsch<\/i> (1939) av Clement Greenberg<\/li>\n\n\n\n<li><i>Kritikk av dommen<\/i> (1790) av Immanuel Kant<\/li>\n\n\n\n<li><i>Dehumaniseringen av kunst<\/i> (1925) av Jos\u00e9 Ortega y Gasset<\/li>\n\n\n\n<li><i>Kunst og kultur: Kritiske essays<\/i> (1961) av Clement Greenberg<\/li>\n\n\n\n<li><i>Poetikken<\/i> (ca. 335 fvt.) av Aristoteles<\/li>\n\n\n\n<li><i>Modernitetens fem ansikter: modernisme, avantgarde, dekadanse, kitsch, postmodernisme<\/i> (1987) av Matei C\u0103linescu<\/li>\n\n\n\n<li><i>Merknader om problemet med kitsch<\/i> (1950) av Herman Broch<\/li>\n<\/ul>\n\n\n\n<h3 class=\"wp-block-heading\">Relaterte artikler<\/h3>\n\n\n\n<ul class=\"wp-block-list\">\n<li>Huffington post \u2013 <a href=\"http:\/\/www.huffingtonpost.com\/brandon-kralik\/the-dawn-of-the-kitsch-mo_b_4013483.html\" target=\"_blank\" rel=\"noopener noreferrer\">The Dawn of the Kitsch Movement<\/a> av Brandon Kralik<\/li>\n\n\n\n<li>Artist daglig \u2013 <a href=\"http:\/\/www.artistdaily.com\/blogs\/oilblog\/archive\/2012\/08\/09\/the-kitsch-alternative-in-oil-painting.aspx\" target=\"_blank\" rel=\"noopener noreferrer\">Kitsch-alternativet<\/a> av Michael Gormley<\/li>\n\n\n\n<li>Boise ukentlig \u2013 <a href=\"http:\/\/www.boiseweekly.com\/boise\/the-kitsch-campaign\/Content?oid=926148\" target=\"_blank\" rel=\"noopener noreferrer\">Kitsch-kampanjen<\/a> av EJ Pettinger<\/li>\n\n\n\n<li>Sivilisasjonen \u2013 <a href=\"https:\/\/sivilisasjonen.no\/english\/54175\/the-invention-of-art-the-book-that-will-redefine-your-view-of-art-history\/\" target=\"_blank\" rel=\"noopener\">The Invention of Art \u2014 boken som vil redefinere synet ditt p\u00e5 \u00abkunsthistorie\u00bb <\/a>av Bork Nerdrum<\/li>\n\n\n\n<li>Realisme i dag \u2013 <a href=\"https:\/\/realismtoday.com\/high-kitsch\/\" target=\"_blank\" rel=\"noopener\">H\u00f8y kitsch?<\/a> av Luke Hillestad<\/li>\n\n\n\n<li>World Wide Kitsch \u2013 <a href=\"http:\/\/worldwidekitsch.com\/kitsch\/history\/\" target=\"_blank\" rel=\"noopener\">Hva er Kitsch? En kort historie<\/a> av Bork Nerdrum<\/li>\n\n\n\n<li>World Wide Kitsch \u2013 <a href=\"https:\/\/worldwidekitsch.com\/news-articles\/the-virtues-of-a-limited-voice\/\" target=\"_blank\" rel=\"noopener\">Kitsch og selvet: Dydene til en begrenset stemme<\/a> av Carl Korsnes<\/li>\n\n\n\n<li>#Kitschified \u2013 <a href=\"https:\/\/kitschified.info\/\">Sannheten om kunst<\/a> av Nic Thurman og Bork Nerdrum<\/li>\n<\/ul>\n\n\n\n<h3 class=\"wp-block-heading\">Relaterte videoer<\/h3>\n\n\n\n<ul class=\"wp-block-list\">\n<li><a href=\"https:\/\/www.youtube.com\/watch?v=iyWEQxWWAY0\" target=\"_blank\" rel=\"noopener\">Er du en kitsch-person eller artist?<\/a><\/li>\n\n\n\n<li><a href=\"https:\/\/www.youtube.com\/watch?v=_3ZPtSWEkZ8\" target=\"_blank\" rel=\"noopener\">Sannheten om kunst | Historie du aldri har h\u00f8rt<\/a><\/li>\n\n\n\n<li><a href=\"https:\/\/www.youtube.com\/watch?v=BSi4r_VKJls\" target=\"_blank\" rel=\"noopener\">En sen kveldsdiskusjon om kitsch med Jan-Ove Tuv, \u00d6de Nerdrum og Sebastian Salvo<\/a><\/li>\n\n\n\n<li><a href=\"https:\/\/rumble.com\/v15ov1b-how-the-kitsch-questionnaire-helps-kitschmen-and-artists-clarify-their-valu.html\" target=\"_blank\" rel=\"noopener\">Hvordan Kitsch-sp\u00f8rreskjemaet hjelper kitschmen og artister med \u00e5 klargj\u00f8re verdiene deres<\/a><\/li>\n\n\n\n<li><a href=\"https:\/\/www.youtube.com\/watch?v=cEProM1NcvU\" target=\"_blank\" rel=\"noopener\">TRAC2014: Roger Scruton og Odd Nerdrum \u2013 Samtidsrepresentasjonsestetikk<\/a><\/li>\n\n\n\n<li><a href=\"https:\/\/www.youtube.com\/watch?v=3vQ7-uGgn1Y\" target=\"_blank\" rel=\"noopener\">Larry Shiners The Invention of Art og hvordan 1700-tallet f\u00f8dte modernismen<\/a><\/li>\n\n\n\n<li><a href=\"https:\/\/www.youtube.com\/watch?v=VEPXAo-NSmQ\" target=\"_blank\" rel=\"noopener\">Boris Koller om Kitsch, kunstpolitiet og kunst som den nye religionen<\/a><\/li>\n\n\n\n<li><a href=\"https:\/\/www.youtube.com\/watch?v=ygDqPEvtagM\" target=\"_blank\" rel=\"noopener\">Er selvuttrykk en d\u00e5rlig id\u00e9? | Carl W. Korsnes<\/a><\/li>\n\n\n\n<li><a href=\"https:\/\/rumble.com\/v1e5htv-art-or-kitsch-as-a-name-for-classical-culture-jan-ove-tuv-and-martin-romber.html\" target=\"_blank\" rel=\"noopener\">&quot;Kunst&quot; eller &quot;Kitsch&quot; som et navn for klassisk kultur? | Jan-Ove Tuv &amp; Martin Romberg<\/a><\/li>\n\n\n\n<li><a href=\"https:\/\/www.youtube.com\/watch?v=bpvN4OuK2oY\" target=\"_blank\" rel=\"noopener\">Kitsch-bevegelsen | Willem Venter<\/a><\/li>\n\n\n\n<li><a href=\"https:\/\/www.youtube.com\/watch?v=OXRijTmftk4\" target=\"_blank\" rel=\"noopener\">Kitsch og kunst \u2014 To forskjellige verdisystemer | Magnus Vanebo og Jan-Ove Tuv<\/a><\/li>\n\n\n\n<li><a href=\"https:\/\/www.youtube.com\/watch?v=A3-TbveNKsQ\" target=\"_blank\" rel=\"noopener noreferrer\">TRAC2014: The Aesthetics of 21st Century \u2013 Paneldiskusjon <\/a><\/li>\n\n\n\n<li><a href=\"https:\/\/www.youtube.com\/watch?v=lqc-jKty4oI\" target=\"_blank\" rel=\"noopener noreferrer\">TRAC2014: Jan-Ove Tuv \u2013 \u201cKitsch\u201d som overbygning for representativt, narrativt maleri <\/a><\/li>\n<\/ul>\n\n\n\n<h3 class=\"wp-block-heading\">Utstillinger<\/h3>\n\n\n\n<ul class=\"wp-block-list\">\n<li>2002: Kitsch Katakomben, Haugar Vestfold Kunstmuseum, T\u00f8nsberg, Norge<\/li>\n\n\n\n<li>2002: Raugland Atelier, Stavern, Norge<\/li>\n\n\n\n<li>2002: Larvik Kunstforening, Larvik, Norge<\/li>\n\n\n\n<li>2004: Kitsch, Telemark Museum, Skien, Norge<\/li>\n\n\n\n<li>2005: Kitsch Annuale, Krutthuset, Fredricksvern Verft, Stavern, Norge<\/li>\n\n\n\n<li>2006: Kitsch Annuale, Stavern, Norge<\/li>\n\n\n\n<li>2008: Kitschbiennale Pasinger Fabrik, M\u00fcnchen, Tyskland<\/li>\n\n\n\n<li>2009: Kitsch, Krapperup slott, Sverige<\/li>\n\n\n\n<li>2009: Fall Kitsch, Galleri PAN, Oslo, Norge<\/li>\n\n\n\n<li>2009: Immortal Works, VASA KONSTHALL, G\u00f8teborg, Sverige<\/li>\n\n\n\n<li>2010: Kitschbiennale, Palazzo Cini, Venezia, Italia<\/li>\n<\/ul>","protected":false},"excerpt":{"rendered":"<p><\/p>\n<p>The Kitsch Movement er en internasjonal bevegelse av klassiske figurative malere, som definerer <em>kitsch<\/em> p\u00e5 lignende grunnlag som Aristoteles <em>Techne<\/em>Bevegelsen ble f\u00f8dt i 1998, basert p\u00e5 en ny filosofisk forst\u00e5else av kitsch \u2013 annonsert av Odd Nerdrum p\u00e5 hans retrospektive utstilling p\u00e5 Astrup Fearnley Museet for Moderne Kunst i Oslo. Nerdrum erkl\u00e6rte \u2026<\/p>","protected":false},"author":1,"featured_media":0,"parent":0,"menu_order":0,"comment_status":"closed","ping_status":"closed","template":"","meta":{"_FSMCFIC_featured_image_caption":"","_FSMCFIC_featured_image_nocaption":"","_FSMCFIC_featured_image_hide":"","footnotes":""},"class_list":["post-22","page","type-page","status-publish","hentry"],"yoast_head":"<!-- This site is optimized with the Yoast SEO plugin v25.3 - https:\/\/yoast.com\/wordpress\/plugins\/seo\/ -->\n<title>Why Kitsch? - Odd Nerdrum Official Website<\/title>\n<meta name=\"robots\" content=\"index, follow, max-snippet:-1, max-image-preview:large, max-video-preview:-1\" \/>\n<link rel=\"canonical\" href=\"https:\/\/nerdrum.com\/nb\/kitsch\/\" \/>\n<meta property=\"og:locale\" content=\"nb_NO\" \/>\n<meta property=\"og:type\" content=\"article\" \/>\n<meta property=\"og:title\" content=\"Why Kitsch? - Odd Nerdrum Official Website\" \/>\n<meta property=\"og:description\" content=\"The Kitsch Movement is an international movement of classical figurative painters, which define kitsch on similar basis with Aristotle&#8217;s Techne. The movement was born in 1998, upon a new philosophical understanding of kitsch \u2014 announced by Odd Nerdrum at his retrospective show at the Astrup Fearnley Museum of Modern Art in Oslo. Nerdrum decleared ...\" \/>\n<meta property=\"og:url\" content=\"https:\/\/nerdrum.com\/nb\/kitsch\/\" \/>\n<meta property=\"og:site_name\" content=\"Odd Nerdrum Official Website\" \/>\n<meta property=\"article:publisher\" content=\"https:\/\/facebook.com\/oddnerdrum\" \/>\n<meta property=\"article:modified_time\" content=\"2025-07-05T16:48:52+00:00\" \/>\n<meta property=\"og:image\" content=\"https:\/\/nerdrum.com\/wp-content\/uploads\/2015\/11\/REPIN_Ivan_TerribleIvan-1024x797.jpg\" \/>\n<meta name=\"twitter:card\" content=\"summary_large_image\" \/>\n<meta name=\"twitter:label1\" content=\"Ansl. lesetid\" \/>\n\t<meta name=\"twitter:data1\" content=\"4 minutter\" \/>\n<script type=\"application\/ld+json\" class=\"yoast-schema-graph\">{\"@context\":\"https:\/\/schema.org\",\"@graph\":[{\"@type\":\"WebPage\",\"@id\":\"https:\/\/nerdrum.com\/kitsch\/\",\"url\":\"https:\/\/nerdrum.com\/kitsch\/\",\"name\":\"Why Kitsch? - Odd Nerdrum Official Website\",\"isPartOf\":{\"@id\":\"https:\/\/nerdrum.com\/#website\"},\"primaryImageOfPage\":{\"@id\":\"https:\/\/nerdrum.com\/kitsch\/#primaryimage\"},\"image\":{\"@id\":\"https:\/\/nerdrum.com\/kitsch\/#primaryimage\"},\"thumbnailUrl\":\"https:\/\/nerdrum.com\/wp-content\/uploads\/2015\/11\/REPIN_Ivan_TerribleIvan-1024x797.jpg\",\"datePublished\":\"2015-11-05T10:19:55+00:00\",\"dateModified\":\"2025-07-05T16:48:52+00:00\",\"breadcrumb\":{\"@id\":\"https:\/\/nerdrum.com\/kitsch\/#breadcrumb\"},\"inLanguage\":\"nb-NO\",\"potentialAction\":[{\"@type\":\"ReadAction\",\"target\":[\"https:\/\/nerdrum.com\/kitsch\/\"]}]},{\"@type\":\"ImageObject\",\"inLanguage\":\"nb-NO\",\"@id\":\"https:\/\/nerdrum.com\/kitsch\/#primaryimage\",\"url\":\"https:\/\/nerdrum.com\/wp-content\/uploads\/2015\/11\/REPIN_Ivan_TerribleIvan-1024x797.jpg\",\"contentUrl\":\"https:\/\/nerdrum.com\/wp-content\/uploads\/2015\/11\/REPIN_Ivan_TerribleIvan-1024x797.jpg\"},{\"@type\":\"BreadcrumbList\",\"@id\":\"https:\/\/nerdrum.com\/kitsch\/#breadcrumb\",\"itemListElement\":[{\"@type\":\"ListItem\",\"position\":1,\"name\":\"Home\",\"item\":\"https:\/\/nerdrum.com\/\"},{\"@type\":\"ListItem\",\"position\":2,\"name\":\"Why Kitsch?\"}]},{\"@type\":\"WebSite\",\"@id\":\"https:\/\/nerdrum.com\/#website\",\"url\":\"https:\/\/nerdrum.com\/\",\"name\":\"Odd Nerdrum Official Website\",\"description\":\"\",\"potentialAction\":[{\"@type\":\"SearchAction\",\"target\":{\"@type\":\"EntryPoint\",\"urlTemplate\":\"https:\/\/nerdrum.com\/?s={search_term_string}\"},\"query-input\":{\"@type\":\"PropertyValueSpecification\",\"valueRequired\":true,\"valueName\":\"search_term_string\"}}],\"inLanguage\":\"nb-NO\"}]}<\/script>\n<!-- \/ Yoast SEO plugin. -->","yoast_head_json":{"title":"Why Kitsch? - Odd Nerdrum Official Website","robots":{"index":"index","follow":"follow","max-snippet":"max-snippet:-1","max-image-preview":"max-image-preview:large","max-video-preview":"max-video-preview:-1"},"canonical":"https:\/\/nerdrum.com\/nb\/kitsch\/","og_locale":"nb_NO","og_type":"article","og_title":"Why Kitsch? - Odd Nerdrum Official Website","og_description":"The Kitsch Movement is an international movement of classical figurative painters, which define kitsch on similar basis with Aristotle&#8217;s Techne. The movement was born in 1998, upon a new philosophical understanding of kitsch \u2014 announced by Odd Nerdrum at his retrospective show at the Astrup Fearnley Museum of Modern Art in Oslo. Nerdrum decleared ...","og_url":"https:\/\/nerdrum.com\/nb\/kitsch\/","og_site_name":"Odd Nerdrum Official Website","article_publisher":"https:\/\/facebook.com\/oddnerdrum","article_modified_time":"2025-07-05T16:48:52+00:00","og_image":[{"url":"https:\/\/nerdrum.com\/wp-content\/uploads\/2015\/11\/REPIN_Ivan_TerribleIvan-1024x797.jpg","type":"","width":"","height":""}],"twitter_card":"summary_large_image","twitter_misc":{"Ansl. lesetid":"4 minutter"},"schema":{"@context":"https:\/\/schema.org","@graph":[{"@type":"WebPage","@id":"https:\/\/nerdrum.com\/kitsch\/","url":"https:\/\/nerdrum.com\/kitsch\/","name":"Why Kitsch? - Odd Nerdrum Official Website","isPartOf":{"@id":"https:\/\/nerdrum.com\/#website"},"primaryImageOfPage":{"@id":"https:\/\/nerdrum.com\/kitsch\/#primaryimage"},"image":{"@id":"https:\/\/nerdrum.com\/kitsch\/#primaryimage"},"thumbnailUrl":"https:\/\/nerdrum.com\/wp-content\/uploads\/2015\/11\/REPIN_Ivan_TerribleIvan-1024x797.jpg","datePublished":"2015-11-05T10:19:55+00:00","dateModified":"2025-07-05T16:48:52+00:00","breadcrumb":{"@id":"https:\/\/nerdrum.com\/kitsch\/#breadcrumb"},"inLanguage":"nb-NO","potentialAction":[{"@type":"ReadAction","target":["https:\/\/nerdrum.com\/kitsch\/"]}]},{"@type":"ImageObject","inLanguage":"nb-NO","@id":"https:\/\/nerdrum.com\/kitsch\/#primaryimage","url":"https:\/\/nerdrum.com\/wp-content\/uploads\/2015\/11\/REPIN_Ivan_TerribleIvan-1024x797.jpg","contentUrl":"https:\/\/nerdrum.com\/wp-content\/uploads\/2015\/11\/REPIN_Ivan_TerribleIvan-1024x797.jpg"},{"@type":"BreadcrumbList","@id":"https:\/\/nerdrum.com\/kitsch\/#breadcrumb","itemListElement":[{"@type":"ListItem","position":1,"name":"Home","item":"https:\/\/nerdrum.com\/"},{"@type":"ListItem","position":2,"name":"Why Kitsch?"}]},{"@type":"WebSite","@id":"https:\/\/nerdrum.com\/#website","url":"https:\/\/nerdrum.com\/","name":"Odd Nerdrum Official Website","description":"","potentialAction":[{"@type":"SearchAction","target":{"@type":"EntryPoint","urlTemplate":"https:\/\/nerdrum.com\/?s={search_term_string}"},"query-input":{"@type":"PropertyValueSpecification","valueRequired":true,"valueName":"search_term_string"}}],"inLanguage":"nb-NO"}]}},"jetpack_sharing_enabled":true,"_links":{"self":[{"href":"https:\/\/nerdrum.com\/nb\/wp-json\/wp\/v2\/pages\/22","targetHints":{"allow":["GET"]}}],"collection":[{"href":"https:\/\/nerdrum.com\/nb\/wp-json\/wp\/v2\/pages"}],"about":[{"href":"https:\/\/nerdrum.com\/nb\/wp-json\/wp\/v2\/types\/page"}],"author":[{"embeddable":true,"href":"https:\/\/nerdrum.com\/nb\/wp-json\/wp\/v2\/users\/1"}],"replies":[{"embeddable":true,"href":"https:\/\/nerdrum.com\/nb\/wp-json\/wp\/v2\/comments?post=22"}],"version-history":[{"count":37,"href":"https:\/\/nerdrum.com\/nb\/wp-json\/wp\/v2\/pages\/22\/revisions"}],"predecessor-version":[{"id":6411,"href":"https:\/\/nerdrum.com\/nb\/wp-json\/wp\/v2\/pages\/22\/revisions\/6411"}],"wp:attachment":[{"href":"https:\/\/nerdrum.com\/nb\/wp-json\/wp\/v2\/media?parent=22"}],"curies":[{"name":"wp","href":"https:\/\/api.w.org\/{rel}","templated":true}]}}