{"id":3751,"date":"2023-09-07T15:22:24","date_gmt":"2023-09-07T14:22:24","guid":{"rendered":"https:\/\/nerdrum.com\/?page_id=3751"},"modified":"2024-04-03T21:16:28","modified_gmt":"2024-04-03T20:16:28","slug":"museum","status":"publish","type":"page","link":"https:\/\/nerdrum.com\/nb\/museum\/","title":{"rendered":"Nerdrum Museum"},"content":{"rendered":"<p>Du kan n\u00e5 bestille billetter ved <a href=\"https:\/\/nerdrummuseum.com\" target=\"_blank\" rel=\"noreferrer noopener\">nerdrummuseum.com<\/a>.<\/p>\n\n\n\n<p>F\u00e5 har skapt st\u00f8rre stormer i norsk kulturliv. Odd Nerdrum har ikke bare en imponerende produksjon bak seg, han har ogs\u00e5 v\u00e6rt den mest markante kraften for revitaliseringen av klassisk figurasjon i Norge og verden for\u00f8vrig.<\/p>\n\n\n\n<figure class=\"wp-block-image size-large\"><a href=\"https:\/\/i0.wp.com\/nerdrum.com\/wp-content\/uploads\/2023\/09\/D8E1404.jpg?ssl=1\"><img data-recalc-dims=\"1\" loading=\"lazy\" decoding=\"async\" width=\"582\" height=\"750\" src=\"https:\/\/i0.wp.com\/nerdrum.com\/wp-content\/uploads\/2023\/09\/D8E1404.jpg?resize=582%2C750&#038;ssl=1\" alt=\"\" class=\"wp-image-3755\" srcset=\"https:\/\/i0.wp.com\/nerdrum.com\/wp-content\/uploads\/2023\/09\/D8E1404.jpg?resize=582%2C750&amp;ssl=1 582w, https:\/\/i0.wp.com\/nerdrum.com\/wp-content\/uploads\/2023\/09\/D8E1404.jpg?resize=233%2C300&amp;ssl=1 233w, https:\/\/i0.wp.com\/nerdrum.com\/wp-content\/uploads\/2023\/09\/D8E1404.jpg?resize=768%2C989&amp;ssl=1 768w, https:\/\/i0.wp.com\/nerdrum.com\/wp-content\/uploads\/2023\/09\/D8E1404.jpg?resize=9%2C12&amp;ssl=1 9w, https:\/\/i0.wp.com\/nerdrum.com\/wp-content\/uploads\/2023\/09\/D8E1404.jpg?resize=300%2C386&amp;ssl=1 300w, https:\/\/i0.wp.com\/nerdrum.com\/wp-content\/uploads\/2023\/09\/D8E1404.jpg?resize=600%2C773&amp;ssl=1 600w, https:\/\/i0.wp.com\/nerdrum.com\/wp-content\/uploads\/2023\/09\/D8E1404.jpg?w=795&amp;ssl=1 795w\" sizes=\"auto, (max-width: 582px) 100vw, 582px\" \/><\/a><figcaption class=\"wp-element-caption\">Odd Nerdrum i sitt atelier i 1967. Foto: Robert Meyer<\/figcaption><\/figure>\n\n\n\n<p>Hans livsverk best\u00e5r i hovedsak av oljemalerier med utf\u00f8relse og st\u00f8rrelsesorden efter barokkens idealer. Flere av disse eies av store og viktige museumsinstitusjoner, som Metropolitan Museum of Art i New York, New Orleans Museum of Art og Contemporary Art of San Diego, samt v\u00e5rt eget Nasjonalmuseum i Oslo.<\/p>\n\n\n\n<figure class=\"wp-block-image size-large\"><a href=\"https:\/\/i0.wp.com\/nerdrum.com\/wp-content\/uploads\/2023\/09\/art-news-scaled.jpg?ssl=1\"><img data-recalc-dims=\"1\" loading=\"lazy\" decoding=\"async\" width=\"563\" height=\"750\" src=\"https:\/\/i0.wp.com\/nerdrum.com\/wp-content\/uploads\/2023\/09\/art-news.jpg?resize=563%2C750&#038;ssl=1\" alt=\"\" class=\"wp-image-3753\" srcset=\"https:\/\/i0.wp.com\/nerdrum.com\/wp-content\/uploads\/2023\/09\/art-news-scaled.jpg?resize=563%2C750&amp;ssl=1 563w, https:\/\/i0.wp.com\/nerdrum.com\/wp-content\/uploads\/2023\/09\/art-news-scaled.jpg?resize=225%2C300&amp;ssl=1 225w, https:\/\/i0.wp.com\/nerdrum.com\/wp-content\/uploads\/2023\/09\/art-news-scaled.jpg?resize=768%2C1024&amp;ssl=1 768w, https:\/\/i0.wp.com\/nerdrum.com\/wp-content\/uploads\/2023\/09\/art-news-scaled.jpg?resize=1152%2C1536&amp;ssl=1 1152w, https:\/\/i0.wp.com\/nerdrum.com\/wp-content\/uploads\/2023\/09\/art-news-scaled.jpg?resize=1536%2C2048&amp;ssl=1 1536w, https:\/\/i0.wp.com\/nerdrum.com\/wp-content\/uploads\/2023\/09\/art-news-scaled.jpg?resize=9%2C12&amp;ssl=1 9w, https:\/\/i0.wp.com\/nerdrum.com\/wp-content\/uploads\/2023\/09\/art-news-scaled.jpg?resize=300%2C400&amp;ssl=1 300w, https:\/\/i0.wp.com\/nerdrum.com\/wp-content\/uploads\/2023\/09\/art-news-scaled.jpg?resize=600%2C800&amp;ssl=1 600w, https:\/\/i0.wp.com\/nerdrum.com\/wp-content\/uploads\/2023\/09\/art-news-scaled.jpg?w=1920&amp;ssl=1 1920w\" sizes=\"auto, (max-width: 563px) 100vw, 563px\" \/><\/a><figcaption class=\"wp-element-caption\">Odd Nerdrum p\u00e5 forsiden av ARTnews i 1998.<\/figcaption><\/figure>\n\n\n\n<p>Nu skal den selverkl\u00e6rte kitsch-maleren endelig f\u00e5 eget museum, et fast visningssted for malerier og tegninger fra hele 60 \u00e5r med penselen som arbeidsgiver. Valg for lokasjon er malerens egen hjemby, Stavern.<\/p>\n\n\n\n<figure class=\"wp-block-image size-large\"><a href=\"https:\/\/i0.wp.com\/nerdrum.com\/wp-content\/uploads\/2023\/09\/IMG_3457.jpg?ssl=1\"><img data-recalc-dims=\"1\" loading=\"lazy\" decoding=\"async\" width=\"563\" height=\"750\" src=\"https:\/\/i0.wp.com\/nerdrum.com\/wp-content\/uploads\/2023\/09\/IMG_3457.jpg?resize=563%2C750&#038;ssl=1\" alt=\"\" class=\"wp-image-3759\" srcset=\"https:\/\/i0.wp.com\/nerdrum.com\/wp-content\/uploads\/2023\/09\/IMG_3457.jpg?resize=563%2C750&amp;ssl=1 563w, https:\/\/i0.wp.com\/nerdrum.com\/wp-content\/uploads\/2023\/09\/IMG_3457.jpg?resize=225%2C300&amp;ssl=1 225w, https:\/\/i0.wp.com\/nerdrum.com\/wp-content\/uploads\/2023\/09\/IMG_3457.jpg?resize=768%2C1024&amp;ssl=1 768w, https:\/\/i0.wp.com\/nerdrum.com\/wp-content\/uploads\/2023\/09\/IMG_3457.jpg?resize=1152%2C1536&amp;ssl=1 1152w, https:\/\/i0.wp.com\/nerdrum.com\/wp-content\/uploads\/2023\/09\/IMG_3457.jpg?resize=9%2C12&amp;ssl=1 9w, https:\/\/i0.wp.com\/nerdrum.com\/wp-content\/uploads\/2023\/09\/IMG_3457.jpg?resize=300%2C400&amp;ssl=1 300w, https:\/\/i0.wp.com\/nerdrum.com\/wp-content\/uploads\/2023\/09\/IMG_3457.jpg?resize=600%2C800&amp;ssl=1 600w, https:\/\/i0.wp.com\/nerdrum.com\/wp-content\/uploads\/2023\/09\/IMG_3457.jpg?w=1536&amp;ssl=1 1536w\" sizes=\"auto, (max-width: 563px) 100vw, 563px\" \/><\/a><figcaption class=\"wp-element-caption\">Pipehuset i hjertet av Sj\u00f8parken i Stavern, hvor det nye Nerdrummuseet bygges.<\/figcaption><\/figure>\n\n\n\n<h2 class=\"wp-block-heading\">Mus\u00e9et<\/h2>\n\n\n\n<p>Et stenkast nord for Stavern ligger historiske Agnes.  Industriomr\u00e5det opplever for tiden mye endring i forbindelse med utbygging av kanalbyen Sj\u00f8parken. Det naturlige sentrum i Agnes er allikevel Pipehuset, det gamle industribygget som en gang huset en fyrstikkfabrikk og livn\u00e6rte dusinvis av familier i omr\u00e5det.<\/p>\n\n\n\n<p>Pipehuset skal nu pusses opp og bygges om til museum. Med varsom tiln\u00e6rming skal historien bevares, samtidig som nytt liv skal inta teglstensbygget n\u00e5r malerier skal pryde veggene. <\/p>\n\n\n\n<figure class=\"wp-block-image size-large\"><a href=\"https:\/\/i0.wp.com\/nerdrum.com\/wp-content\/uploads\/2023\/09\/stavern-scaled.jpg?ssl=1\"><img data-recalc-dims=\"1\" loading=\"lazy\" decoding=\"async\" width=\"750\" height=\"500\" src=\"https:\/\/i0.wp.com\/nerdrum.com\/wp-content\/uploads\/2023\/09\/stavern.jpg?resize=750%2C500&#038;ssl=1\" alt=\"\" class=\"wp-image-3756\" srcset=\"https:\/\/i0.wp.com\/nerdrum.com\/wp-content\/uploads\/2023\/09\/stavern-scaled.jpg?resize=750%2C500&amp;ssl=1 750w, https:\/\/i0.wp.com\/nerdrum.com\/wp-content\/uploads\/2023\/09\/stavern-scaled.jpg?resize=300%2C200&amp;ssl=1 300w, https:\/\/i0.wp.com\/nerdrum.com\/wp-content\/uploads\/2023\/09\/stavern-scaled.jpg?resize=768%2C512&amp;ssl=1 768w, https:\/\/i0.wp.com\/nerdrum.com\/wp-content\/uploads\/2023\/09\/stavern-scaled.jpg?resize=1536%2C1024&amp;ssl=1 1536w, https:\/\/i0.wp.com\/nerdrum.com\/wp-content\/uploads\/2023\/09\/stavern-scaled.jpg?resize=2048%2C1365&amp;ssl=1 2048w, https:\/\/i0.wp.com\/nerdrum.com\/wp-content\/uploads\/2023\/09\/stavern-scaled.jpg?resize=18%2C12&amp;ssl=1 18w, https:\/\/i0.wp.com\/nerdrum.com\/wp-content\/uploads\/2023\/09\/stavern-scaled.jpg?resize=600%2C400&amp;ssl=1 600w\" sizes=\"auto, (max-width: 750px) 100vw, 750px\" \/><\/a><figcaption class=\"wp-element-caption\">Stavern er Nerdrums hjemsted og det er i denne byen museet skal befinne seg.<\/figcaption><\/figure>\n\n\n\n<h2 class=\"wp-block-heading\"><strong>Stavern<\/strong><\/h2>\n\n\n\n<p>Norges minste by representerer grensen mellom Oslofjorden og S\u00f8rlandet.  Med idylliske Fredriksvern kirke i sentrum, kan Stavern skilte med \u00e5 v\u00e6re en turistmagnet, og for \u00e5 ha v\u00e6rt hjemstedet til bautaskikkelser som Herman Wildenvey, Jonas Lie, \u00d8rnulf Bast og Odd Nerdrum.<\/p>","protected":false},"excerpt":{"rendered":"<p><\/p>\n<p>Du kan n\u00e5 bestille billetter ved <a href=\"https:\/\/nerdrummuseum.com\" target=\"_blank\" rel=\"noreferrer noopener\">nerdrummuseum.com<\/a>.<\/p>\n<p>F\u00e5 har skapt st\u00f8rre stormer i norsk kulturliv. Odd Nerdrum har ikke bare en imponerende produksjon bak seg, han har ogs\u00e5 v\u00e6rt den mest markante kraften for revitaliseringen av klassisk figurasjon i Norge ...<\/p>","protected":false},"author":1,"featured_media":3053,"parent":0,"menu_order":0,"comment_status":"closed","ping_status":"closed","template":"template-NoCover.php","meta":{"_FSMCFIC_featured_image_caption":"\u201cPipehuset\u201d at Agnes outside of Stavern. Photo: Sea Park Stavern","_FSMCFIC_featured_image_nocaption":"","_FSMCFIC_featured_image_hide":"","footnotes":""},"class_list":["post-3751","page","type-page","status-publish","has-post-thumbnail","hentry"],"yoast_head":"<!-- This site is optimized with the Yoast SEO plugin v25.3 - https:\/\/yoast.com\/wordpress\/plugins\/seo\/ -->\n<title>The Nerdrum Museum - Odd Nerdrum Official Website<\/title>\n<meta name=\"robots\" content=\"index, follow, max-snippet:-1, max-image-preview:large, max-video-preview:-1\" \/>\n<link rel=\"canonical\" href=\"https:\/\/nerdrum.com\/nb\/museum\/\" \/>\n<meta property=\"og:locale\" content=\"nb_NO\" \/>\n<meta property=\"og:type\" content=\"article\" \/>\n<meta property=\"og:title\" content=\"The Nerdrum Museum - Odd Nerdrum Official Website\" \/>\n<meta property=\"og:description\" content=\"You can now order tickets at nerdrummuseum.com.  Few have made a bigger impact on Norwegian cultural life than Odd Nerdrum. Not only does he have an impressive body of work behind him, but he has also been a beacon for the revitalization of classical figuration in Norway ...\" \/>\n<meta property=\"og:url\" content=\"https:\/\/nerdrum.com\/nb\/museum\/\" \/>\n<meta property=\"og:site_name\" content=\"Odd Nerdrum Official Website\" \/>\n<meta property=\"article:publisher\" content=\"https:\/\/facebook.com\/oddnerdrum\" \/>\n<meta property=\"article:modified_time\" content=\"2024-04-03T20:16:28+00:00\" \/>\n<meta property=\"og:image\" content=\"https:\/\/nerdrum.com\/wp-content\/uploads\/2023\/03\/IMG_3459.jpg\" \/>\n\t<meta property=\"og:image:width\" content=\"2048\" \/>\n\t<meta property=\"og:image:height\" content=\"1536\" \/>\n\t<meta property=\"og:image:type\" content=\"image\/jpeg\" \/>\n<meta name=\"twitter:card\" content=\"summary_large_image\" \/>\n<meta name=\"twitter:label1\" content=\"Ansl. lesetid\" \/>\n\t<meta name=\"twitter:data1\" content=\"3 minutter\" \/>\n<script type=\"application\/ld+json\" class=\"yoast-schema-graph\">{\"@context\":\"https:\/\/schema.org\",\"@graph\":[{\"@type\":\"WebPage\",\"@id\":\"https:\/\/nerdrum.com\/museum\/\",\"url\":\"https:\/\/nerdrum.com\/museum\/\",\"name\":\"The Nerdrum Museum - Odd Nerdrum Official Website\",\"isPartOf\":{\"@id\":\"https:\/\/nerdrum.com\/#website\"},\"primaryImageOfPage\":{\"@id\":\"https:\/\/nerdrum.com\/museum\/#primaryimage\"},\"image\":{\"@id\":\"https:\/\/nerdrum.com\/museum\/#primaryimage\"},\"thumbnailUrl\":\"https:\/\/i0.wp.com\/nerdrum.com\/wp-content\/uploads\/2023\/03\/IMG_3459.jpg?fit=2048%2C1536&ssl=1\",\"datePublished\":\"2023-09-07T14:22:24+00:00\",\"dateModified\":\"2024-04-03T20:16:28+00:00\",\"breadcrumb\":{\"@id\":\"https:\/\/nerdrum.com\/museum\/#breadcrumb\"},\"inLanguage\":\"nb-NO\",\"potentialAction\":[{\"@type\":\"ReadAction\",\"target\":[\"https:\/\/nerdrum.com\/museum\/\"]}]},{\"@type\":\"ImageObject\",\"inLanguage\":\"nb-NO\",\"@id\":\"https:\/\/nerdrum.com\/museum\/#primaryimage\",\"url\":\"https:\/\/i0.wp.com\/nerdrum.com\/wp-content\/uploads\/2023\/03\/IMG_3459.jpg?fit=2048%2C1536&ssl=1\",\"contentUrl\":\"https:\/\/i0.wp.com\/nerdrum.com\/wp-content\/uploads\/2023\/03\/IMG_3459.jpg?fit=2048%2C1536&ssl=1\",\"width\":2048,\"height\":1536},{\"@type\":\"BreadcrumbList\",\"@id\":\"https:\/\/nerdrum.com\/museum\/#breadcrumb\",\"itemListElement\":[{\"@type\":\"ListItem\",\"position\":1,\"name\":\"Home\",\"item\":\"https:\/\/nerdrum.com\/\"},{\"@type\":\"ListItem\",\"position\":2,\"name\":\"The Nerdrum Museum\"}]},{\"@type\":\"WebSite\",\"@id\":\"https:\/\/nerdrum.com\/#website\",\"url\":\"https:\/\/nerdrum.com\/\",\"name\":\"Odd Nerdrum Official Website\",\"description\":\"\",\"potentialAction\":[{\"@type\":\"SearchAction\",\"target\":{\"@type\":\"EntryPoint\",\"urlTemplate\":\"https:\/\/nerdrum.com\/?s={search_term_string}\"},\"query-input\":{\"@type\":\"PropertyValueSpecification\",\"valueRequired\":true,\"valueName\":\"search_term_string\"}}],\"inLanguage\":\"nb-NO\"}]}<\/script>\n<!-- \/ Yoast SEO plugin. -->","yoast_head_json":{"title":"The Nerdrum Museum - Odd Nerdrum Official Website","robots":{"index":"index","follow":"follow","max-snippet":"max-snippet:-1","max-image-preview":"max-image-preview:large","max-video-preview":"max-video-preview:-1"},"canonical":"https:\/\/nerdrum.com\/nb\/museum\/","og_locale":"nb_NO","og_type":"article","og_title":"The Nerdrum Museum - Odd Nerdrum Official Website","og_description":"You can now order tickets at nerdrummuseum.com.  Few have made a bigger impact on Norwegian cultural life than Odd Nerdrum. Not only does he have an impressive body of work behind him, but he has also been a beacon for the revitalization of classical figuration in Norway ...","og_url":"https:\/\/nerdrum.com\/nb\/museum\/","og_site_name":"Odd Nerdrum Official Website","article_publisher":"https:\/\/facebook.com\/oddnerdrum","article_modified_time":"2024-04-03T20:16:28+00:00","og_image":[{"width":2048,"height":1536,"url":"https:\/\/nerdrum.com\/wp-content\/uploads\/2023\/03\/IMG_3459.jpg","type":"image\/jpeg"}],"twitter_card":"summary_large_image","twitter_misc":{"Ansl. lesetid":"3 minutter"},"schema":{"@context":"https:\/\/schema.org","@graph":[{"@type":"WebPage","@id":"https:\/\/nerdrum.com\/museum\/","url":"https:\/\/nerdrum.com\/museum\/","name":"The Nerdrum Museum - Odd Nerdrum Official Website","isPartOf":{"@id":"https:\/\/nerdrum.com\/#website"},"primaryImageOfPage":{"@id":"https:\/\/nerdrum.com\/museum\/#primaryimage"},"image":{"@id":"https:\/\/nerdrum.com\/museum\/#primaryimage"},"thumbnailUrl":"https:\/\/i0.wp.com\/nerdrum.com\/wp-content\/uploads\/2023\/03\/IMG_3459.jpg?fit=2048%2C1536&ssl=1","datePublished":"2023-09-07T14:22:24+00:00","dateModified":"2024-04-03T20:16:28+00:00","breadcrumb":{"@id":"https:\/\/nerdrum.com\/museum\/#breadcrumb"},"inLanguage":"nb-NO","potentialAction":[{"@type":"ReadAction","target":["https:\/\/nerdrum.com\/museum\/"]}]},{"@type":"ImageObject","inLanguage":"nb-NO","@id":"https:\/\/nerdrum.com\/museum\/#primaryimage","url":"https:\/\/i0.wp.com\/nerdrum.com\/wp-content\/uploads\/2023\/03\/IMG_3459.jpg?fit=2048%2C1536&ssl=1","contentUrl":"https:\/\/i0.wp.com\/nerdrum.com\/wp-content\/uploads\/2023\/03\/IMG_3459.jpg?fit=2048%2C1536&ssl=1","width":2048,"height":1536},{"@type":"BreadcrumbList","@id":"https:\/\/nerdrum.com\/museum\/#breadcrumb","itemListElement":[{"@type":"ListItem","position":1,"name":"Home","item":"https:\/\/nerdrum.com\/"},{"@type":"ListItem","position":2,"name":"The Nerdrum Museum"}]},{"@type":"WebSite","@id":"https:\/\/nerdrum.com\/#website","url":"https:\/\/nerdrum.com\/","name":"Odd Nerdrum Official Website","description":"","potentialAction":[{"@type":"SearchAction","target":{"@type":"EntryPoint","urlTemplate":"https:\/\/nerdrum.com\/?s={search_term_string}"},"query-input":{"@type":"PropertyValueSpecification","valueRequired":true,"valueName":"search_term_string"}}],"inLanguage":"nb-NO"}]}},"jetpack_sharing_enabled":true,"_links":{"self":[{"href":"https:\/\/nerdrum.com\/nb\/wp-json\/wp\/v2\/pages\/3751","targetHints":{"allow":["GET"]}}],"collection":[{"href":"https:\/\/nerdrum.com\/nb\/wp-json\/wp\/v2\/pages"}],"about":[{"href":"https:\/\/nerdrum.com\/nb\/wp-json\/wp\/v2\/types\/page"}],"author":[{"embeddable":true,"href":"https:\/\/nerdrum.com\/nb\/wp-json\/wp\/v2\/users\/1"}],"replies":[{"embeddable":true,"href":"https:\/\/nerdrum.com\/nb\/wp-json\/wp\/v2\/comments?post=3751"}],"version-history":[{"count":12,"href":"https:\/\/nerdrum.com\/nb\/wp-json\/wp\/v2\/pages\/3751\/revisions"}],"predecessor-version":[{"id":4870,"href":"https:\/\/nerdrum.com\/nb\/wp-json\/wp\/v2\/pages\/3751\/revisions\/4870"}],"wp:featuredmedia":[{"embeddable":true,"href":"https:\/\/nerdrum.com\/nb\/wp-json\/wp\/v2\/media\/3053"}],"wp:attachment":[{"href":"https:\/\/nerdrum.com\/nb\/wp-json\/wp\/v2\/media?parent=3751"}],"curies":[{"name":"wp","href":"https:\/\/api.w.org\/{rel}","templated":true}]}}