{"id":412,"date":"2015-11-09T17:02:04","date_gmt":"2015-11-09T17:02:04","guid":{"rendered":"http:\/\/dev.nerdrummuseum.com\/?page_id=412"},"modified":"2024-11-03T20:36:26","modified_gmt":"2024-11-03T19:36:26","slug":"kontakt","status":"publish","type":"page","link":"https:\/\/nerdrum.com\/nb\/kontakt\/","title":{"rendered":"Kontakt Odd Nerdrum"},"content":{"rendered":"<figure class=\"wp-block-image size-large\"><a href=\"https:\/\/i0.wp.com\/nerdrum.com\/wp-content\/uploads\/2020\/01\/DSC_0287.jpg?ssl=1\"><img data-recalc-dims=\"1\" loading=\"lazy\" decoding=\"async\" width=\"750\" height=\"500\" src=\"https:\/\/i0.wp.com\/nerdrum.com\/wp-content\/uploads\/2020\/01\/DSC_0287.jpg?resize=750%2C500&#038;ssl=1\" alt=\"\" class=\"wp-image-760\" srcset=\"https:\/\/i0.wp.com\/nerdrum.com\/wp-content\/uploads\/2020\/01\/DSC_0287.jpg?resize=750%2C500&amp;ssl=1 750w, https:\/\/i0.wp.com\/nerdrum.com\/wp-content\/uploads\/2020\/01\/DSC_0287.jpg?resize=600%2C400&amp;ssl=1 600w, https:\/\/i0.wp.com\/nerdrum.com\/wp-content\/uploads\/2020\/01\/DSC_0287.jpg?resize=300%2C200&amp;ssl=1 300w, https:\/\/i0.wp.com\/nerdrum.com\/wp-content\/uploads\/2020\/01\/DSC_0287.jpg?resize=768%2C512&amp;ssl=1 768w, https:\/\/i0.wp.com\/nerdrum.com\/wp-content\/uploads\/2020\/01\/DSC_0287.jpg?w=2000&amp;ssl=1 2000w\" sizes=\"auto, (max-width: 750px) 100vw, 750px\" \/><\/a><\/figure>\n\n\n\n<p>Ved kj\u00f8psinteresse, vennligst send e-post til <a href=\"mailto:purchase@nerdrum.com\">purchase@nerdrum.com<\/a>.<\/p>\n\n\n\n<p>Er De interessert i \u00e5 bli elev av Odd Nerdrum, vennligst send e-post til <a href=\"mailto:apply@nerdrum.com\">apply@nerdrum.com<\/a>.<\/p>\n\n\n\n<p>For generelle foresp\u00f8rsler: <a href=\"mailto:info@nerdrum.com\">info@nerdrum.com<\/a>.<\/p>\n\n\n\n<div style=\"height:100px\" aria-hidden=\"true\" class=\"wp-block-spacer\"><\/div>\n\n\n\n<hr class=\"wp-block-separator has-alpha-channel-opacity\"\/>\n\n\n\n<h2 class=\"wp-block-heading\"><span class=\"dashicons dashicons-email-alt\" style=\"font-size:1.3em;margin-right:25px;\"><\/span>Motta nyheter og oppdateringer p\u00e5 e-post<\/h2>\n\n\n<div class=\"wp-block-jetpack-contact-form\"><a href=\"https:\/\/nerdrum.com\/nb\/kontakt\/\" target=\"_blank\" rel=\"noopener noreferrer\">Send inn et skjema.<\/a><\/div>\n\n\n<div style=\"height:100px\" aria-hidden=\"true\" class=\"wp-block-spacer\"><\/div>\n\n\n\n<hr class=\"wp-block-separator has-alpha-channel-opacity\"\/>\n\n\n\n<h3 class=\"wp-block-heading\"><big>Ofte stilte sp\u00f8rsm\u00e5l:<br><\/big><\/h3>\n\n\n\n<ul class=\"wp-block-list\">\n<li><i>Hvordan kan jeg bli elev av Odd Nerdrum?<\/i><br>Velg <em><a href=\"https:\/\/nerdrum.com\/nb\/bli-elev\/\">Bli elev<\/a><\/em> fra hovedmenyen.<\/li>\n\n\n\n<li><em>Hvor kan jeg se malerier av Odd Nerdrum i Norge?<\/em><br><br>Informasjon om aktuelle utstillinger er tilgjengelig p\u00e5 v\u00e5r <a href=\"https:\/\/nerdrum.com\/nb\/\">nyhetsside<\/a>. <br>Offentlige samlinger i Norge som eier malerier av Nerdrum inkluderer:<br><br><a href=\"https:\/\/nerdrummuseum.com\" target=\"_blank\" rel=\"noreferrer noopener\">Nerdrum Museum<\/a>, Stavern<br>Den st\u00f8rste og viktigste samlingen av Odd Nerdrums malerier og tegninger.<br><br><a href=\"https:\/\/www.afmuseet.no\/en\/\" target=\"_blank\" rel=\"noreferrer noopener\">Astrup Fearnley-museet<\/a>, Oslo<br>(Kvinne dreper skadet mann, Morder p\u00e5 Andreas Baader, Selvportrett med gylden kappe, Mann imiterer sky)<br><br><a href=\"https:\/\/www.nasjonalmuseet.no\/en\/\" target=\"_blank\" rel=\"noreferrer noopener\">Nasjonalmuseet<\/a>, Oslo<br>(Selvportrett i aftensol, Klodvig, Celle)<br><br><a href=\"https:\/\/kodebergen.no\/en\" target=\"_blank\" rel=\"noreferrer noopener\">KODE mus\u00e9er<\/a>, Bergen<br>(Mann med hestehode)<br><br>Vennligst kontakt de respektive mus\u00e9ene om hvorvidt Nerdrums malerier vises frem for \u00f8yeblikket.<br>For \u00e5 lokalisere Nerdrums arbeider i andre land, vennligst ta en kikk p\u00e5 <a href=\"https:\/\/nerdrum.com\/nb\/samlinger\/\">v\u00e5r liste over offentlige samlinger<\/a>.<\/li>\n<\/ul>\n\n\n\n<ul class=\"wp-block-list\">\n<li><i>Hva er <a href=\"http:\/\/oddnerdrum.com\" target=\"_blank\" rel=\"noopener noreferrer\">oddnerdrum.com<\/a>?<\/i><br>Dette er en uavhengig nettside. Per i dag er <a href=\"https:\/\/nerdrum.com\/nb\/\">Nerdrum.com<\/a> den offisielle nettsiden til Odd Nerdrum.<\/li>\n\n\n\n<li><i>Hvor kan jeg f\u00e5 tak i trykk og plakater?<\/i><br>For litografier eller glasstrykk, g\u00e5 til v\u00e5r <a href=\"https:\/\/nerdrum.com\/nb\/nettbutikk\/\">nettbutikk<\/a>.<br>For plakater av Nerdrums malerier, vennligst <a href=\"http:\/\/fineartamerica.com\/profiles\/bork-spildonerdrum.html?tab=artwork\" target=\"_blank\" rel=\"noopener noreferrer\">klikk her<\/a>.<\/li>\n\n\n\n<li><i>Hvor kan jeg se flere av Nerdrums malerier?<\/i><br>Vennligst ta en kikk p\u00e5 <a href=\"https:\/\/itunes.apple.com\/us\/app\/nerdrum-museum\/id581881682?mt=8\" target=\"_blank\" rel=\"noopener noreferrer\">Odd Nerdrum-appen<\/a> og boken <a href=\"https:\/\/nerdrum.com\/nb\/produkt\/kriminalitet-og-tilflukt-2013\/\">Crime and Refuge (2013)<\/a>. For \u00e5 se maleriene i egen person, velg <a href=\"https:\/\/nerdrum.com\/nb\/samlinger\/\">Samlinger<\/a> fra hovedmenyen.<br>Interessert i \u00e5 kj\u00f8pe et maleri? Velg <a href=\"https:\/\/nerdrum.com\/nb\/tilgjengelige-verk\/\">Tilgjengelige verk<\/a> fra menyen.<\/li>\n\n\n\n<li><i>Hvor kan man lese mer om Kitsch?<\/i><br>Velg \"Mer\" og derefter <a href=\"http:\/\/nerdrummuseum.com\/information\/kitsch\/\">Hva er Kitsch?<\/a> fra rullegardinsmenyen eller g\u00e5 til <a href=\"http:\/\/worldwidekitsch.com\" target=\"_blank\" rel=\"noopener noreferrer\">World Wide Kitsch<\/a>s nettside<\/li>\n\n\n\n<li><i>P\u00e5 utkikk efter dikt, aforismer eller litter\u00e6re verk av Odd Nerdrum?<\/i><br>Velg \"Utvalgte verk\" fra menyen og derefter \"Publikasjoner\" fra rullegardinsmenyen. <a href=\"https:\/\/nerdrum.com\/nb\/produkt\/hvordan-vi-lurer-hverandre\/\">Hvordan vi lurer hverandre (2007)<\/a> og <a href=\"https:\/\/nerdrum.com\/nb\/produkt\/immanuel-kants-siste-dager\/\">Immanuel Kants siste dager (2003)<\/a> er begge tilgjengelige i nettbutikken.<\/li>\n<\/ul>","protected":false},"excerpt":{"rendered":"<p><\/p>\n<figure class=\"wp-block-image size-large\"><a href=\"https:\/\/i0.wp.com\/nerdrum.com\/wp-content\/uploads\/2020\/01\/DSC_0287.jpg?ssl=1\"><img data-recalc-dims=\"1\" loading=\"lazy\" decoding=\"async\" width=\"750\" height=\"500\" src=\"https:\/\/i0.wp.com\/nerdrum.com\/wp-content\/uploads\/2020\/01\/DSC_0287.jpg?resize=750%2C500&#038;ssl=1\" alt=\"\" class=\"wp-image-760\" srcset=\"https:\/\/i0.wp.com\/nerdrum.com\/wp-content\/uploads\/2020\/01\/DSC_0287.jpg?resize=750%2C500&amp;ssl=1 750w, https:\/\/i0.wp.com\/nerdrum.com\/wp-content\/uploads\/2020\/01\/DSC_0287.jpg?resize=600%2C400&amp;ssl=1 600w, https:\/\/i0.wp.com\/nerdrum.com\/wp-content\/uploads\/2020\/01\/DSC_0287.jpg?resize=300%2C200&amp;ssl=1 300w, https:\/\/i0.wp.com\/nerdrum.com\/wp-content\/uploads\/2020\/01\/DSC_0287.jpg?resize=768%2C512&amp;ssl=1 768w, https:\/\/i0.wp.com\/nerdrum.com\/wp-content\/uploads\/2020\/01\/DSC_0287.jpg?w=2000&amp;ssl=1 2000w\" sizes=\"auto, (max-width: 750px) 100vw, 750px\" \/><\/a><\/figure>\n<p>Ved kj\u00f8psinteresse, vennligst send e-post til <a href=\"mailto:purchase@nerdrum.com\">purchase@nerdrum.com<\/a>.<\/p>\n<p>Hvis du vil bli elev av Odd Nerdrum, vennligst \u2026<\/p>","protected":false},"author":1,"featured_media":0,"parent":0,"menu_order":0,"comment_status":"closed","ping_status":"closed","template":"","meta":{"_FSMCFIC_featured_image_caption":"","_FSMCFIC_featured_image_nocaption":"","_FSMCFIC_featured_image_hide":"","footnotes":""},"class_list":["post-412","page","type-page","status-publish","hentry"],"yoast_head":"<!-- This site is optimized with the Yoast SEO plugin v25.3 - https:\/\/yoast.com\/wordpress\/plugins\/seo\/ -->\n<title>Contact Odd Nerdrum - Odd Nerdrum Official Website<\/title>\n<meta name=\"robots\" content=\"index, follow, max-snippet:-1, max-image-preview:large, max-video-preview:-1\" \/>\n<link rel=\"canonical\" href=\"https:\/\/nerdrum.com\/nb\/kontakt\/\" \/>\n<meta property=\"og:locale\" content=\"nb_NO\" \/>\n<meta property=\"og:type\" content=\"article\" \/>\n<meta property=\"og:title\" content=\"Contact Odd Nerdrum - Odd Nerdrum Official Website\" \/>\n<meta property=\"og:description\" content=\"For purchase inquiries, please email us at purchase@nerdrum.com.  If you want to become a student of Odd Nerdrum, please ...\" \/>\n<meta property=\"og:url\" content=\"https:\/\/nerdrum.com\/nb\/kontakt\/\" \/>\n<meta property=\"og:site_name\" content=\"Odd Nerdrum Official Website\" \/>\n<meta property=\"article:publisher\" content=\"https:\/\/facebook.com\/oddnerdrum\" \/>\n<meta property=\"article:modified_time\" content=\"2024-11-03T19:36:26+00:00\" \/>\n<meta property=\"og:image\" content=\"https:\/\/nerdrum.com\/wp-content\/uploads\/2020\/01\/DSC_0287-750x500.jpg\" \/>\n<meta name=\"twitter:card\" content=\"summary_large_image\" \/>\n<meta name=\"twitter:label1\" content=\"Ansl. lesetid\" \/>\n\t<meta name=\"twitter:data1\" content=\"2 minutter\" \/>\n<script type=\"application\/ld+json\" class=\"yoast-schema-graph\">{\"@context\":\"https:\/\/schema.org\",\"@graph\":[{\"@type\":\"WebPage\",\"@id\":\"https:\/\/nerdrum.com\/contact\/\",\"url\":\"https:\/\/nerdrum.com\/contact\/\",\"name\":\"Contact Odd Nerdrum - Odd Nerdrum Official Website\",\"isPartOf\":{\"@id\":\"https:\/\/nerdrum.com\/#website\"},\"primaryImageOfPage\":{\"@id\":\"https:\/\/nerdrum.com\/contact\/#primaryimage\"},\"image\":{\"@id\":\"https:\/\/nerdrum.com\/contact\/#primaryimage\"},\"thumbnailUrl\":\"https:\/\/nerdrum.com\/wp-content\/uploads\/2020\/01\/DSC_0287-750x500.jpg\",\"datePublished\":\"2015-11-09T17:02:04+00:00\",\"dateModified\":\"2024-11-03T19:36:26+00:00\",\"breadcrumb\":{\"@id\":\"https:\/\/nerdrum.com\/contact\/#breadcrumb\"},\"inLanguage\":\"nb-NO\",\"potentialAction\":[{\"@type\":\"ReadAction\",\"target\":[\"https:\/\/nerdrum.com\/contact\/\"]}]},{\"@type\":\"ImageObject\",\"inLanguage\":\"nb-NO\",\"@id\":\"https:\/\/nerdrum.com\/contact\/#primaryimage\",\"url\":\"https:\/\/nerdrum.com\/wp-content\/uploads\/2020\/01\/DSC_0287-750x500.jpg\",\"contentUrl\":\"https:\/\/nerdrum.com\/wp-content\/uploads\/2020\/01\/DSC_0287-750x500.jpg\"},{\"@type\":\"BreadcrumbList\",\"@id\":\"https:\/\/nerdrum.com\/contact\/#breadcrumb\",\"itemListElement\":[{\"@type\":\"ListItem\",\"position\":1,\"name\":\"Home\",\"item\":\"https:\/\/nerdrum.com\/\"},{\"@type\":\"ListItem\",\"position\":2,\"name\":\"Contact Odd Nerdrum\"}]},{\"@type\":\"WebSite\",\"@id\":\"https:\/\/nerdrum.com\/#website\",\"url\":\"https:\/\/nerdrum.com\/\",\"name\":\"Odd Nerdrum Official Website\",\"description\":\"\",\"potentialAction\":[{\"@type\":\"SearchAction\",\"target\":{\"@type\":\"EntryPoint\",\"urlTemplate\":\"https:\/\/nerdrum.com\/?s={search_term_string}\"},\"query-input\":{\"@type\":\"PropertyValueSpecification\",\"valueRequired\":true,\"valueName\":\"search_term_string\"}}],\"inLanguage\":\"nb-NO\"}]}<\/script>\n<!-- \/ Yoast SEO plugin. -->","yoast_head_json":{"title":"Contact Odd Nerdrum - Odd Nerdrum Official Website","robots":{"index":"index","follow":"follow","max-snippet":"max-snippet:-1","max-image-preview":"max-image-preview:large","max-video-preview":"max-video-preview:-1"},"canonical":"https:\/\/nerdrum.com\/nb\/kontakt\/","og_locale":"nb_NO","og_type":"article","og_title":"Contact Odd Nerdrum - Odd Nerdrum Official Website","og_description":"For purchase inquiries, please email us at purchase@nerdrum.com.  If you want to become a student of Odd Nerdrum, please ...","og_url":"https:\/\/nerdrum.com\/nb\/kontakt\/","og_site_name":"Odd Nerdrum Official Website","article_publisher":"https:\/\/facebook.com\/oddnerdrum","article_modified_time":"2024-11-03T19:36:26+00:00","og_image":[{"url":"https:\/\/nerdrum.com\/wp-content\/uploads\/2020\/01\/DSC_0287-750x500.jpg","type":"","width":"","height":""}],"twitter_card":"summary_large_image","twitter_misc":{"Ansl. lesetid":"2 minutter"},"schema":{"@context":"https:\/\/schema.org","@graph":[{"@type":"WebPage","@id":"https:\/\/nerdrum.com\/contact\/","url":"https:\/\/nerdrum.com\/contact\/","name":"Contact Odd Nerdrum - Odd Nerdrum Official Website","isPartOf":{"@id":"https:\/\/nerdrum.com\/#website"},"primaryImageOfPage":{"@id":"https:\/\/nerdrum.com\/contact\/#primaryimage"},"image":{"@id":"https:\/\/nerdrum.com\/contact\/#primaryimage"},"thumbnailUrl":"https:\/\/nerdrum.com\/wp-content\/uploads\/2020\/01\/DSC_0287-750x500.jpg","datePublished":"2015-11-09T17:02:04+00:00","dateModified":"2024-11-03T19:36:26+00:00","breadcrumb":{"@id":"https:\/\/nerdrum.com\/contact\/#breadcrumb"},"inLanguage":"nb-NO","potentialAction":[{"@type":"ReadAction","target":["https:\/\/nerdrum.com\/contact\/"]}]},{"@type":"ImageObject","inLanguage":"nb-NO","@id":"https:\/\/nerdrum.com\/contact\/#primaryimage","url":"https:\/\/nerdrum.com\/wp-content\/uploads\/2020\/01\/DSC_0287-750x500.jpg","contentUrl":"https:\/\/nerdrum.com\/wp-content\/uploads\/2020\/01\/DSC_0287-750x500.jpg"},{"@type":"BreadcrumbList","@id":"https:\/\/nerdrum.com\/contact\/#breadcrumb","itemListElement":[{"@type":"ListItem","position":1,"name":"Home","item":"https:\/\/nerdrum.com\/"},{"@type":"ListItem","position":2,"name":"Contact Odd Nerdrum"}]},{"@type":"WebSite","@id":"https:\/\/nerdrum.com\/#website","url":"https:\/\/nerdrum.com\/","name":"Odd Nerdrum Official Website","description":"","potentialAction":[{"@type":"SearchAction","target":{"@type":"EntryPoint","urlTemplate":"https:\/\/nerdrum.com\/?s={search_term_string}"},"query-input":{"@type":"PropertyValueSpecification","valueRequired":true,"valueName":"search_term_string"}}],"inLanguage":"nb-NO"}]}},"jetpack_sharing_enabled":true,"_links":{"self":[{"href":"https:\/\/nerdrum.com\/nb\/wp-json\/wp\/v2\/pages\/412","targetHints":{"allow":["GET"]}}],"collection":[{"href":"https:\/\/nerdrum.com\/nb\/wp-json\/wp\/v2\/pages"}],"about":[{"href":"https:\/\/nerdrum.com\/nb\/wp-json\/wp\/v2\/types\/page"}],"author":[{"embeddable":true,"href":"https:\/\/nerdrum.com\/nb\/wp-json\/wp\/v2\/users\/1"}],"replies":[{"embeddable":true,"href":"https:\/\/nerdrum.com\/nb\/wp-json\/wp\/v2\/comments?post=412"}],"version-history":[{"count":39,"href":"https:\/\/nerdrum.com\/nb\/wp-json\/wp\/v2\/pages\/412\/revisions"}],"predecessor-version":[{"id":5594,"href":"https:\/\/nerdrum.com\/nb\/wp-json\/wp\/v2\/pages\/412\/revisions\/5594"}],"wp:attachment":[{"href":"https:\/\/nerdrum.com\/nb\/wp-json\/wp\/v2\/media?parent=412"}],"curies":[{"name":"wp","href":"https:\/\/api.w.org\/{rel}","templated":true}]}}