{"id":1245,"date":"2021-01-05T18:19:40","date_gmt":"2021-01-05T17:19:40","guid":{"rendered":"https:\/\/nerdrum.com\/?post_type=product&#038;p=1245"},"modified":"2024-10-14T18:37:01","modified_gmt":"2024-10-14T17:37:01","slug":"immanuel-kants-siste-dager-2020","status":"publish","type":"product","link":"https:\/\/nerdrum.com\/nb\/produkt\/immanuel-kants-siste-dager-2020\/","title":{"rendered":"Immanuel Kants siste dager (2020)"},"content":{"rendered":"<div class=\"videoWrapper\"><iframe loading=\"lazy\" src=\"https:\/\/www.youtube.com\/embed\/1W_5J_NaZc8\" width=\"1280\" height=\"720\" frameborder=\"0\" allowfullscreen=\"allowfullscreen\"><\/iframe><\/div>\n<p>Som en Ebenezer Scrooge, blir den nasjonalromantiske moralfilosofen, Immanuel Kant konfrontert med fortidens synder, n\u00e5r Vermeerforfalskeren, Han Van Meegeren dukker opp i hans v\u00e6relse midt p\u00e5 natten i form av et sp\u00f8kelse.<\/p>\n<p>Kant befinner seg plutselig i en uung\u00e5elig situasjon hvor han blir n\u00f8dt til \u00e5 ta stilling til sin estetiske doktrine og til sine forbudte, homoerotiske lengsler, som taler imot hans samtid, filosofi og kristne livssyn. \nEn indre konflikt melllom det borgelige, kristne livssyn og de mer prim\u00e6re, mennesklige impulser er et stort emne som f\u00f8lger hele stykket fra start til slutt.<\/p>\n<p>\"Immanuel Kants siste dager\" utfordrer det konvensjonelle, akademiske synet p\u00e5 den tyske tenkeren, hvis filosofiske arv der hersker uenighet om: var han fornuftens forkjemper eller den alt\u00f8deleggende mystikeren?<\/p>\n<p>I rollene:<br \/>\nImmanuel Kant \u2014 Per Christian Ellefsen<br \/>\nHan van Meegeren \u2014 \u00d6de Spildo Nerdrum<br \/>\nLampe \u2014 Fredrik Hermansen<br \/>\nAdolf Lenke - Jonathan Chedeville<br \/>\nTjenestepiken \u2014 Aftur Spildo Nerdrum<br \/>\nRektor Knott \u2014 Elias Pe\u00f1a Corral<\/p>\n<p>Regissert av Aftur Spildo Nerdrum og Adara Ryum<\/p>\n<p>Produsert av <a href=\"http:\/\/tbsgallery.no\" target=\"_blank\" rel=\"noopener\">TBS Galleri<\/a> og <a href=\"http:\/\/sivilisasjonen.no\" target=\"_blank\" rel=\"noopener\">Sivilisasjonen.no<\/a><\/p>\n<p>Filmet av Bork Spildo Nerdrum<\/p>","protected":false},"excerpt":{"rendered":"<p>Immanuel Kants siste dager av Odd Nerdrum, fremf\u00f8rt ved TBS Gallery i Oslo, 2. september 2020.<\/p>\n<p class=\"meta-info\"><span class=\"meta-info__label\"><strong>Spilletid<\/strong>: <\/span><span class=\"meta-info__content\">1 time 23 minutter<br \/>\n<\/span><span class=\"meta-info__label\"><strong>Spr\u00e5k<\/strong>: <\/span><span class=\"meta-info__content\">Norsk<br \/>\n<\/span><span class=\"meta-info__label\"><strong>Teksting<\/strong>: <\/span><span class=\"meta-info__content\">Engelsk<\/span><\/p>\n<p><strong>NB!<\/strong> Denne DVD-en er ikke tilgjengelig, men det er mulig \u00e5 <a href=\"https:\/\/vimeo.com\/ondemand\/immanuelkantssistedager\" target=\"_blank\" rel=\"noopener noreferrer\">se filmen p\u00e5 Vimeo<\/a>.<br \/>\n<a href=\"https:\/\/vimeo.com\/ondemand\/immanuelkantssistedager\" target=\"_blank\" rel=\"noopener noreferrer\"><\/p>\n<div id=\"addTenRow\" class=\"red-btn\" style=\"clear: both; text-align: center; width: 140px; margin: 15px 0 25px 0; line-height: 39px;\"><span class=\"swash\"><span style=\"vertical-align:sub;margin-right:5px;font-size:1.2em;\" class=\"dashicons dashicons-controls-play\"><\/span>Se filmen n\u00e5<\/span><\/div>\n<p><\/a><\/p>","protected":false},"featured_media":1235,"template":"","meta":{"_FSMCFIC_featured_image_caption":"","_FSMCFIC_featured_image_nocaption":"","_FSMCFIC_featured_image_hide":""},"product_brand":[],"product_cat":[21],"product_tag":[],"class_list":{"0":"post-1245","1":"product","2":"type-product","3":"status-publish","4":"has-post-thumbnail","6":"product_cat-movies","8":"first","9":"instock","10":"sold-individually","11":"taxable","12":"shipping-taxable","13":"purchasable","14":"product-type-simple"},"yoast_head":"<!-- This site is optimized with the Yoast SEO plugin v25.3 - https:\/\/yoast.com\/wordpress\/plugins\/seo\/ -->\n<title>The Last Days of Immanuel Kant (2020) -<\/title>\n<meta name=\"robots\" content=\"index, follow, max-snippet:-1, max-image-preview:large, max-video-preview:-1\" \/>\n<link rel=\"canonical\" href=\"https:\/\/nerdrum.com\/nb\/produkt\/immanuel-kants-siste-dager-2020\/\" \/>\n<meta property=\"og:locale\" content=\"nb_NO\" \/>\n<meta property=\"og:type\" content=\"article\" \/>\n<meta property=\"og:title\" content=\"The Last Days of Immanuel Kant (2020) -\" \/>\n<meta property=\"og:description\" content=\"The last days of Immanuel Kant by Odd Nerdrum, performed at TBS Gallery in Oslo, 2. september 2020. Duration: 1 hour 23 minutes Language: Norwegian Subtitles: English NOTE: The DVD is not available, but you can watch the film on Vimeo. Watch now\" \/>\n<meta property=\"og:url\" content=\"https:\/\/nerdrum.com\/nb\/produkt\/immanuel-kants-siste-dager-2020\/\" \/>\n<meta property=\"og:site_name\" content=\"Odd Nerdrum Official Website\" \/>\n<meta property=\"article:publisher\" content=\"https:\/\/facebook.com\/oddnerdrum\" \/>\n<meta property=\"article:modified_time\" content=\"2024-10-14T17:37:01+00:00\" \/>\n<meta property=\"og:image\" content=\"https:\/\/nerdrum.com\/wp-content\/uploads\/2020\/12\/Immanuel-Kants-siste-dager-av-Odd-Nerdrum.jpg\" \/>\n\t<meta property=\"og:image:width\" content=\"1080\" \/>\n\t<meta property=\"og:image:height\" content=\"1600\" \/>\n\t<meta property=\"og:image:type\" content=\"image\/jpeg\" \/>\n<meta name=\"twitter:card\" content=\"summary_large_image\" \/>\n<meta name=\"twitter:label1\" content=\"Ansl. lesetid\" \/>\n\t<meta name=\"twitter:data1\" content=\"1 minutt\" \/>\n<script type=\"application\/ld+json\" class=\"yoast-schema-graph\">{\"@context\":\"https:\/\/schema.org\",\"@graph\":[{\"@type\":\"WebPage\",\"@id\":\"https:\/\/nerdrum.com\/product\/the-last-days-of-immanuel-kant-2020\/\",\"url\":\"https:\/\/nerdrum.com\/product\/the-last-days-of-immanuel-kant-2020\/\",\"name\":\"The Last Days of Immanuel Kant (2020) -\",\"isPartOf\":{\"@id\":\"https:\/\/nerdrum.com\/#website\"},\"primaryImageOfPage\":{\"@id\":\"https:\/\/nerdrum.com\/product\/the-last-days-of-immanuel-kant-2020\/#primaryimage\"},\"image\":{\"@id\":\"https:\/\/nerdrum.com\/product\/the-last-days-of-immanuel-kant-2020\/#primaryimage\"},\"thumbnailUrl\":\"https:\/\/i0.wp.com\/nerdrum.com\/wp-content\/uploads\/2020\/12\/Immanuel-Kants-siste-dager-av-Odd-Nerdrum.jpg?fit=1080%2C1600&ssl=1\",\"datePublished\":\"2021-01-05T17:19:40+00:00\",\"dateModified\":\"2024-10-14T17:37:01+00:00\",\"breadcrumb\":{\"@id\":\"https:\/\/nerdrum.com\/product\/the-last-days-of-immanuel-kant-2020\/#breadcrumb\"},\"inLanguage\":\"nb-NO\",\"potentialAction\":[{\"@type\":\"ReadAction\",\"target\":[\"https:\/\/nerdrum.com\/product\/the-last-days-of-immanuel-kant-2020\/\"]}]},{\"@type\":\"ImageObject\",\"inLanguage\":\"nb-NO\",\"@id\":\"https:\/\/nerdrum.com\/product\/the-last-days-of-immanuel-kant-2020\/#primaryimage\",\"url\":\"https:\/\/i0.wp.com\/nerdrum.com\/wp-content\/uploads\/2020\/12\/Immanuel-Kants-siste-dager-av-Odd-Nerdrum.jpg?fit=1080%2C1600&ssl=1\",\"contentUrl\":\"https:\/\/i0.wp.com\/nerdrum.com\/wp-content\/uploads\/2020\/12\/Immanuel-Kants-siste-dager-av-Odd-Nerdrum.jpg?fit=1080%2C1600&ssl=1\",\"width\":1080,\"height\":1600},{\"@type\":\"BreadcrumbList\",\"@id\":\"https:\/\/nerdrum.com\/product\/the-last-days-of-immanuel-kant-2020\/#breadcrumb\",\"itemListElement\":[{\"@type\":\"ListItem\",\"position\":1,\"name\":\"Home\",\"item\":\"https:\/\/nerdrum.com\/\"},{\"@type\":\"ListItem\",\"position\":2,\"name\":\"Shop\",\"item\":\"https:\/\/nerdrum.com\/nb\/nettbutikk\/\"},{\"@type\":\"ListItem\",\"position\":3,\"name\":\"The Last Days of Immanuel Kant (2020)\"}]},{\"@type\":\"WebSite\",\"@id\":\"https:\/\/nerdrum.com\/#website\",\"url\":\"https:\/\/nerdrum.com\/\",\"name\":\"Odd Nerdrum Official Website\",\"description\":\"\",\"potentialAction\":[{\"@type\":\"SearchAction\",\"target\":{\"@type\":\"EntryPoint\",\"urlTemplate\":\"https:\/\/nerdrum.com\/?s={search_term_string}\"},\"query-input\":{\"@type\":\"PropertyValueSpecification\",\"valueRequired\":true,\"valueName\":\"search_term_string\"}}],\"inLanguage\":\"nb-NO\"}]}<\/script>\n<!-- \/ Yoast SEO plugin. -->","yoast_head_json":{"title":"The Last Days of Immanuel Kant (2020) -","robots":{"index":"index","follow":"follow","max-snippet":"max-snippet:-1","max-image-preview":"max-image-preview:large","max-video-preview":"max-video-preview:-1"},"canonical":"https:\/\/nerdrum.com\/nb\/produkt\/immanuel-kants-siste-dager-2020\/","og_locale":"nb_NO","og_type":"article","og_title":"The Last Days of Immanuel Kant (2020) -","og_description":"The last days of Immanuel Kant by Odd Nerdrum, performed at TBS Gallery in Oslo, 2. september 2020. Duration: 1 hour 23 minutes Language: Norwegian Subtitles: English NOTE: The DVD is not available, but you can watch the film on Vimeo. Watch now","og_url":"https:\/\/nerdrum.com\/nb\/produkt\/immanuel-kants-siste-dager-2020\/","og_site_name":"Odd Nerdrum Official Website","article_publisher":"https:\/\/facebook.com\/oddnerdrum","article_modified_time":"2024-10-14T17:37:01+00:00","og_image":[{"width":1080,"height":1600,"url":"https:\/\/nerdrum.com\/wp-content\/uploads\/2020\/12\/Immanuel-Kants-siste-dager-av-Odd-Nerdrum.jpg","type":"image\/jpeg"}],"twitter_card":"summary_large_image","twitter_misc":{"Ansl. lesetid":"1 minutt"},"schema":{"@context":"https:\/\/schema.org","@graph":[{"@type":"WebPage","@id":"https:\/\/nerdrum.com\/product\/the-last-days-of-immanuel-kant-2020\/","url":"https:\/\/nerdrum.com\/product\/the-last-days-of-immanuel-kant-2020\/","name":"The Last Days of Immanuel Kant (2020) -","isPartOf":{"@id":"https:\/\/nerdrum.com\/#website"},"primaryImageOfPage":{"@id":"https:\/\/nerdrum.com\/product\/the-last-days-of-immanuel-kant-2020\/#primaryimage"},"image":{"@id":"https:\/\/nerdrum.com\/product\/the-last-days-of-immanuel-kant-2020\/#primaryimage"},"thumbnailUrl":"https:\/\/i0.wp.com\/nerdrum.com\/wp-content\/uploads\/2020\/12\/Immanuel-Kants-siste-dager-av-Odd-Nerdrum.jpg?fit=1080%2C1600&ssl=1","datePublished":"2021-01-05T17:19:40+00:00","dateModified":"2024-10-14T17:37:01+00:00","breadcrumb":{"@id":"https:\/\/nerdrum.com\/product\/the-last-days-of-immanuel-kant-2020\/#breadcrumb"},"inLanguage":"nb-NO","potentialAction":[{"@type":"ReadAction","target":["https:\/\/nerdrum.com\/product\/the-last-days-of-immanuel-kant-2020\/"]}]},{"@type":"ImageObject","inLanguage":"nb-NO","@id":"https:\/\/nerdrum.com\/product\/the-last-days-of-immanuel-kant-2020\/#primaryimage","url":"https:\/\/i0.wp.com\/nerdrum.com\/wp-content\/uploads\/2020\/12\/Immanuel-Kants-siste-dager-av-Odd-Nerdrum.jpg?fit=1080%2C1600&ssl=1","contentUrl":"https:\/\/i0.wp.com\/nerdrum.com\/wp-content\/uploads\/2020\/12\/Immanuel-Kants-siste-dager-av-Odd-Nerdrum.jpg?fit=1080%2C1600&ssl=1","width":1080,"height":1600},{"@type":"BreadcrumbList","@id":"https:\/\/nerdrum.com\/product\/the-last-days-of-immanuel-kant-2020\/#breadcrumb","itemListElement":[{"@type":"ListItem","position":1,"name":"Home","item":"https:\/\/nerdrum.com\/"},{"@type":"ListItem","position":2,"name":"Shop","item":"https:\/\/nerdrum.com\/nb\/nettbutikk\/"},{"@type":"ListItem","position":3,"name":"The Last Days of Immanuel Kant (2020)"}]},{"@type":"WebSite","@id":"https:\/\/nerdrum.com\/#website","url":"https:\/\/nerdrum.com\/","name":"Odd Nerdrum Official Website","description":"","potentialAction":[{"@type":"SearchAction","target":{"@type":"EntryPoint","urlTemplate":"https:\/\/nerdrum.com\/?s={search_term_string}"},"query-input":{"@type":"PropertyValueSpecification","valueRequired":true,"valueName":"search_term_string"}}],"inLanguage":"nb-NO"}]}},"jetpack_sharing_enabled":true,"_links":{"self":[{"href":"https:\/\/nerdrum.com\/nb\/wp-json\/wp\/v2\/product\/1245","targetHints":{"allow":["GET"]}}],"collection":[{"href":"https:\/\/nerdrum.com\/nb\/wp-json\/wp\/v2\/product"}],"about":[{"href":"https:\/\/nerdrum.com\/nb\/wp-json\/wp\/v2\/types\/product"}],"wp:featuredmedia":[{"embeddable":true,"href":"https:\/\/nerdrum.com\/nb\/wp-json\/wp\/v2\/media\/1235"}],"wp:attachment":[{"href":"https:\/\/nerdrum.com\/nb\/wp-json\/wp\/v2\/media?parent=1245"}],"wp:term":[{"taxonomy":"product_brand","embeddable":true,"href":"https:\/\/nerdrum.com\/nb\/wp-json\/wp\/v2\/product_brand?post=1245"},{"taxonomy":"product_cat","embeddable":true,"href":"https:\/\/nerdrum.com\/nb\/wp-json\/wp\/v2\/product_cat?post=1245"},{"taxonomy":"product_tag","embeddable":true,"href":"https:\/\/nerdrum.com\/nb\/wp-json\/wp\/v2\/product_tag?post=1245"}],"curies":[{"name":"wp","href":"https:\/\/api.w.org\/{rel}","templated":true}]}}