{"id":1269,"date":"2021-01-10T10:05:07","date_gmt":"2021-01-10T10:05:07","guid":{"rendered":"https:\/\/nerdrum.com\/?post_type=product&#038;p=1269"},"modified":"2025-07-01T13:15:19","modified_gmt":"2025-07-01T12:15:19","slug":"oedeskjorten","status":"publish","type":"product","link":"https:\/\/nerdrum.com\/nb\/produkt\/oedeskjorten\/","title":{"rendered":"\u00d6deskjorten"},"content":{"rendered":"","protected":false},"excerpt":{"rendered":"<p>Den klassiske \u00d6deskjorten er et unisex klesplagg som ble utformet p\u00e5 Nerdrumskolen.<\/p>\n<p>Dette er en medium, overdimensjonert skjorte i GOTS sertifisert, ubleket, rent linstoff.<\/p>\n<p>Flax er en av de eldste tekstilfibrene i verden. Det eldste vevde plagget dateres tilbake til 5000 \u00e5r f.kr. i Egypt.<\/p>\n<hr \/>\n<p><big style=\"color: #000;\"><big>\u2714\ufe0f <\/big>Gratis frakt!<\/big><\/p>\n<p><strong><br \/>\nNB!<\/strong> Det tar tre uker \u00e5 ferdiggj\u00f8re skjorten fra du bestiller den.<\/p>","protected":false},"featured_media":1266,"template":"","meta":{"_FSMCFIC_featured_image_caption":"","_FSMCFIC_featured_image_nocaption":"","_FSMCFIC_featured_image_hide":""},"product_brand":[],"product_cat":[29],"product_tag":[35,36],"class_list":{"0":"post-1269","1":"product","2":"type-product","3":"status-publish","4":"has-post-thumbnail","6":"product_cat-clothing","7":"product_tag-ode-skjorte","8":"product_tag-odeskjorten","9":"product_shipping_class-clothing","11":"first","12":"instock","13":"taxable","14":"shipping-taxable","15":"purchasable","16":"product-type-variable","17":"has-default-attributes"},"yoast_head":"<!-- This site is optimized with the Yoast SEO plugin v25.3 - https:\/\/yoast.com\/wordpress\/plugins\/seo\/ -->\n<title>The \u00d6de Shirt - Odd Nerdrum Official Website<\/title>\n<meta name=\"robots\" content=\"index, follow, max-snippet:-1, max-image-preview:large, max-video-preview:-1\" \/>\n<link rel=\"canonical\" href=\"https:\/\/nerdrum.com\/nb\/produkt\/oedeskjorten\/\" \/>\n<meta property=\"og:locale\" content=\"nb_NO\" \/>\n<meta property=\"og:type\" content=\"article\" \/>\n<meta property=\"og:title\" content=\"The \u00d6de Shirt - Odd Nerdrum Official Website\" \/>\n<meta property=\"og:description\" content=\"The Classick \u00d6de shirt is a unisex piece, born at the Nerdrum school.  This is an medium oversized shirt in GOTS Certified, unbleached, pure Linen.  Flax is one of the oldest textile fibers in the world. The oldest woven garment dates back to 5000 BC in Ancient Egypt.    \u2714\ufe0f Free shipping!   NOTE: It takes three weeks from you place the order until the shirt is completed.\" \/>\n<meta property=\"og:url\" content=\"https:\/\/nerdrum.com\/nb\/produkt\/oedeskjorten\/\" \/>\n<meta property=\"og:site_name\" content=\"Odd Nerdrum Official Website\" \/>\n<meta property=\"article:publisher\" content=\"https:\/\/facebook.com\/oddnerdrum\" \/>\n<meta property=\"article:modified_time\" content=\"2025-07-01T12:15:19+00:00\" \/>\n<meta property=\"og:image\" content=\"https:\/\/nerdrum.com\/wp-content\/uploads\/2021\/01\/ode-shirt-scaled.jpg\" \/>\n\t<meta property=\"og:image:width\" content=\"2058\" \/>\n\t<meta property=\"og:image:height\" content=\"2560\" \/>\n\t<meta property=\"og:image:type\" content=\"image\/jpeg\" \/>\n<meta name=\"twitter:card\" content=\"summary_large_image\" \/>\n<meta name=\"twitter:label1\" content=\"Ansl. lesetid\" \/>\n\t<meta name=\"twitter:data1\" content=\"1 minutt\" \/>\n<script type=\"application\/ld+json\" class=\"yoast-schema-graph\">{\"@context\":\"https:\/\/schema.org\",\"@graph\":[{\"@type\":\"WebPage\",\"@id\":\"https:\/\/nerdrum.com\/product\/the-ode-shirt\/\",\"url\":\"https:\/\/nerdrum.com\/product\/the-ode-shirt\/\",\"name\":\"The \u00d6de Shirt - Odd Nerdrum Official Website\",\"isPartOf\":{\"@id\":\"https:\/\/nerdrum.com\/#website\"},\"primaryImageOfPage\":{\"@id\":\"https:\/\/nerdrum.com\/product\/the-ode-shirt\/#primaryimage\"},\"image\":{\"@id\":\"https:\/\/nerdrum.com\/product\/the-ode-shirt\/#primaryimage\"},\"thumbnailUrl\":\"https:\/\/i0.wp.com\/nerdrum.com\/wp-content\/uploads\/2021\/01\/ode-shirt-scaled.jpg?fit=2058%2C2560&ssl=1\",\"datePublished\":\"2021-01-10T10:05:07+00:00\",\"dateModified\":\"2025-07-01T12:15:19+00:00\",\"breadcrumb\":{\"@id\":\"https:\/\/nerdrum.com\/product\/the-ode-shirt\/#breadcrumb\"},\"inLanguage\":\"nb-NO\",\"potentialAction\":[{\"@type\":\"ReadAction\",\"target\":[\"https:\/\/nerdrum.com\/product\/the-ode-shirt\/\"]}]},{\"@type\":\"ImageObject\",\"inLanguage\":\"nb-NO\",\"@id\":\"https:\/\/nerdrum.com\/product\/the-ode-shirt\/#primaryimage\",\"url\":\"https:\/\/i0.wp.com\/nerdrum.com\/wp-content\/uploads\/2021\/01\/ode-shirt-scaled.jpg?fit=2058%2C2560&ssl=1\",\"contentUrl\":\"https:\/\/i0.wp.com\/nerdrum.com\/wp-content\/uploads\/2021\/01\/ode-shirt-scaled.jpg?fit=2058%2C2560&ssl=1\",\"width\":2058,\"height\":2560},{\"@type\":\"BreadcrumbList\",\"@id\":\"https:\/\/nerdrum.com\/product\/the-ode-shirt\/#breadcrumb\",\"itemListElement\":[{\"@type\":\"ListItem\",\"position\":1,\"name\":\"Home\",\"item\":\"https:\/\/nerdrum.com\/\"},{\"@type\":\"ListItem\",\"position\":2,\"name\":\"Shop\",\"item\":\"https:\/\/nerdrum.com\/nb\/nettbutikk\/\"},{\"@type\":\"ListItem\",\"position\":3,\"name\":\"The \u00d6de Shirt\"}]},{\"@type\":\"WebSite\",\"@id\":\"https:\/\/nerdrum.com\/#website\",\"url\":\"https:\/\/nerdrum.com\/\",\"name\":\"Odd Nerdrum Official Website\",\"description\":\"\",\"potentialAction\":[{\"@type\":\"SearchAction\",\"target\":{\"@type\":\"EntryPoint\",\"urlTemplate\":\"https:\/\/nerdrum.com\/?s={search_term_string}\"},\"query-input\":{\"@type\":\"PropertyValueSpecification\",\"valueRequired\":true,\"valueName\":\"search_term_string\"}}],\"inLanguage\":\"nb-NO\"}]}<\/script>\n<!-- \/ Yoast SEO plugin. -->","yoast_head_json":{"title":"The \u00d6de Shirt - Odd Nerdrum Official Website","robots":{"index":"index","follow":"follow","max-snippet":"max-snippet:-1","max-image-preview":"max-image-preview:large","max-video-preview":"max-video-preview:-1"},"canonical":"https:\/\/nerdrum.com\/nb\/produkt\/oedeskjorten\/","og_locale":"nb_NO","og_type":"article","og_title":"The \u00d6de Shirt - Odd Nerdrum Official Website","og_description":"The Classick \u00d6de shirt is a unisex piece, born at the Nerdrum school.  This is an medium oversized shirt in GOTS Certified, unbleached, pure Linen.  Flax is one of the oldest textile fibers in the world. The oldest woven garment dates back to 5000 BC in Ancient Egypt.    \u2714\ufe0f Free shipping!   NOTE: It takes three weeks from you place the order until the shirt is completed.","og_url":"https:\/\/nerdrum.com\/nb\/produkt\/oedeskjorten\/","og_site_name":"Odd Nerdrum Official Website","article_publisher":"https:\/\/facebook.com\/oddnerdrum","article_modified_time":"2025-07-01T12:15:19+00:00","og_image":[{"width":2058,"height":2560,"url":"https:\/\/nerdrum.com\/wp-content\/uploads\/2021\/01\/ode-shirt-scaled.jpg","type":"image\/jpeg"}],"twitter_card":"summary_large_image","twitter_misc":{"Ansl. lesetid":"1 minutt"},"schema":{"@context":"https:\/\/schema.org","@graph":[{"@type":"WebPage","@id":"https:\/\/nerdrum.com\/product\/the-ode-shirt\/","url":"https:\/\/nerdrum.com\/product\/the-ode-shirt\/","name":"The \u00d6de Shirt - Odd Nerdrum Official Website","isPartOf":{"@id":"https:\/\/nerdrum.com\/#website"},"primaryImageOfPage":{"@id":"https:\/\/nerdrum.com\/product\/the-ode-shirt\/#primaryimage"},"image":{"@id":"https:\/\/nerdrum.com\/product\/the-ode-shirt\/#primaryimage"},"thumbnailUrl":"https:\/\/i0.wp.com\/nerdrum.com\/wp-content\/uploads\/2021\/01\/ode-shirt-scaled.jpg?fit=2058%2C2560&ssl=1","datePublished":"2021-01-10T10:05:07+00:00","dateModified":"2025-07-01T12:15:19+00:00","breadcrumb":{"@id":"https:\/\/nerdrum.com\/product\/the-ode-shirt\/#breadcrumb"},"inLanguage":"nb-NO","potentialAction":[{"@type":"ReadAction","target":["https:\/\/nerdrum.com\/product\/the-ode-shirt\/"]}]},{"@type":"ImageObject","inLanguage":"nb-NO","@id":"https:\/\/nerdrum.com\/product\/the-ode-shirt\/#primaryimage","url":"https:\/\/i0.wp.com\/nerdrum.com\/wp-content\/uploads\/2021\/01\/ode-shirt-scaled.jpg?fit=2058%2C2560&ssl=1","contentUrl":"https:\/\/i0.wp.com\/nerdrum.com\/wp-content\/uploads\/2021\/01\/ode-shirt-scaled.jpg?fit=2058%2C2560&ssl=1","width":2058,"height":2560},{"@type":"BreadcrumbList","@id":"https:\/\/nerdrum.com\/product\/the-ode-shirt\/#breadcrumb","itemListElement":[{"@type":"ListItem","position":1,"name":"Home","item":"https:\/\/nerdrum.com\/"},{"@type":"ListItem","position":2,"name":"Shop","item":"https:\/\/nerdrum.com\/nb\/nettbutikk\/"},{"@type":"ListItem","position":3,"name":"The \u00d6de Shirt"}]},{"@type":"WebSite","@id":"https:\/\/nerdrum.com\/#website","url":"https:\/\/nerdrum.com\/","name":"Odd Nerdrum Official Website","description":"","potentialAction":[{"@type":"SearchAction","target":{"@type":"EntryPoint","urlTemplate":"https:\/\/nerdrum.com\/?s={search_term_string}"},"query-input":{"@type":"PropertyValueSpecification","valueRequired":true,"valueName":"search_term_string"}}],"inLanguage":"nb-NO"}]}},"jetpack_sharing_enabled":true,"_links":{"self":[{"href":"https:\/\/nerdrum.com\/nb\/wp-json\/wp\/v2\/product\/1269","targetHints":{"allow":["GET"]}}],"collection":[{"href":"https:\/\/nerdrum.com\/nb\/wp-json\/wp\/v2\/product"}],"about":[{"href":"https:\/\/nerdrum.com\/nb\/wp-json\/wp\/v2\/types\/product"}],"wp:featuredmedia":[{"embeddable":true,"href":"https:\/\/nerdrum.com\/nb\/wp-json\/wp\/v2\/media\/1266"}],"wp:attachment":[{"href":"https:\/\/nerdrum.com\/nb\/wp-json\/wp\/v2\/media?parent=1269"}],"wp:term":[{"taxonomy":"product_brand","embeddable":true,"href":"https:\/\/nerdrum.com\/nb\/wp-json\/wp\/v2\/product_brand?post=1269"},{"taxonomy":"product_cat","embeddable":true,"href":"https:\/\/nerdrum.com\/nb\/wp-json\/wp\/v2\/product_cat?post=1269"},{"taxonomy":"product_tag","embeddable":true,"href":"https:\/\/nerdrum.com\/nb\/wp-json\/wp\/v2\/product_tag?post=1269"}],"curies":[{"name":"wp","href":"https:\/\/api.w.org\/{rel}","templated":true}]}}