{"id":1686,"date":"2021-11-24T14:45:42","date_gmt":"2021-11-24T13:45:42","guid":{"rendered":"https:\/\/nerdrum.com\/?post_type=product&#038;p=1686"},"modified":"2024-03-25T02:04:25","modified_gmt":"2024-03-25T01:04:25","slug":"memorosagruppen-2021","status":"publish","type":"product","link":"https:\/\/nerdrum.com\/nb\/produkt\/memorosagruppen-2021\/","title":{"rendered":"Memorosagruppen (2021)"},"content":{"rendered":"<div class=\"videoWrapper\"><iframe loading=\"lazy\" width=\"1280\" height=\"720\" src=\"https:\/\/www.youtube.com\/embed\/xmCIagBRtX4\" title=\"The Order of Memorosa (2021) Offisiell trailer - en Bork Nerdrum-film\" frameborder=\"0\" allow=\"accelerometer; autoplay; clipboard-write; encrypted-media; gyroscope; picture-in-picture; web-share\" allowfullscreen><\/iframe><\/div>\n<p class=\"first\">En gruppe malere p\u00e5 en avsidesliggende g\u00e5rd ved norskekysten bestemmer seg for \u00e5 danne et felleskap basert p\u00e5 strenge dogmer og hard konkurranse i renessansemesternes \u00e5nd.<\/p>\n<p>Vi f\u00f8lger \u00d6de Nerdrum, Nic Thurman, Sebastian Salvo, William Heimdal &amp; Javier Adams i deres dagligliv som g\u00e5r ut p\u00e5 \u00e9n ting: \u00e5 lave et ud\u00f8delig mesterverk.<\/p>\n<p>*<\/p>\n<p>En film av Bork S. Nerdrum.<\/p>","protected":false},"excerpt":{"rendered":"<p class=\"meta-info\"><span class=\"meta-info__label\"><strong>Spilletid<\/strong>: <\/span><span class=\"meta-info__content\">1 time &amp; 10 minutt<br \/>\n<\/span><span class=\"meta-info__label\"><strong>Spr\u00e5k<\/strong>: <\/span><span class=\"meta-info__content\">Engelsk<br \/>\n<\/span><span class=\"meta-info__label\"><strong>Teksting<\/strong>: <\/span><span class=\"meta-info__content\">Engelsk, Spansk, Norsk<br \/>\n<\/span><strong>Regissert av<\/strong>: Bork Nerdrum<\/p>\n<p><strong>NB!<\/strong> Denne DVD-en er ikke tilgjengelig, men det er mulig \u00e5 <a href=\"https:\/\/vimeo.com\/ondemand\/memorosa\" target=\"_blank\" rel=\"noopener noreferrer\">se filmen p\u00e5 Vimeo<\/a>.<\/p>\n<p><a href=\"https:\/\/vimeo.com\/ondemand\/memorosa\" target=\"_blank\" rel=\"noopener noreferrer\"><\/p>\n<div id=\"addTenRow\" class=\"red-btn\" style=\"clear: both; text-align: center; width: 140px; margin: 15px 0 25px 0; line-height: 39px;\"><span class=\"swash\"><span style=\"vertical-align:sub;margin-right:5px;font-size:1.2em;\" class=\"dashicons dashicons-controls-play\"><\/span>Se filmen n\u00e5<\/span><\/div>\n<p><\/a><\/p>","protected":false},"featured_media":1687,"template":"","meta":{"_FSMCFIC_featured_image_caption":"","_FSMCFIC_featured_image_nocaption":"","_FSMCFIC_featured_image_hide":""},"product_brand":[],"product_cat":[21],"product_tag":[],"class_list":{"0":"post-1686","1":"product","2":"type-product","3":"status-publish","4":"has-post-thumbnail","6":"product_cat-movies","8":"first","9":"instock","10":"virtual","11":"sold-individually","12":"taxable","13":"purchasable","14":"product-type-simple"},"yoast_head":"<!-- This site is optimized with the Yoast SEO plugin v25.3 - https:\/\/yoast.com\/wordpress\/plugins\/seo\/ -->\n<title>The Order of Memorosa (2021) -<\/title>\n<meta name=\"robots\" content=\"index, follow, max-snippet:-1, max-image-preview:large, max-video-preview:-1\" \/>\n<link rel=\"canonical\" href=\"https:\/\/nerdrum.com\/nb\/produkt\/memorosagruppen-2021\/\" \/>\n<meta property=\"og:locale\" content=\"nb_NO\" \/>\n<meta property=\"og:type\" content=\"article\" \/>\n<meta property=\"og:title\" content=\"The Order of Memorosa (2021) -\" \/>\n<meta property=\"og:description\" content=\"Duration: 1 hour 10 minute Language: English Subtitles: English, Spanish, Norwegian Directed by: Bork Nerdrum NOTE: The DVD is not available, but you can watch the film on Vimeo.   Watch now\" \/>\n<meta property=\"og:url\" content=\"https:\/\/nerdrum.com\/nb\/produkt\/memorosagruppen-2021\/\" \/>\n<meta property=\"og:site_name\" content=\"Odd Nerdrum Official Website\" \/>\n<meta property=\"article:publisher\" content=\"https:\/\/facebook.com\/oddnerdrum\" \/>\n<meta property=\"article:modified_time\" content=\"2024-03-25T01:04:25+00:00\" \/>\n<meta property=\"og:image\" content=\"https:\/\/nerdrum.com\/wp-content\/uploads\/2021\/11\/Memorosa-Cover-7.jpg\" \/>\n\t<meta property=\"og:image:width\" content=\"1601\" \/>\n\t<meta property=\"og:image:height\" content=\"2161\" \/>\n\t<meta property=\"og:image:type\" content=\"image\/jpeg\" \/>\n<meta name=\"twitter:card\" content=\"summary_large_image\" \/>\n<meta name=\"twitter:label1\" content=\"Ansl. lesetid\" \/>\n\t<meta name=\"twitter:data1\" content=\"1 minutt\" \/>\n<script type=\"application\/ld+json\" class=\"yoast-schema-graph\">{\"@context\":\"https:\/\/schema.org\",\"@graph\":[{\"@type\":\"WebPage\",\"@id\":\"https:\/\/nerdrum.com\/product\/the-order-of-memorosa-2021\/\",\"url\":\"https:\/\/nerdrum.com\/product\/the-order-of-memorosa-2021\/\",\"name\":\"The Order of Memorosa (2021) -\",\"isPartOf\":{\"@id\":\"https:\/\/nerdrum.com\/#website\"},\"primaryImageOfPage\":{\"@id\":\"https:\/\/nerdrum.com\/product\/the-order-of-memorosa-2021\/#primaryimage\"},\"image\":{\"@id\":\"https:\/\/nerdrum.com\/product\/the-order-of-memorosa-2021\/#primaryimage\"},\"thumbnailUrl\":\"https:\/\/i0.wp.com\/nerdrum.com\/wp-content\/uploads\/2021\/11\/Memorosa-Cover-7.jpg?fit=1601%2C2161&ssl=1\",\"datePublished\":\"2021-11-24T13:45:42+00:00\",\"dateModified\":\"2024-03-25T01:04:25+00:00\",\"breadcrumb\":{\"@id\":\"https:\/\/nerdrum.com\/product\/the-order-of-memorosa-2021\/#breadcrumb\"},\"inLanguage\":\"nb-NO\",\"potentialAction\":[{\"@type\":\"ReadAction\",\"target\":[\"https:\/\/nerdrum.com\/product\/the-order-of-memorosa-2021\/\"]}]},{\"@type\":\"ImageObject\",\"inLanguage\":\"nb-NO\",\"@id\":\"https:\/\/nerdrum.com\/product\/the-order-of-memorosa-2021\/#primaryimage\",\"url\":\"https:\/\/i0.wp.com\/nerdrum.com\/wp-content\/uploads\/2021\/11\/Memorosa-Cover-7.jpg?fit=1601%2C2161&ssl=1\",\"contentUrl\":\"https:\/\/i0.wp.com\/nerdrum.com\/wp-content\/uploads\/2021\/11\/Memorosa-Cover-7.jpg?fit=1601%2C2161&ssl=1\",\"width\":1601,\"height\":2161},{\"@type\":\"BreadcrumbList\",\"@id\":\"https:\/\/nerdrum.com\/product\/the-order-of-memorosa-2021\/#breadcrumb\",\"itemListElement\":[{\"@type\":\"ListItem\",\"position\":1,\"name\":\"Home\",\"item\":\"https:\/\/nerdrum.com\/\"},{\"@type\":\"ListItem\",\"position\":2,\"name\":\"Shop\",\"item\":\"https:\/\/nerdrum.com\/nb\/nettbutikk\/\"},{\"@type\":\"ListItem\",\"position\":3,\"name\":\"The Order of Memorosa (2021)\"}]},{\"@type\":\"WebSite\",\"@id\":\"https:\/\/nerdrum.com\/#website\",\"url\":\"https:\/\/nerdrum.com\/\",\"name\":\"Odd Nerdrum Official Website\",\"description\":\"\",\"potentialAction\":[{\"@type\":\"SearchAction\",\"target\":{\"@type\":\"EntryPoint\",\"urlTemplate\":\"https:\/\/nerdrum.com\/?s={search_term_string}\"},\"query-input\":{\"@type\":\"PropertyValueSpecification\",\"valueRequired\":true,\"valueName\":\"search_term_string\"}}],\"inLanguage\":\"nb-NO\"}]}<\/script>\n<!-- \/ Yoast SEO plugin. -->","yoast_head_json":{"title":"The Order of Memorosa (2021) -","robots":{"index":"index","follow":"follow","max-snippet":"max-snippet:-1","max-image-preview":"max-image-preview:large","max-video-preview":"max-video-preview:-1"},"canonical":"https:\/\/nerdrum.com\/nb\/produkt\/memorosagruppen-2021\/","og_locale":"nb_NO","og_type":"article","og_title":"The Order of Memorosa (2021) -","og_description":"Duration: 1 hour 10 minute Language: English Subtitles: English, Spanish, Norwegian Directed by: Bork Nerdrum NOTE: The DVD is not available, but you can watch the film on Vimeo.   Watch now","og_url":"https:\/\/nerdrum.com\/nb\/produkt\/memorosagruppen-2021\/","og_site_name":"Odd Nerdrum Official Website","article_publisher":"https:\/\/facebook.com\/oddnerdrum","article_modified_time":"2024-03-25T01:04:25+00:00","og_image":[{"width":1601,"height":2161,"url":"https:\/\/nerdrum.com\/wp-content\/uploads\/2021\/11\/Memorosa-Cover-7.jpg","type":"image\/jpeg"}],"twitter_card":"summary_large_image","twitter_misc":{"Ansl. lesetid":"1 minutt"},"schema":{"@context":"https:\/\/schema.org","@graph":[{"@type":"WebPage","@id":"https:\/\/nerdrum.com\/product\/the-order-of-memorosa-2021\/","url":"https:\/\/nerdrum.com\/product\/the-order-of-memorosa-2021\/","name":"The Order of Memorosa (2021) -","isPartOf":{"@id":"https:\/\/nerdrum.com\/#website"},"primaryImageOfPage":{"@id":"https:\/\/nerdrum.com\/product\/the-order-of-memorosa-2021\/#primaryimage"},"image":{"@id":"https:\/\/nerdrum.com\/product\/the-order-of-memorosa-2021\/#primaryimage"},"thumbnailUrl":"https:\/\/i0.wp.com\/nerdrum.com\/wp-content\/uploads\/2021\/11\/Memorosa-Cover-7.jpg?fit=1601%2C2161&ssl=1","datePublished":"2021-11-24T13:45:42+00:00","dateModified":"2024-03-25T01:04:25+00:00","breadcrumb":{"@id":"https:\/\/nerdrum.com\/product\/the-order-of-memorosa-2021\/#breadcrumb"},"inLanguage":"nb-NO","potentialAction":[{"@type":"ReadAction","target":["https:\/\/nerdrum.com\/product\/the-order-of-memorosa-2021\/"]}]},{"@type":"ImageObject","inLanguage":"nb-NO","@id":"https:\/\/nerdrum.com\/product\/the-order-of-memorosa-2021\/#primaryimage","url":"https:\/\/i0.wp.com\/nerdrum.com\/wp-content\/uploads\/2021\/11\/Memorosa-Cover-7.jpg?fit=1601%2C2161&ssl=1","contentUrl":"https:\/\/i0.wp.com\/nerdrum.com\/wp-content\/uploads\/2021\/11\/Memorosa-Cover-7.jpg?fit=1601%2C2161&ssl=1","width":1601,"height":2161},{"@type":"BreadcrumbList","@id":"https:\/\/nerdrum.com\/product\/the-order-of-memorosa-2021\/#breadcrumb","itemListElement":[{"@type":"ListItem","position":1,"name":"Home","item":"https:\/\/nerdrum.com\/"},{"@type":"ListItem","position":2,"name":"Shop","item":"https:\/\/nerdrum.com\/nb\/nettbutikk\/"},{"@type":"ListItem","position":3,"name":"The Order of Memorosa (2021)"}]},{"@type":"WebSite","@id":"https:\/\/nerdrum.com\/#website","url":"https:\/\/nerdrum.com\/","name":"Odd Nerdrum Official Website","description":"","potentialAction":[{"@type":"SearchAction","target":{"@type":"EntryPoint","urlTemplate":"https:\/\/nerdrum.com\/?s={search_term_string}"},"query-input":{"@type":"PropertyValueSpecification","valueRequired":true,"valueName":"search_term_string"}}],"inLanguage":"nb-NO"}]}},"jetpack_sharing_enabled":true,"_links":{"self":[{"href":"https:\/\/nerdrum.com\/nb\/wp-json\/wp\/v2\/product\/1686","targetHints":{"allow":["GET"]}}],"collection":[{"href":"https:\/\/nerdrum.com\/nb\/wp-json\/wp\/v2\/product"}],"about":[{"href":"https:\/\/nerdrum.com\/nb\/wp-json\/wp\/v2\/types\/product"}],"wp:featuredmedia":[{"embeddable":true,"href":"https:\/\/nerdrum.com\/nb\/wp-json\/wp\/v2\/media\/1687"}],"wp:attachment":[{"href":"https:\/\/nerdrum.com\/nb\/wp-json\/wp\/v2\/media?parent=1686"}],"wp:term":[{"taxonomy":"product_brand","embeddable":true,"href":"https:\/\/nerdrum.com\/nb\/wp-json\/wp\/v2\/product_brand?post=1686"},{"taxonomy":"product_cat","embeddable":true,"href":"https:\/\/nerdrum.com\/nb\/wp-json\/wp\/v2\/product_cat?post=1686"},{"taxonomy":"product_tag","embeddable":true,"href":"https:\/\/nerdrum.com\/nb\/wp-json\/wp\/v2\/product_tag?post=1686"}],"curies":[{"name":"wp","href":"https:\/\/api.w.org\/{rel}","templated":true}]}}