{"id":2091,"date":"2022-03-31T07:40:30","date_gmt":"2022-03-31T06:40:30","guid":{"rendered":"https:\/\/nerdrum.com\/?post_type=product&#038;p=2091"},"modified":"2022-09-11T17:08:01","modified_gmt":"2022-09-11T16:08:01","slug":"samtaler-fra-memorosa-2022","status":"publish","type":"product","link":"https:\/\/nerdrum.com\/nb\/produkt\/samtaler-fra-memorosa-2022\/","title":{"rendered":"Samtaler fra Memorosa (2022)"},"content":{"rendered":"<p>Boken \u00abSamtaler fra Memorosa\u00bb er en samling filosofiske samtaler mellom Odd Nerdrum og Carl Korsnes.<\/p>\n<p>Den nette boken p\u00e5 100 sider gir et enest\u00e5ende innblikk i Nerdrums univers og maner til ettertanke om samtiden, mennesket og d\u00f8den.<\/p>\n<p>Forsideillustrasjonen er laget av \u00d6de S. Nerdrum.<\/p>\n<p>Om:<\/p>\n<p><strong>Carl Korsnes<\/strong> (f. 1991) er en norsk filosof. Han er ogs\u00e5 ansvarlig redakt\u00f8r i tidsskriftet Sivilisasjonen, som er blitt en bauta i den klassiske bevegelsen i Norge.<\/p>\n<p><strong>Odd Nerdrum<\/strong> (f. 1944) er en klassisk figurativ maler, f\u00f8dt og oppvokst i Sverige og Norge. Hans likegyldighet til modernismens idealer ble tidlig lagt merke til da han begynte \u00e5 stille ut p\u00e5 1960-tallet. Siden den gang har han dannet skole og anses for \u00e5 v\u00e6re den ledende skikkelsen for det moderne klassiske figurative maleri i verden.<\/p>\n<p>Omtaler:<\/p>\n<p>\u00abKorsnes gir oss en samling korte og nydelige samtaler med Nerdrum, som maner til h\u00e5p om at skj\u00f8nnheten faktisk kan frelse verden.\u00bb <strong>\u2013<\/strong> <strong>Einar Duenger B\u00f8hn, filosof.<\/strong><\/p>\n<p>\u00abDialogen er en hyllest til h\u00e5ndverksstolthet. Til skj\u00f8nnhetsberuselse. Til skapergjerningens nobelhet. Beglitret med blinkskuddanekdoter. Lesningen vekker b\u00e5de skapertrang og levetrang. Viva Nerdrum. Viva Korsnes.\u00bb <strong>\u2013 Bertrand Besigye, dikter.<\/strong><\/p>","protected":false},"excerpt":{"rendered":"<p><strong>Spr\u00e5k:<\/strong> norsk<\/p>\n<p><strong>Format:<\/strong> lomme<\/p>\n<p><strong>Sider:<\/strong> 107<\/p>\n<p><strong>M\u00e5l:<\/strong> 12 x 18 cm<\/p>\n<p><strong>Design:<\/strong> \u00d6de S. Nerdrum<\/p>\n<p><strong>Utgivelses\u00e5r:<\/strong> 2022<\/p>\n<p><strong>Forlag:<\/strong> Sivilisasjonen Forlag<\/p>\n<p><strong>Trykkeri:<\/strong> Renessanse Media<\/p>\n<p><a style=\"text-decoration:none;\" href=\"https:\/\/sivilisasjonen.no\/produkt\/samtaler-fra-memorosa\/\" target=\"_blank\" rel=\"noopener noreferrer\"><\/p>\n<div id=\"addTenRow\" class=\"red-btn\" style=\"clear: both; text-align: center; width: 110px; margin: 15px 0 25px 0; line-height: 39px;\"><span class=\"swash\">Kj\u00f8p her<\/span><\/div>\n<p><\/a><\/p>","protected":false},"featured_media":2092,"template":"","meta":{"_FSMCFIC_featured_image_caption":"","_FSMCFIC_featured_image_nocaption":"","_FSMCFIC_featured_image_hide":""},"product_brand":[],"product_cat":[20],"product_tag":[],"class_list":{"0":"post-2091","1":"product","2":"type-product","3":"status-publish","4":"has-post-thumbnail","6":"product_cat-books","8":"first","9":"outofstock","10":"taxable","11":"shipping-taxable","12":"purchasable","13":"product-type-simple"},"yoast_head":"<!-- This site is optimized with the Yoast SEO plugin v25.3 - https:\/\/yoast.com\/wordpress\/plugins\/seo\/ -->\n<title>Samtaler fra Memorosa (2022) - Odd Nerdrum Official Website<\/title>\n<meta name=\"robots\" content=\"index, follow, max-snippet:-1, max-image-preview:large, max-video-preview:-1\" \/>\n<link rel=\"canonical\" href=\"https:\/\/nerdrum.com\/nb\/produkt\/samtaler-fra-memorosa-2022\/\" \/>\n<meta property=\"og:locale\" content=\"nb_NO\" \/>\n<meta property=\"og:type\" content=\"article\" \/>\n<meta property=\"og:title\" content=\"Samtaler fra Memorosa (2022) - Odd Nerdrum Official Website\" \/>\n<meta property=\"og:description\" content=\"Spr\u00e5k: norsk  Format: pocket  Sider: 107  M\u00e5l: 12 x 18 cm  Design: \u00d6de S. Nerdrum  Utgivelses\u00e5r: 2022  Forlag: Sivilisasjonen Forlag  Trykkeri: Renessanse Media  Buy here\" \/>\n<meta property=\"og:url\" content=\"https:\/\/nerdrum.com\/nb\/produkt\/samtaler-fra-memorosa-2022\/\" \/>\n<meta property=\"og:site_name\" content=\"Odd Nerdrum Official Website\" \/>\n<meta property=\"article:publisher\" content=\"https:\/\/facebook.com\/oddnerdrum\" \/>\n<meta property=\"article:modified_time\" content=\"2022-09-11T16:08:01+00:00\" \/>\n<meta property=\"og:image\" content=\"https:\/\/nerdrum.com\/wp-content\/uploads\/2022\/03\/forside_samtalerfrememorosa.webp\" \/>\n\t<meta property=\"og:image:width\" content=\"959\" \/>\n\t<meta property=\"og:image:height\" content=\"1438\" \/>\n\t<meta property=\"og:image:type\" content=\"image\/webp\" \/>\n<meta name=\"twitter:card\" content=\"summary_large_image\" \/>\n<meta name=\"twitter:label1\" content=\"Ansl. lesetid\" \/>\n\t<meta name=\"twitter:data1\" content=\"1 minutt\" \/>\n<script type=\"application\/ld+json\" class=\"yoast-schema-graph\">{\"@context\":\"https:\/\/schema.org\",\"@graph\":[{\"@type\":\"WebPage\",\"@id\":\"https:\/\/nerdrum.com\/product\/samtaler-fra-memorosa-2022\/\",\"url\":\"https:\/\/nerdrum.com\/product\/samtaler-fra-memorosa-2022\/\",\"name\":\"Samtaler fra Memorosa (2022) - Odd Nerdrum Official Website\",\"isPartOf\":{\"@id\":\"https:\/\/nerdrum.com\/#website\"},\"primaryImageOfPage\":{\"@id\":\"https:\/\/nerdrum.com\/product\/samtaler-fra-memorosa-2022\/#primaryimage\"},\"image\":{\"@id\":\"https:\/\/nerdrum.com\/product\/samtaler-fra-memorosa-2022\/#primaryimage\"},\"thumbnailUrl\":\"https:\/\/i0.wp.com\/nerdrum.com\/wp-content\/uploads\/2022\/03\/forside_samtalerfrememorosa.webp?fit=959%2C1438&ssl=1\",\"datePublished\":\"2022-03-31T06:40:30+00:00\",\"dateModified\":\"2022-09-11T16:08:01+00:00\",\"breadcrumb\":{\"@id\":\"https:\/\/nerdrum.com\/product\/samtaler-fra-memorosa-2022\/#breadcrumb\"},\"inLanguage\":\"nb-NO\",\"potentialAction\":[{\"@type\":\"ReadAction\",\"target\":[\"https:\/\/nerdrum.com\/product\/samtaler-fra-memorosa-2022\/\"]}]},{\"@type\":\"ImageObject\",\"inLanguage\":\"nb-NO\",\"@id\":\"https:\/\/nerdrum.com\/product\/samtaler-fra-memorosa-2022\/#primaryimage\",\"url\":\"https:\/\/i0.wp.com\/nerdrum.com\/wp-content\/uploads\/2022\/03\/forside_samtalerfrememorosa.webp?fit=959%2C1438&ssl=1\",\"contentUrl\":\"https:\/\/i0.wp.com\/nerdrum.com\/wp-content\/uploads\/2022\/03\/forside_samtalerfrememorosa.webp?fit=959%2C1438&ssl=1\",\"width\":959,\"height\":1438},{\"@type\":\"BreadcrumbList\",\"@id\":\"https:\/\/nerdrum.com\/product\/samtaler-fra-memorosa-2022\/#breadcrumb\",\"itemListElement\":[{\"@type\":\"ListItem\",\"position\":1,\"name\":\"Home\",\"item\":\"https:\/\/nerdrum.com\/\"},{\"@type\":\"ListItem\",\"position\":2,\"name\":\"Shop\",\"item\":\"https:\/\/nerdrum.com\/nb\/nettbutikk\/\"},{\"@type\":\"ListItem\",\"position\":3,\"name\":\"Samtaler fra Memorosa (2022)\"}]},{\"@type\":\"WebSite\",\"@id\":\"https:\/\/nerdrum.com\/#website\",\"url\":\"https:\/\/nerdrum.com\/\",\"name\":\"Odd Nerdrum Official Website\",\"description\":\"\",\"potentialAction\":[{\"@type\":\"SearchAction\",\"target\":{\"@type\":\"EntryPoint\",\"urlTemplate\":\"https:\/\/nerdrum.com\/?s={search_term_string}\"},\"query-input\":{\"@type\":\"PropertyValueSpecification\",\"valueRequired\":true,\"valueName\":\"search_term_string\"}}],\"inLanguage\":\"nb-NO\"}]}<\/script>\n<!-- \/ Yoast SEO plugin. -->","yoast_head_json":{"title":"Samtaler fra Memorosa (2022) - Odd Nerdrum Official Website","robots":{"index":"index","follow":"follow","max-snippet":"max-snippet:-1","max-image-preview":"max-image-preview:large","max-video-preview":"max-video-preview:-1"},"canonical":"https:\/\/nerdrum.com\/nb\/produkt\/samtaler-fra-memorosa-2022\/","og_locale":"nb_NO","og_type":"article","og_title":"Samtaler fra Memorosa (2022) - Odd Nerdrum Official Website","og_description":"Spr\u00e5k: norsk  Format: pocket  Sider: 107  M\u00e5l: 12 x 18 cm  Design: \u00d6de S. Nerdrum  Utgivelses\u00e5r: 2022  Forlag: Sivilisasjonen Forlag  Trykkeri: Renessanse Media  Buy here","og_url":"https:\/\/nerdrum.com\/nb\/produkt\/samtaler-fra-memorosa-2022\/","og_site_name":"Odd Nerdrum Official Website","article_publisher":"https:\/\/facebook.com\/oddnerdrum","article_modified_time":"2022-09-11T16:08:01+00:00","og_image":[{"width":959,"height":1438,"url":"https:\/\/nerdrum.com\/wp-content\/uploads\/2022\/03\/forside_samtalerfrememorosa.webp","type":"image\/webp"}],"twitter_card":"summary_large_image","twitter_misc":{"Ansl. lesetid":"1 minutt"},"schema":{"@context":"https:\/\/schema.org","@graph":[{"@type":"WebPage","@id":"https:\/\/nerdrum.com\/product\/samtaler-fra-memorosa-2022\/","url":"https:\/\/nerdrum.com\/product\/samtaler-fra-memorosa-2022\/","name":"Samtaler fra Memorosa (2022) - Odd Nerdrum Official Website","isPartOf":{"@id":"https:\/\/nerdrum.com\/#website"},"primaryImageOfPage":{"@id":"https:\/\/nerdrum.com\/product\/samtaler-fra-memorosa-2022\/#primaryimage"},"image":{"@id":"https:\/\/nerdrum.com\/product\/samtaler-fra-memorosa-2022\/#primaryimage"},"thumbnailUrl":"https:\/\/i0.wp.com\/nerdrum.com\/wp-content\/uploads\/2022\/03\/forside_samtalerfrememorosa.webp?fit=959%2C1438&ssl=1","datePublished":"2022-03-31T06:40:30+00:00","dateModified":"2022-09-11T16:08:01+00:00","breadcrumb":{"@id":"https:\/\/nerdrum.com\/product\/samtaler-fra-memorosa-2022\/#breadcrumb"},"inLanguage":"nb-NO","potentialAction":[{"@type":"ReadAction","target":["https:\/\/nerdrum.com\/product\/samtaler-fra-memorosa-2022\/"]}]},{"@type":"ImageObject","inLanguage":"nb-NO","@id":"https:\/\/nerdrum.com\/product\/samtaler-fra-memorosa-2022\/#primaryimage","url":"https:\/\/i0.wp.com\/nerdrum.com\/wp-content\/uploads\/2022\/03\/forside_samtalerfrememorosa.webp?fit=959%2C1438&ssl=1","contentUrl":"https:\/\/i0.wp.com\/nerdrum.com\/wp-content\/uploads\/2022\/03\/forside_samtalerfrememorosa.webp?fit=959%2C1438&ssl=1","width":959,"height":1438},{"@type":"BreadcrumbList","@id":"https:\/\/nerdrum.com\/product\/samtaler-fra-memorosa-2022\/#breadcrumb","itemListElement":[{"@type":"ListItem","position":1,"name":"Home","item":"https:\/\/nerdrum.com\/"},{"@type":"ListItem","position":2,"name":"Shop","item":"https:\/\/nerdrum.com\/nb\/nettbutikk\/"},{"@type":"ListItem","position":3,"name":"Samtaler fra Memorosa (2022)"}]},{"@type":"WebSite","@id":"https:\/\/nerdrum.com\/#website","url":"https:\/\/nerdrum.com\/","name":"Odd Nerdrum Official Website","description":"","potentialAction":[{"@type":"SearchAction","target":{"@type":"EntryPoint","urlTemplate":"https:\/\/nerdrum.com\/?s={search_term_string}"},"query-input":{"@type":"PropertyValueSpecification","valueRequired":true,"valueName":"search_term_string"}}],"inLanguage":"nb-NO"}]}},"jetpack_sharing_enabled":true,"_links":{"self":[{"href":"https:\/\/nerdrum.com\/nb\/wp-json\/wp\/v2\/product\/2091","targetHints":{"allow":["GET"]}}],"collection":[{"href":"https:\/\/nerdrum.com\/nb\/wp-json\/wp\/v2\/product"}],"about":[{"href":"https:\/\/nerdrum.com\/nb\/wp-json\/wp\/v2\/types\/product"}],"wp:featuredmedia":[{"embeddable":true,"href":"https:\/\/nerdrum.com\/nb\/wp-json\/wp\/v2\/media\/2092"}],"wp:attachment":[{"href":"https:\/\/nerdrum.com\/nb\/wp-json\/wp\/v2\/media?parent=2091"}],"wp:term":[{"taxonomy":"product_brand","embeddable":true,"href":"https:\/\/nerdrum.com\/nb\/wp-json\/wp\/v2\/product_brand?post=2091"},{"taxonomy":"product_cat","embeddable":true,"href":"https:\/\/nerdrum.com\/nb\/wp-json\/wp\/v2\/product_cat?post=2091"},{"taxonomy":"product_tag","embeddable":true,"href":"https:\/\/nerdrum.com\/nb\/wp-json\/wp\/v2\/product_tag?post=2091"}],"curies":[{"name":"wp","href":"https:\/\/api.w.org\/{rel}","templated":true}]}}