{"id":5907,"date":"2025-01-09T21:17:16","date_gmt":"2025-01-09T20:17:16","guid":{"rendered":"https:\/\/nerdrum.com\/?post_type=product&#038;p=5907"},"modified":"2026-05-08T12:23:38","modified_gmt":"2026-05-08T11:23:38","slug":"nerdrumkjortelen","status":"publish","type":"product","link":"https:\/\/nerdrum.com\/nb\/produkt\/nerdrumkjortelen\/","title":{"rendered":"Nerdrumkjortelen"},"content":{"rendered":"<p>Denne unisex-kjortelen, som Odd Nerdrum har brukt i over tredve \u00e5r, er en hyllest til idealene i antikkens Hellas og den tidl\u00f8se kitsch-\u00e5nden. Den er lavet av 100% \u00f8kologisk bomull og har en flagrende silhuett som kombinerer komfort med eleganse.<\/p>\n<p>Nerdrums kjortel er ferdig med et broderi i halsutringningen. Den er designet uavhengig av trender og sesonger, og er s\u00e5ledes et symbol p\u00e5 evigheten.<\/p>\n<p><strong>NB!<\/strong> Produksjonstiden er omtrent 1\u20134 uker.<\/p>\n<p><strong>Modell:<\/strong> Emmanuelle Capatos<\/p>\n<p>&nbsp;<\/p>","protected":false},"excerpt":{"rendered":"<p dir=\"ltr\">Materiale: 100% \u00f8kologisk bomull<\/p>\n<p dir=\"ltr\">Passform: Unisex<\/p>\n<hr \/>\n<p><big style=\"color: #000;\">\u2714\ufe0f Gratis frakt!<\/big><\/p>","protected":false},"featured_media":6756,"template":"","meta":{"_FSMCFIC_featured_image_caption":"","_FSMCFIC_featured_image_nocaption":"","_FSMCFIC_featured_image_hide":""},"product_brand":[],"product_cat":[29],"product_tag":[],"class_list":{"0":"post-5907","1":"product","2":"type-product","3":"status-publish","4":"has-post-thumbnail","6":"product_cat-clothing","7":"product_shipping_class-clothing","9":"first","10":"instock","11":"taxable","12":"shipping-taxable","13":"purchasable","14":"product-type-variable","15":"has-default-attributes"},"yoast_head":"<!-- This site is optimized with the Yoast SEO plugin v27.5 - https:\/\/yoast.com\/product\/yoast-seo-wordpress\/ -->\n<title>Nerdrum&#039;s Robe -<\/title>\n<meta name=\"robots\" content=\"index, follow, max-snippet:-1, max-image-preview:large, max-video-preview:-1\" \/>\n<link rel=\"canonical\" href=\"https:\/\/nerdrum.com\/nb\/produkt\/nerdrumkjortelen\/\" \/>\n<meta property=\"og:locale\" content=\"nb_NO\" \/>\n<meta property=\"og:type\" content=\"article\" \/>\n<meta property=\"og:title\" content=\"Nerdrum&#039;s Robe -\" \/>\n<meta property=\"og:description\" content=\"Material: 100% organic cotton Fit: Unisex     \u2714\ufe0f Free shipping!\" \/>\n<meta property=\"og:url\" content=\"https:\/\/nerdrum.com\/nb\/produkt\/nerdrumkjortelen\/\" \/>\n<meta property=\"og:site_name\" content=\"Odd Nerdrum Official Website\" \/>\n<meta property=\"article:publisher\" content=\"https:\/\/facebook.com\/oddnerdrum\" \/>\n<meta property=\"article:modified_time\" content=\"2026-05-08T11:23:38+00:00\" \/>\n<meta property=\"og:image\" content=\"https:\/\/nerdrum.com\/wp-content\/uploads\/2026\/05\/Kjortel-hvit-scaled.jpg\" \/>\n\t<meta property=\"og:image:width\" content=\"1673\" \/>\n\t<meta property=\"og:image:height\" content=\"2560\" \/>\n\t<meta property=\"og:image:type\" content=\"image\/jpeg\" \/>\n<meta name=\"twitter:card\" content=\"summary_large_image\" \/>\n<meta name=\"twitter:label1\" content=\"Ansl. lesetid\" \/>\n\t<meta name=\"twitter:data1\" content=\"1 minutt\" \/>\n<script type=\"application\/ld+json\" class=\"yoast-schema-graph\">{\"@context\":\"https:\\\/\\\/schema.org\",\"@graph\":[{\"@type\":\"WebPage\",\"@id\":\"https:\\\/\\\/nerdrum.com\\\/product\\\/nerdrums-robe\\\/\",\"url\":\"https:\\\/\\\/nerdrum.com\\\/product\\\/nerdrums-robe\\\/\",\"name\":\"Nerdrum's Robe -\",\"isPartOf\":{\"@id\":\"https:\\\/\\\/nerdrum.com\\\/#website\"},\"primaryImageOfPage\":{\"@id\":\"https:\\\/\\\/nerdrum.com\\\/product\\\/nerdrums-robe\\\/#primaryimage\"},\"image\":{\"@id\":\"https:\\\/\\\/nerdrum.com\\\/product\\\/nerdrums-robe\\\/#primaryimage\"},\"thumbnailUrl\":\"https:\\\/\\\/i0.wp.com\\\/nerdrum.com\\\/wp-content\\\/uploads\\\/2026\\\/05\\\/Kjortel-hvit-scaled.jpg?fit=1673%2C2560&ssl=1\",\"datePublished\":\"2025-01-09T20:17:16+00:00\",\"dateModified\":\"2026-05-08T11:23:38+00:00\",\"breadcrumb\":{\"@id\":\"https:\\\/\\\/nerdrum.com\\\/product\\\/nerdrums-robe\\\/#breadcrumb\"},\"inLanguage\":\"nb-NO\",\"potentialAction\":[{\"@type\":\"ReadAction\",\"target\":[\"https:\\\/\\\/nerdrum.com\\\/product\\\/nerdrums-robe\\\/\"]}]},{\"@type\":\"ImageObject\",\"inLanguage\":\"nb-NO\",\"@id\":\"https:\\\/\\\/nerdrum.com\\\/product\\\/nerdrums-robe\\\/#primaryimage\",\"url\":\"https:\\\/\\\/i0.wp.com\\\/nerdrum.com\\\/wp-content\\\/uploads\\\/2026\\\/05\\\/Kjortel-hvit-scaled.jpg?fit=1673%2C2560&ssl=1\",\"contentUrl\":\"https:\\\/\\\/i0.wp.com\\\/nerdrum.com\\\/wp-content\\\/uploads\\\/2026\\\/05\\\/Kjortel-hvit-scaled.jpg?fit=1673%2C2560&ssl=1\",\"width\":1673,\"height\":2560},{\"@type\":\"BreadcrumbList\",\"@id\":\"https:\\\/\\\/nerdrum.com\\\/product\\\/nerdrums-robe\\\/#breadcrumb\",\"itemListElement\":[{\"@type\":\"ListItem\",\"position\":1,\"name\":\"Home\",\"item\":\"https:\\\/\\\/nerdrum.com\\\/\"},{\"@type\":\"ListItem\",\"position\":2,\"name\":\"Shop\",\"item\":\"https:\\\/\\\/nerdrum.com\\\/nb\\\/nettbutikk\\\/\"},{\"@type\":\"ListItem\",\"position\":3,\"name\":\"Nerdrum&#8217;s Robe\"}]},{\"@type\":\"WebSite\",\"@id\":\"https:\\\/\\\/nerdrum.com\\\/#website\",\"url\":\"https:\\\/\\\/nerdrum.com\\\/\",\"name\":\"Odd Nerdrum Official Website\",\"description\":\"\",\"potentialAction\":[{\"@type\":\"SearchAction\",\"target\":{\"@type\":\"EntryPoint\",\"urlTemplate\":\"https:\\\/\\\/nerdrum.com\\\/?s={search_term_string}\"},\"query-input\":{\"@type\":\"PropertyValueSpecification\",\"valueRequired\":true,\"valueName\":\"search_term_string\"}}],\"inLanguage\":\"nb-NO\"}]}<\/script>\n<!-- \/ Yoast SEO plugin. -->","yoast_head_json":{"title":"Nerdrum's Robe -","robots":{"index":"index","follow":"follow","max-snippet":"max-snippet:-1","max-image-preview":"max-image-preview:large","max-video-preview":"max-video-preview:-1"},"canonical":"https:\/\/nerdrum.com\/nb\/produkt\/nerdrumkjortelen\/","og_locale":"nb_NO","og_type":"article","og_title":"Nerdrum's Robe -","og_description":"Material: 100% organic cotton Fit: Unisex     \u2714\ufe0f Free shipping!","og_url":"https:\/\/nerdrum.com\/nb\/produkt\/nerdrumkjortelen\/","og_site_name":"Odd Nerdrum Official Website","article_publisher":"https:\/\/facebook.com\/oddnerdrum","article_modified_time":"2026-05-08T11:23:38+00:00","og_image":[{"width":1673,"height":2560,"url":"https:\/\/nerdrum.com\/wp-content\/uploads\/2026\/05\/Kjortel-hvit-scaled.jpg","type":"image\/jpeg"}],"twitter_card":"summary_large_image","twitter_misc":{"Ansl. lesetid":"1 minutt"},"schema":{"@context":"https:\/\/schema.org","@graph":[{"@type":"WebPage","@id":"https:\/\/nerdrum.com\/product\/nerdrums-robe\/","url":"https:\/\/nerdrum.com\/product\/nerdrums-robe\/","name":"Nerdrum's Robe -","isPartOf":{"@id":"https:\/\/nerdrum.com\/#website"},"primaryImageOfPage":{"@id":"https:\/\/nerdrum.com\/product\/nerdrums-robe\/#primaryimage"},"image":{"@id":"https:\/\/nerdrum.com\/product\/nerdrums-robe\/#primaryimage"},"thumbnailUrl":"https:\/\/i0.wp.com\/nerdrum.com\/wp-content\/uploads\/2026\/05\/Kjortel-hvit-scaled.jpg?fit=1673%2C2560&ssl=1","datePublished":"2025-01-09T20:17:16+00:00","dateModified":"2026-05-08T11:23:38+00:00","breadcrumb":{"@id":"https:\/\/nerdrum.com\/product\/nerdrums-robe\/#breadcrumb"},"inLanguage":"nb-NO","potentialAction":[{"@type":"ReadAction","target":["https:\/\/nerdrum.com\/product\/nerdrums-robe\/"]}]},{"@type":"ImageObject","inLanguage":"nb-NO","@id":"https:\/\/nerdrum.com\/product\/nerdrums-robe\/#primaryimage","url":"https:\/\/i0.wp.com\/nerdrum.com\/wp-content\/uploads\/2026\/05\/Kjortel-hvit-scaled.jpg?fit=1673%2C2560&ssl=1","contentUrl":"https:\/\/i0.wp.com\/nerdrum.com\/wp-content\/uploads\/2026\/05\/Kjortel-hvit-scaled.jpg?fit=1673%2C2560&ssl=1","width":1673,"height":2560},{"@type":"BreadcrumbList","@id":"https:\/\/nerdrum.com\/product\/nerdrums-robe\/#breadcrumb","itemListElement":[{"@type":"ListItem","position":1,"name":"Home","item":"https:\/\/nerdrum.com\/"},{"@type":"ListItem","position":2,"name":"Shop","item":"https:\/\/nerdrum.com\/nb\/nettbutikk\/"},{"@type":"ListItem","position":3,"name":"Nerdrum&#8217;s Robe"}]},{"@type":"WebSite","@id":"https:\/\/nerdrum.com\/#website","url":"https:\/\/nerdrum.com\/","name":"Odd Nerdrum Official Website","description":"","potentialAction":[{"@type":"SearchAction","target":{"@type":"EntryPoint","urlTemplate":"https:\/\/nerdrum.com\/?s={search_term_string}"},"query-input":{"@type":"PropertyValueSpecification","valueRequired":true,"valueName":"search_term_string"}}],"inLanguage":"nb-NO"}]}},"jetpack_sharing_enabled":true,"_links":{"self":[{"href":"https:\/\/nerdrum.com\/nb\/wp-json\/wp\/v2\/product\/5907","targetHints":{"allow":["GET"]}}],"collection":[{"href":"https:\/\/nerdrum.com\/nb\/wp-json\/wp\/v2\/product"}],"about":[{"href":"https:\/\/nerdrum.com\/nb\/wp-json\/wp\/v2\/types\/product"}],"wp:featuredmedia":[{"embeddable":true,"href":"https:\/\/nerdrum.com\/nb\/wp-json\/wp\/v2\/media\/6756"}],"wp:attachment":[{"href":"https:\/\/nerdrum.com\/nb\/wp-json\/wp\/v2\/media?parent=5907"}],"wp:term":[{"taxonomy":"product_brand","embeddable":true,"href":"https:\/\/nerdrum.com\/nb\/wp-json\/wp\/v2\/product_brand?post=5907"},{"taxonomy":"product_cat","embeddable":true,"href":"https:\/\/nerdrum.com\/nb\/wp-json\/wp\/v2\/product_cat?post=5907"},{"taxonomy":"product_tag","embeddable":true,"href":"https:\/\/nerdrum.com\/nb\/wp-json\/wp\/v2\/product_tag?post=5907"}],"curies":[{"name":"wp","href":"https:\/\/api.w.org\/{rel}","templated":true}]}}