{"id":6679,"date":"2026-04-16T20:56:21","date_gmt":"2026-04-16T19:56:21","guid":{"rendered":"https:\/\/nerdrum.com\/?post_type=product&#038;p=6679"},"modified":"2026-04-22T10:01:02","modified_gmt":"2026-04-22T09:01:02","slug":"jakten-pa-den-merkelige-nerdrumen-2026","status":"publish","type":"product","link":"https:\/\/nerdrum.com\/nb\/produkt\/jakten-pa-den-merkelige-nerdrumen-2026\/","title":{"rendered":"Jakten p\u00e5 Nerdrum (2026)"},"content":{"rendered":"<p>Hvordan kunne \u00e9n fra det lille landet Norge bli en\ndel av den tidl\u00f8se mesterkulturen \u2013 hvordan fant\nhan frem i en tid uten verkstedstradisjon? For \u00e5 oppspore Odd Nerdrums inspirasjonskilder, legger\nvi ut p\u00e5 en reise til metropolene i Amerika og Europa. Vi bes\u00f8ker mus\u00e9ene og menneskene som krysset malerens vei i hans utrettelige jakt p\u00e5 mesterverket.<\/p>\n<p>Den originale filmserien er tilgjengelig p\u00e5 <a href=\"https:\/\/vimeo.com\/ondemand\/oddnerdrum\" target=\"_blank\">Vimeo<\/a>.<\/p>","protected":false},"excerpt":{"rendered":"<p>Forfattet av: Jan-Ove Tuv, Bork &amp; \u00d6de Nerdrum<br \/>\nForlag: Nerdrum Museum Press<br \/>\nSider: 151<br \/>\nInnbinding: Heftet bok<br \/>\nUtgivelses\u00e5r: 2026<\/p>","protected":false},"featured_media":6681,"template":"","meta":{"_FSMCFIC_featured_image_caption":"","_FSMCFIC_featured_image_nocaption":"","_FSMCFIC_featured_image_hide":""},"product_brand":[],"product_cat":[20],"product_tag":[],"class_list":{"0":"post-6679","1":"product","2":"type-product","3":"status-publish","4":"has-post-thumbnail","6":"product_cat-books","7":"product_shipping_class-books","9":"first","10":"instock","11":"taxable","12":"shipping-taxable","13":"purchasable","14":"product-type-variable","15":"has-default-attributes"},"yoast_head":"<!-- This site is optimized with the Yoast SEO plugin v25.3 - https:\/\/yoast.com\/wordpress\/plugins\/seo\/ -->\n<title>The Hunt of Odd Nerdrum (2026) -<\/title>\n<meta name=\"robots\" content=\"index, follow, max-snippet:-1, max-image-preview:large, max-video-preview:-1\" \/>\n<link rel=\"canonical\" href=\"https:\/\/nerdrum.com\/nb\/produkt\/jakten-pa-den-merkelige-nerdrumen-2026\/\" \/>\n<meta property=\"og:locale\" content=\"nb_NO\" \/>\n<meta property=\"og:type\" content=\"article\" \/>\n<meta property=\"og:title\" content=\"The Hunt of Odd Nerdrum (2026) -\" \/>\n<meta property=\"og:description\" content=\"Written by: Jan-Ove Tuv, Bork &amp; \u00d6de Nerdrum Publisher: Nerdrum Museum Press Pages: 151 Binding: Softcover Year of release: 2026\" \/>\n<meta property=\"og:url\" content=\"https:\/\/nerdrum.com\/nb\/produkt\/jakten-pa-den-merkelige-nerdrumen-2026\/\" \/>\n<meta property=\"og:site_name\" content=\"Odd Nerdrum Official Website\" \/>\n<meta property=\"article:publisher\" content=\"https:\/\/facebook.com\/oddnerdrum\" \/>\n<meta property=\"article:modified_time\" content=\"2026-04-22T09:01:02+00:00\" \/>\n<meta property=\"og:image\" content=\"https:\/\/nerdrum.com\/wp-content\/uploads\/2026\/04\/The-Hunt-of-Odd-Nerdrum-book.jpg\" \/>\n\t<meta property=\"og:image:width\" content=\"1796\" \/>\n\t<meta property=\"og:image:height\" content=\"2529\" \/>\n\t<meta property=\"og:image:type\" content=\"image\/jpeg\" \/>\n<meta name=\"twitter:card\" content=\"summary_large_image\" \/>\n<meta name=\"twitter:label1\" content=\"Ansl. lesetid\" \/>\n\t<meta name=\"twitter:data1\" content=\"1 minutt\" \/>\n<script type=\"application\/ld+json\" class=\"yoast-schema-graph\">{\"@context\":\"https:\/\/schema.org\",\"@graph\":[{\"@type\":\"WebPage\",\"@id\":\"https:\/\/nerdrum.com\/product\/the-hunt-of-odd-nerdrum-2026\/\",\"url\":\"https:\/\/nerdrum.com\/product\/the-hunt-of-odd-nerdrum-2026\/\",\"name\":\"The Hunt of Odd Nerdrum (2026) -\",\"isPartOf\":{\"@id\":\"https:\/\/nerdrum.com\/#website\"},\"primaryImageOfPage\":{\"@id\":\"https:\/\/nerdrum.com\/product\/the-hunt-of-odd-nerdrum-2026\/#primaryimage\"},\"image\":{\"@id\":\"https:\/\/nerdrum.com\/product\/the-hunt-of-odd-nerdrum-2026\/#primaryimage\"},\"thumbnailUrl\":\"https:\/\/i0.wp.com\/nerdrum.com\/wp-content\/uploads\/2026\/04\/The-Hunt-of-Odd-Nerdrum-book.jpg?fit=1796%2C2529&ssl=1\",\"datePublished\":\"2026-04-16T19:56:21+00:00\",\"dateModified\":\"2026-04-22T09:01:02+00:00\",\"breadcrumb\":{\"@id\":\"https:\/\/nerdrum.com\/product\/the-hunt-of-odd-nerdrum-2026\/#breadcrumb\"},\"inLanguage\":\"nb-NO\",\"potentialAction\":[{\"@type\":\"ReadAction\",\"target\":[\"https:\/\/nerdrum.com\/product\/the-hunt-of-odd-nerdrum-2026\/\"]}]},{\"@type\":\"ImageObject\",\"inLanguage\":\"nb-NO\",\"@id\":\"https:\/\/nerdrum.com\/product\/the-hunt-of-odd-nerdrum-2026\/#primaryimage\",\"url\":\"https:\/\/i0.wp.com\/nerdrum.com\/wp-content\/uploads\/2026\/04\/The-Hunt-of-Odd-Nerdrum-book.jpg?fit=1796%2C2529&ssl=1\",\"contentUrl\":\"https:\/\/i0.wp.com\/nerdrum.com\/wp-content\/uploads\/2026\/04\/The-Hunt-of-Odd-Nerdrum-book.jpg?fit=1796%2C2529&ssl=1\",\"width\":1796,\"height\":2529},{\"@type\":\"BreadcrumbList\",\"@id\":\"https:\/\/nerdrum.com\/product\/the-hunt-of-odd-nerdrum-2026\/#breadcrumb\",\"itemListElement\":[{\"@type\":\"ListItem\",\"position\":1,\"name\":\"Home\",\"item\":\"https:\/\/nerdrum.com\/\"},{\"@type\":\"ListItem\",\"position\":2,\"name\":\"Shop\",\"item\":\"https:\/\/nerdrum.com\/nb\/nettbutikk\/\"},{\"@type\":\"ListItem\",\"position\":3,\"name\":\"The Hunt of Odd Nerdrum (2026)\"}]},{\"@type\":\"WebSite\",\"@id\":\"https:\/\/nerdrum.com\/#website\",\"url\":\"https:\/\/nerdrum.com\/\",\"name\":\"Odd Nerdrum Official Website\",\"description\":\"\",\"potentialAction\":[{\"@type\":\"SearchAction\",\"target\":{\"@type\":\"EntryPoint\",\"urlTemplate\":\"https:\/\/nerdrum.com\/?s={search_term_string}\"},\"query-input\":{\"@type\":\"PropertyValueSpecification\",\"valueRequired\":true,\"valueName\":\"search_term_string\"}}],\"inLanguage\":\"nb-NO\"}]}<\/script>\n<!-- \/ Yoast SEO plugin. -->","yoast_head_json":{"title":"The Hunt of Odd Nerdrum (2026) -","robots":{"index":"index","follow":"follow","max-snippet":"max-snippet:-1","max-image-preview":"max-image-preview:large","max-video-preview":"max-video-preview:-1"},"canonical":"https:\/\/nerdrum.com\/nb\/produkt\/jakten-pa-den-merkelige-nerdrumen-2026\/","og_locale":"nb_NO","og_type":"article","og_title":"The Hunt of Odd Nerdrum (2026) -","og_description":"Written by: Jan-Ove Tuv, Bork & \u00d6de Nerdrum Publisher: Nerdrum Museum Press Pages: 151 Binding: Softcover Year of release: 2026","og_url":"https:\/\/nerdrum.com\/nb\/produkt\/jakten-pa-den-merkelige-nerdrumen-2026\/","og_site_name":"Odd Nerdrum Official Website","article_publisher":"https:\/\/facebook.com\/oddnerdrum","article_modified_time":"2026-04-22T09:01:02+00:00","og_image":[{"width":1796,"height":2529,"url":"https:\/\/nerdrum.com\/wp-content\/uploads\/2026\/04\/The-Hunt-of-Odd-Nerdrum-book.jpg","type":"image\/jpeg"}],"twitter_card":"summary_large_image","twitter_misc":{"Ansl. lesetid":"1 minutt"},"schema":{"@context":"https:\/\/schema.org","@graph":[{"@type":"WebPage","@id":"https:\/\/nerdrum.com\/product\/the-hunt-of-odd-nerdrum-2026\/","url":"https:\/\/nerdrum.com\/product\/the-hunt-of-odd-nerdrum-2026\/","name":"The Hunt of Odd Nerdrum (2026) -","isPartOf":{"@id":"https:\/\/nerdrum.com\/#website"},"primaryImageOfPage":{"@id":"https:\/\/nerdrum.com\/product\/the-hunt-of-odd-nerdrum-2026\/#primaryimage"},"image":{"@id":"https:\/\/nerdrum.com\/product\/the-hunt-of-odd-nerdrum-2026\/#primaryimage"},"thumbnailUrl":"https:\/\/i0.wp.com\/nerdrum.com\/wp-content\/uploads\/2026\/04\/The-Hunt-of-Odd-Nerdrum-book.jpg?fit=1796%2C2529&ssl=1","datePublished":"2026-04-16T19:56:21+00:00","dateModified":"2026-04-22T09:01:02+00:00","breadcrumb":{"@id":"https:\/\/nerdrum.com\/product\/the-hunt-of-odd-nerdrum-2026\/#breadcrumb"},"inLanguage":"nb-NO","potentialAction":[{"@type":"ReadAction","target":["https:\/\/nerdrum.com\/product\/the-hunt-of-odd-nerdrum-2026\/"]}]},{"@type":"ImageObject","inLanguage":"nb-NO","@id":"https:\/\/nerdrum.com\/product\/the-hunt-of-odd-nerdrum-2026\/#primaryimage","url":"https:\/\/i0.wp.com\/nerdrum.com\/wp-content\/uploads\/2026\/04\/The-Hunt-of-Odd-Nerdrum-book.jpg?fit=1796%2C2529&ssl=1","contentUrl":"https:\/\/i0.wp.com\/nerdrum.com\/wp-content\/uploads\/2026\/04\/The-Hunt-of-Odd-Nerdrum-book.jpg?fit=1796%2C2529&ssl=1","width":1796,"height":2529},{"@type":"BreadcrumbList","@id":"https:\/\/nerdrum.com\/product\/the-hunt-of-odd-nerdrum-2026\/#breadcrumb","itemListElement":[{"@type":"ListItem","position":1,"name":"Home","item":"https:\/\/nerdrum.com\/"},{"@type":"ListItem","position":2,"name":"Shop","item":"https:\/\/nerdrum.com\/nb\/nettbutikk\/"},{"@type":"ListItem","position":3,"name":"The Hunt of Odd Nerdrum (2026)"}]},{"@type":"WebSite","@id":"https:\/\/nerdrum.com\/#website","url":"https:\/\/nerdrum.com\/","name":"Odd Nerdrum Official Website","description":"","potentialAction":[{"@type":"SearchAction","target":{"@type":"EntryPoint","urlTemplate":"https:\/\/nerdrum.com\/?s={search_term_string}"},"query-input":{"@type":"PropertyValueSpecification","valueRequired":true,"valueName":"search_term_string"}}],"inLanguage":"nb-NO"}]}},"jetpack_sharing_enabled":true,"_links":{"self":[{"href":"https:\/\/nerdrum.com\/nb\/wp-json\/wp\/v2\/product\/6679","targetHints":{"allow":["GET"]}}],"collection":[{"href":"https:\/\/nerdrum.com\/nb\/wp-json\/wp\/v2\/product"}],"about":[{"href":"https:\/\/nerdrum.com\/nb\/wp-json\/wp\/v2\/types\/product"}],"wp:featuredmedia":[{"embeddable":true,"href":"https:\/\/nerdrum.com\/nb\/wp-json\/wp\/v2\/media\/6681"}],"wp:attachment":[{"href":"https:\/\/nerdrum.com\/nb\/wp-json\/wp\/v2\/media?parent=6679"}],"wp:term":[{"taxonomy":"product_brand","embeddable":true,"href":"https:\/\/nerdrum.com\/nb\/wp-json\/wp\/v2\/product_brand?post=6679"},{"taxonomy":"product_cat","embeddable":true,"href":"https:\/\/nerdrum.com\/nb\/wp-json\/wp\/v2\/product_cat?post=6679"},{"taxonomy":"product_tag","embeddable":true,"href":"https:\/\/nerdrum.com\/nb\/wp-json\/wp\/v2\/product_tag?post=6679"}],"curies":[{"name":"wp","href":"https:\/\/api.w.org\/{rel}","templated":true}]}}