{"id":6751,"date":"2026-05-07T18:44:17","date_gmt":"2026-05-07T17:44:17","guid":{"rendered":"https:\/\/nerdrum.com\/?post_type=product&#038;p=6751"},"modified":"2026-05-08T12:24:01","modified_gmt":"2026-05-08T11:24:01","slug":"malingsforkle","status":"publish","type":"product","link":"https:\/\/nerdrum.com\/nb\/produkt\/malingsforkle\/","title":{"rendered":"Malerforklede"},"content":{"rendered":"<p>Malerforkleet er lavet av hundre prosent naturlig lin, og er designet for \u00e5 kombinere tidl\u00f8s eleganse med hverdagsfunksjon. Linens rike tekstur gir plagget b\u00e5de holdbarhet og mykhet, slik at det eldes vakkert.<\/p>\n<p>De solide perlemorknappene og den broderte kitschsommerfuglen gir plagget en raffinert karakter. Forkledet er feminint, men likevel praktisk, og er lavet for \u00e5 bevege seg uanstrengt mellom verksted og hverdagsliv \u2013 det beskytter kl\u00e6rne dine samtidig som det forblir elegant nok til \u00e5 anvendes som en del av antrekket ditt.<\/p>\n<p>Forkledet best\u00e5r av to separate deler, med en avtakbar smekke som kan kneppes av eller p\u00e5 etter \u00f8nske. Den romslige lommen er ogs\u00e5 avtakbar, noe som gir fleksibilitet. Begge delene justeres med knyting i midjen for en personlig og komfortabel passform.<\/p>\n<p>\u00c9n st\u00f8rrelse passer omtrent fra liten til stor. H\u00e5ndlavet med omhu og varig kvalitet i tankene.<\/p>\n<p><strong>NB!<\/strong> Produksjonstiden er omtrent 1\u20134 uker.<\/p>\n<p><strong>Modell:<\/strong> Emanuelle Capatos<\/p>","protected":false},"excerpt":{"rendered":"<p>Materiale: 100% kvalitetslin fra Italia<\/p>\n<p>Knapper: Perlemor<\/p>\n<p>Farge: Varm gr\u00e5<\/p>\n<hr \/>\n<p><big style=\"color: #000;\">\u2714\ufe0f Gratis frakt!<\/big><\/p>","protected":false},"featured_media":6752,"template":"","meta":{"_FSMCFIC_featured_image_caption":"","_FSMCFIC_featured_image_nocaption":"","_FSMCFIC_featured_image_hide":""},"product_brand":[],"product_cat":[29],"product_tag":[],"class_list":{"0":"post-6751","1":"product","2":"type-product","3":"status-publish","4":"has-post-thumbnail","6":"product_cat-clothing","8":"first","9":"instock","10":"taxable","11":"shipping-taxable","12":"purchasable","13":"product-type-simple"},"yoast_head":"<!-- This site is optimized with the Yoast SEO plugin v27.5 - https:\/\/yoast.com\/product\/yoast-seo-wordpress\/ -->\n<title>Painting Apron -<\/title>\n<meta name=\"robots\" content=\"index, follow, max-snippet:-1, max-image-preview:large, max-video-preview:-1\" \/>\n<link rel=\"canonical\" href=\"https:\/\/nerdrum.com\/nb\/produkt\/malingsforkle\/\" \/>\n<meta property=\"og:locale\" content=\"nb_NO\" \/>\n<meta property=\"og:type\" content=\"article\" \/>\n<meta property=\"og:title\" content=\"Painting Apron -\" \/>\n<meta property=\"og:description\" content=\"Material: 100% quality linen from Italy  Buttons: Mother-of-Pearl  Color: Warm Grey    \u2714\ufe0f Free shipping!\" \/>\n<meta property=\"og:url\" content=\"https:\/\/nerdrum.com\/nb\/produkt\/malingsforkle\/\" \/>\n<meta property=\"og:site_name\" content=\"Odd Nerdrum Official Website\" \/>\n<meta property=\"article:publisher\" content=\"https:\/\/facebook.com\/oddnerdrum\" \/>\n<meta property=\"article:modified_time\" content=\"2026-05-08T11:24:01+00:00\" \/>\n<meta property=\"og:image\" content=\"https:\/\/nerdrum.com\/wp-content\/uploads\/2026\/05\/Forklede-scaled.jpg\" \/>\n\t<meta property=\"og:image:width\" content=\"1707\" \/>\n\t<meta property=\"og:image:height\" content=\"2560\" \/>\n\t<meta property=\"og:image:type\" content=\"image\/jpeg\" \/>\n<meta name=\"twitter:card\" content=\"summary_large_image\" \/>\n<meta name=\"twitter:label1\" content=\"Ansl. lesetid\" \/>\n\t<meta name=\"twitter:data1\" content=\"1 minutt\" \/>\n<script type=\"application\/ld+json\" class=\"yoast-schema-graph\">{\"@context\":\"https:\\\/\\\/schema.org\",\"@graph\":[{\"@type\":\"WebPage\",\"@id\":\"https:\\\/\\\/nerdrum.com\\\/product\\\/painting-apron\\\/\",\"url\":\"https:\\\/\\\/nerdrum.com\\\/product\\\/painting-apron\\\/\",\"name\":\"Painting Apron -\",\"isPartOf\":{\"@id\":\"https:\\\/\\\/nerdrum.com\\\/#website\"},\"primaryImageOfPage\":{\"@id\":\"https:\\\/\\\/nerdrum.com\\\/product\\\/painting-apron\\\/#primaryimage\"},\"image\":{\"@id\":\"https:\\\/\\\/nerdrum.com\\\/product\\\/painting-apron\\\/#primaryimage\"},\"thumbnailUrl\":\"https:\\\/\\\/i0.wp.com\\\/nerdrum.com\\\/wp-content\\\/uploads\\\/2026\\\/05\\\/Forklede-scaled.jpg?fit=1707%2C2560&ssl=1\",\"datePublished\":\"2026-05-07T17:44:17+00:00\",\"dateModified\":\"2026-05-08T11:24:01+00:00\",\"breadcrumb\":{\"@id\":\"https:\\\/\\\/nerdrum.com\\\/product\\\/painting-apron\\\/#breadcrumb\"},\"inLanguage\":\"nb-NO\",\"potentialAction\":[{\"@type\":\"ReadAction\",\"target\":[\"https:\\\/\\\/nerdrum.com\\\/product\\\/painting-apron\\\/\"]}]},{\"@type\":\"ImageObject\",\"inLanguage\":\"nb-NO\",\"@id\":\"https:\\\/\\\/nerdrum.com\\\/product\\\/painting-apron\\\/#primaryimage\",\"url\":\"https:\\\/\\\/i0.wp.com\\\/nerdrum.com\\\/wp-content\\\/uploads\\\/2026\\\/05\\\/Forklede-scaled.jpg?fit=1707%2C2560&ssl=1\",\"contentUrl\":\"https:\\\/\\\/i0.wp.com\\\/nerdrum.com\\\/wp-content\\\/uploads\\\/2026\\\/05\\\/Forklede-scaled.jpg?fit=1707%2C2560&ssl=1\",\"width\":1707,\"height\":2560},{\"@type\":\"BreadcrumbList\",\"@id\":\"https:\\\/\\\/nerdrum.com\\\/product\\\/painting-apron\\\/#breadcrumb\",\"itemListElement\":[{\"@type\":\"ListItem\",\"position\":1,\"name\":\"Home\",\"item\":\"https:\\\/\\\/nerdrum.com\\\/\"},{\"@type\":\"ListItem\",\"position\":2,\"name\":\"Shop\",\"item\":\"https:\\\/\\\/nerdrum.com\\\/nb\\\/nettbutikk\\\/\"},{\"@type\":\"ListItem\",\"position\":3,\"name\":\"Painting Apron\"}]},{\"@type\":\"WebSite\",\"@id\":\"https:\\\/\\\/nerdrum.com\\\/#website\",\"url\":\"https:\\\/\\\/nerdrum.com\\\/\",\"name\":\"Odd Nerdrum Official Website\",\"description\":\"\",\"potentialAction\":[{\"@type\":\"SearchAction\",\"target\":{\"@type\":\"EntryPoint\",\"urlTemplate\":\"https:\\\/\\\/nerdrum.com\\\/?s={search_term_string}\"},\"query-input\":{\"@type\":\"PropertyValueSpecification\",\"valueRequired\":true,\"valueName\":\"search_term_string\"}}],\"inLanguage\":\"nb-NO\"}]}<\/script>\n<!-- \/ Yoast SEO plugin. -->","yoast_head_json":{"title":"Painting Apron -","robots":{"index":"index","follow":"follow","max-snippet":"max-snippet:-1","max-image-preview":"max-image-preview:large","max-video-preview":"max-video-preview:-1"},"canonical":"https:\/\/nerdrum.com\/nb\/produkt\/malingsforkle\/","og_locale":"nb_NO","og_type":"article","og_title":"Painting Apron -","og_description":"Material: 100% quality linen from Italy  Buttons: Mother-of-Pearl  Color: Warm Grey    \u2714\ufe0f Free shipping!","og_url":"https:\/\/nerdrum.com\/nb\/produkt\/malingsforkle\/","og_site_name":"Odd Nerdrum Official Website","article_publisher":"https:\/\/facebook.com\/oddnerdrum","article_modified_time":"2026-05-08T11:24:01+00:00","og_image":[{"width":1707,"height":2560,"url":"https:\/\/nerdrum.com\/wp-content\/uploads\/2026\/05\/Forklede-scaled.jpg","type":"image\/jpeg"}],"twitter_card":"summary_large_image","twitter_misc":{"Ansl. lesetid":"1 minutt"},"schema":{"@context":"https:\/\/schema.org","@graph":[{"@type":"WebPage","@id":"https:\/\/nerdrum.com\/product\/painting-apron\/","url":"https:\/\/nerdrum.com\/product\/painting-apron\/","name":"Painting Apron -","isPartOf":{"@id":"https:\/\/nerdrum.com\/#website"},"primaryImageOfPage":{"@id":"https:\/\/nerdrum.com\/product\/painting-apron\/#primaryimage"},"image":{"@id":"https:\/\/nerdrum.com\/product\/painting-apron\/#primaryimage"},"thumbnailUrl":"https:\/\/i0.wp.com\/nerdrum.com\/wp-content\/uploads\/2026\/05\/Forklede-scaled.jpg?fit=1707%2C2560&ssl=1","datePublished":"2026-05-07T17:44:17+00:00","dateModified":"2026-05-08T11:24:01+00:00","breadcrumb":{"@id":"https:\/\/nerdrum.com\/product\/painting-apron\/#breadcrumb"},"inLanguage":"nb-NO","potentialAction":[{"@type":"ReadAction","target":["https:\/\/nerdrum.com\/product\/painting-apron\/"]}]},{"@type":"ImageObject","inLanguage":"nb-NO","@id":"https:\/\/nerdrum.com\/product\/painting-apron\/#primaryimage","url":"https:\/\/i0.wp.com\/nerdrum.com\/wp-content\/uploads\/2026\/05\/Forklede-scaled.jpg?fit=1707%2C2560&ssl=1","contentUrl":"https:\/\/i0.wp.com\/nerdrum.com\/wp-content\/uploads\/2026\/05\/Forklede-scaled.jpg?fit=1707%2C2560&ssl=1","width":1707,"height":2560},{"@type":"BreadcrumbList","@id":"https:\/\/nerdrum.com\/product\/painting-apron\/#breadcrumb","itemListElement":[{"@type":"ListItem","position":1,"name":"Home","item":"https:\/\/nerdrum.com\/"},{"@type":"ListItem","position":2,"name":"Shop","item":"https:\/\/nerdrum.com\/nb\/nettbutikk\/"},{"@type":"ListItem","position":3,"name":"Painting Apron"}]},{"@type":"WebSite","@id":"https:\/\/nerdrum.com\/#website","url":"https:\/\/nerdrum.com\/","name":"Odd Nerdrum Official Website","description":"","potentialAction":[{"@type":"SearchAction","target":{"@type":"EntryPoint","urlTemplate":"https:\/\/nerdrum.com\/?s={search_term_string}"},"query-input":{"@type":"PropertyValueSpecification","valueRequired":true,"valueName":"search_term_string"}}],"inLanguage":"nb-NO"}]}},"jetpack_sharing_enabled":true,"_links":{"self":[{"href":"https:\/\/nerdrum.com\/nb\/wp-json\/wp\/v2\/product\/6751","targetHints":{"allow":["GET"]}}],"collection":[{"href":"https:\/\/nerdrum.com\/nb\/wp-json\/wp\/v2\/product"}],"about":[{"href":"https:\/\/nerdrum.com\/nb\/wp-json\/wp\/v2\/types\/product"}],"wp:featuredmedia":[{"embeddable":true,"href":"https:\/\/nerdrum.com\/nb\/wp-json\/wp\/v2\/media\/6752"}],"wp:attachment":[{"href":"https:\/\/nerdrum.com\/nb\/wp-json\/wp\/v2\/media?parent=6751"}],"wp:term":[{"taxonomy":"product_brand","embeddable":true,"href":"https:\/\/nerdrum.com\/nb\/wp-json\/wp\/v2\/product_brand?post=6751"},{"taxonomy":"product_cat","embeddable":true,"href":"https:\/\/nerdrum.com\/nb\/wp-json\/wp\/v2\/product_cat?post=6751"},{"taxonomy":"product_tag","embeddable":true,"href":"https:\/\/nerdrum.com\/nb\/wp-json\/wp\/v2\/product_tag?post=6751"}],"curies":[{"name":"wp","href":"https:\/\/api.w.org\/{rel}","templated":true}]}}