{"id":797,"date":"2020-08-05T11:41:18","date_gmt":"2020-08-05T10:41:18","guid":{"rendered":"https:\/\/nerdrum.com\/?post_type=product&#038;p=797"},"modified":"2026-04-16T22:07:49","modified_gmt":"2026-04-16T21:07:49","slug":"jakten-paa-nerdrum-2018","status":"publish","type":"product","link":"https:\/\/nerdrum.com\/nb\/produkt\/jakten-paa-nerdrum-2018\/","title":{"rendered":"Jakten p\u00e5 Odd Nerdrum (film fra 2018)"},"content":{"rendered":"<div class=\"videoWrapper\"><iframe loading=\"lazy\" width=\"1280\" height=\"720\" src=\"https:\/\/www.youtube.com\/embed\/fPO9yMM6W_o\" title=\"The Hunt of Odd Nerdrum (2018) Offisiell trailer #2 - en Bork Nerdrum-film\" frameborder=\"0\" allow=\"accelerometer; autoplay; clipboard-write; encrypted-media; gyroscope; picture-in-picture; web-share\" allowfullscreen><\/iframe><\/div>\n<p>Malerens egen s\u00f8nn \u00d6de og tidligere elev Jan-Ove Tuv \u2013 bestemmer seg for \u00e5 reise verden rundt for \u00e5 spore opp menneskene og mus\u00e9ene som har krysset Nerdrums spor i det som har v\u00e6rt hans egen s\u00f8ken efter det fullendte mesterverk.<\/p>\n<p>Da Odd Nerdrum br\u00f8ytet seg opp og frem i kunstverden p\u00e5 1960-tallet, gjorde han det med et formsprog som man ikke hadde sett maken til siden Barokken. I dag er han av mange regnet som en av de fremste innen klassisk maleri og han tar imot elever fra hele verden.<\/p>\n<blockquote><p>\"Jeg m\u00e5 si at jeg b\u00e5de gammeldags og ny. Det finnes ikke noe tid i mitt liv. Jeg er tidl\u00f8s.\"<br \/>\n\u2014 Odd Nerdrum, 1980<\/p><\/blockquote>\n<p>Fra den spede begynnelse som flyktning under 2. verdenskrig til skattesaken i Norge som medf\u00f8rte en dom p\u00e5 2 \u00e5r i fengsel, tar dokumentaren deg p\u00e5 en reise gjennom de avgj\u00f8rende \u00f8yeblikkene i Odd Nerdrums liv og den skjulte kunnskapen han har tilegnet seg fra selv den mest ukjente maler fra historien.<\/p>","protected":false},"excerpt":{"rendered":"<p class=\"meta-info\"><span class=\"meta-info__label\"><strong>Spilletid<\/strong>: <\/span><span class=\"meta-info__content\">4 timer og 26 minutter<br \/>\n<\/span><span class=\"meta-info__label\"><strong>Teksting<\/strong>: <\/span><span class=\"meta-info__content\">Engelsk, spansk, kantonesisk, mandarin, norsk<\/span><\/p>\n<p>Jakten p\u00e5 Nerdrum er en dokumentarserie i 6 deler om Odd Nerdrums liv og arbeider.<\/p>\n<p><strong>NB!<\/strong> DVD-en er ikke tilgjengelig enda, men du kan <a href=\"https:\/\/vimeo.com\/ondemand\/oddnerdrum\" target=\"_blank\" rel=\"noopener noreferrer\">str\u00f8mme dokumentaren p\u00e5 Vimeo<\/a> hvor du ogs\u00e5 kan leie og kj\u00f8pe individuelle episoder.<\/p>\n<p><a href=\"https:\/\/vimeo.com\/ondemand\/oddnerdrum\" target=\"_blank\" rel=\"noopener noreferrer\"><\/p>\n<div id=\"addTenRow\" class=\"red-btn\" style=\"clear: both; text-align: center; width: 140px; margin: 15px 0 25px 0; line-height: 39px;\"><span class=\"swash\"><span style=\"vertical-align:sub;margin-right:5px;font-size:1.2em;\" class=\"dashicons dashicons-controls-play\"><\/span>Se filmen n\u00e5<\/span><\/div>\n<p><\/a><\/p>","protected":false},"featured_media":798,"template":"","meta":{"_FSMCFIC_featured_image_caption":"","_FSMCFIC_featured_image_nocaption":"","_FSMCFIC_featured_image_hide":""},"product_brand":[],"product_cat":[21],"product_tag":[],"class_list":{"0":"post-797","1":"product","2":"type-product","3":"status-publish","4":"has-post-thumbnail","6":"product_cat-movies","8":"first","9":"instock","10":"virtual","11":"sold-individually","12":"taxable","13":"purchasable","14":"product-type-simple"},"yoast_head":"<!-- This site is optimized with the Yoast SEO plugin v25.3 - https:\/\/yoast.com\/wordpress\/plugins\/seo\/ -->\n<title>The Hunt of Odd Nerdrum (2018 film) -<\/title>\n<meta name=\"robots\" content=\"index, follow, max-snippet:-1, max-image-preview:large, max-video-preview:-1\" \/>\n<link rel=\"canonical\" href=\"https:\/\/nerdrum.com\/nb\/produkt\/jakten-paa-nerdrum-2018\/\" \/>\n<meta property=\"og:locale\" content=\"nb_NO\" \/>\n<meta property=\"og:type\" content=\"article\" \/>\n<meta property=\"og:title\" content=\"The Hunt of Odd Nerdrum (2018 film) -\" \/>\n<meta property=\"og:description\" content=\"Duration: 4 hours 26 minutes Subtitles: English, Spanish, Cantonese, Mandarin, Norwegian The Hunt of Odd Nerdrum is a documentary-series in six parts about Odd Nerdrum\u2019s life and work.  NOTE: The DVD is not yet available, but you can stream the documentary on Vimeo where you can also rent and purchase individual episodes.  Watch now\" \/>\n<meta property=\"og:url\" content=\"https:\/\/nerdrum.com\/nb\/produkt\/jakten-paa-nerdrum-2018\/\" \/>\n<meta property=\"og:site_name\" content=\"Odd Nerdrum Official Website\" \/>\n<meta property=\"article:publisher\" content=\"https:\/\/facebook.com\/oddnerdrum\" \/>\n<meta property=\"article:modified_time\" content=\"2026-04-16T21:07:49+00:00\" \/>\n<meta property=\"og:image\" content=\"https:\/\/nerdrum.com\/wp-content\/uploads\/2020\/08\/JPN-Cover-2-ENGLISH.jpg\" \/>\n\t<meta property=\"og:image:width\" content=\"1269\" \/>\n\t<meta property=\"og:image:height\" content=\"1800\" \/>\n\t<meta property=\"og:image:type\" content=\"image\/jpeg\" \/>\n<meta name=\"twitter:card\" content=\"summary_large_image\" \/>\n<meta name=\"twitter:label1\" content=\"Ansl. lesetid\" \/>\n\t<meta name=\"twitter:data1\" content=\"1 minutt\" \/>\n<script type=\"application\/ld+json\" class=\"yoast-schema-graph\">{\"@context\":\"https:\/\/schema.org\",\"@graph\":[{\"@type\":\"WebPage\",\"@id\":\"https:\/\/nerdrum.com\/product\/the-hunt-of-odd-nerdrum-2018\/\",\"url\":\"https:\/\/nerdrum.com\/product\/the-hunt-of-odd-nerdrum-2018\/\",\"name\":\"The Hunt of Odd Nerdrum (2018 film) -\",\"isPartOf\":{\"@id\":\"https:\/\/nerdrum.com\/#website\"},\"primaryImageOfPage\":{\"@id\":\"https:\/\/nerdrum.com\/product\/the-hunt-of-odd-nerdrum-2018\/#primaryimage\"},\"image\":{\"@id\":\"https:\/\/nerdrum.com\/product\/the-hunt-of-odd-nerdrum-2018\/#primaryimage\"},\"thumbnailUrl\":\"https:\/\/i0.wp.com\/nerdrum.com\/wp-content\/uploads\/2020\/08\/JPN-Cover-2-ENGLISH.jpg?fit=1269%2C1800&ssl=1\",\"datePublished\":\"2020-08-05T10:41:18+00:00\",\"dateModified\":\"2026-04-16T21:07:49+00:00\",\"breadcrumb\":{\"@id\":\"https:\/\/nerdrum.com\/product\/the-hunt-of-odd-nerdrum-2018\/#breadcrumb\"},\"inLanguage\":\"nb-NO\",\"potentialAction\":[{\"@type\":\"ReadAction\",\"target\":[\"https:\/\/nerdrum.com\/product\/the-hunt-of-odd-nerdrum-2018\/\"]}]},{\"@type\":\"ImageObject\",\"inLanguage\":\"nb-NO\",\"@id\":\"https:\/\/nerdrum.com\/product\/the-hunt-of-odd-nerdrum-2018\/#primaryimage\",\"url\":\"https:\/\/i0.wp.com\/nerdrum.com\/wp-content\/uploads\/2020\/08\/JPN-Cover-2-ENGLISH.jpg?fit=1269%2C1800&ssl=1\",\"contentUrl\":\"https:\/\/i0.wp.com\/nerdrum.com\/wp-content\/uploads\/2020\/08\/JPN-Cover-2-ENGLISH.jpg?fit=1269%2C1800&ssl=1\",\"width\":1269,\"height\":1800},{\"@type\":\"BreadcrumbList\",\"@id\":\"https:\/\/nerdrum.com\/product\/the-hunt-of-odd-nerdrum-2018\/#breadcrumb\",\"itemListElement\":[{\"@type\":\"ListItem\",\"position\":1,\"name\":\"Home\",\"item\":\"https:\/\/nerdrum.com\/\"},{\"@type\":\"ListItem\",\"position\":2,\"name\":\"Shop\",\"item\":\"https:\/\/nerdrum.com\/nb\/nettbutikk\/\"},{\"@type\":\"ListItem\",\"position\":3,\"name\":\"The Hunt of Odd Nerdrum (2018 film)\"}]},{\"@type\":\"WebSite\",\"@id\":\"https:\/\/nerdrum.com\/#website\",\"url\":\"https:\/\/nerdrum.com\/\",\"name\":\"Odd Nerdrum Official Website\",\"description\":\"\",\"potentialAction\":[{\"@type\":\"SearchAction\",\"target\":{\"@type\":\"EntryPoint\",\"urlTemplate\":\"https:\/\/nerdrum.com\/?s={search_term_string}\"},\"query-input\":{\"@type\":\"PropertyValueSpecification\",\"valueRequired\":true,\"valueName\":\"search_term_string\"}}],\"inLanguage\":\"nb-NO\"}]}<\/script>\n<!-- \/ Yoast SEO plugin. -->","yoast_head_json":{"title":"The Hunt of Odd Nerdrum (2018 film) -","robots":{"index":"index","follow":"follow","max-snippet":"max-snippet:-1","max-image-preview":"max-image-preview:large","max-video-preview":"max-video-preview:-1"},"canonical":"https:\/\/nerdrum.com\/nb\/produkt\/jakten-paa-nerdrum-2018\/","og_locale":"nb_NO","og_type":"article","og_title":"The Hunt of Odd Nerdrum (2018 film) -","og_description":"Duration: 4 hours 26 minutes Subtitles: English, Spanish, Cantonese, Mandarin, Norwegian The Hunt of Odd Nerdrum is a documentary-series in six parts about Odd Nerdrum\u2019s life and work.  NOTE: The DVD is not yet available, but you can stream the documentary on Vimeo where you can also rent and purchase individual episodes.  Watch now","og_url":"https:\/\/nerdrum.com\/nb\/produkt\/jakten-paa-nerdrum-2018\/","og_site_name":"Odd Nerdrum Official Website","article_publisher":"https:\/\/facebook.com\/oddnerdrum","article_modified_time":"2026-04-16T21:07:49+00:00","og_image":[{"width":1269,"height":1800,"url":"https:\/\/nerdrum.com\/wp-content\/uploads\/2020\/08\/JPN-Cover-2-ENGLISH.jpg","type":"image\/jpeg"}],"twitter_card":"summary_large_image","twitter_misc":{"Ansl. lesetid":"1 minutt"},"schema":{"@context":"https:\/\/schema.org","@graph":[{"@type":"WebPage","@id":"https:\/\/nerdrum.com\/product\/the-hunt-of-odd-nerdrum-2018\/","url":"https:\/\/nerdrum.com\/product\/the-hunt-of-odd-nerdrum-2018\/","name":"The Hunt of Odd Nerdrum (2018 film) -","isPartOf":{"@id":"https:\/\/nerdrum.com\/#website"},"primaryImageOfPage":{"@id":"https:\/\/nerdrum.com\/product\/the-hunt-of-odd-nerdrum-2018\/#primaryimage"},"image":{"@id":"https:\/\/nerdrum.com\/product\/the-hunt-of-odd-nerdrum-2018\/#primaryimage"},"thumbnailUrl":"https:\/\/i0.wp.com\/nerdrum.com\/wp-content\/uploads\/2020\/08\/JPN-Cover-2-ENGLISH.jpg?fit=1269%2C1800&ssl=1","datePublished":"2020-08-05T10:41:18+00:00","dateModified":"2026-04-16T21:07:49+00:00","breadcrumb":{"@id":"https:\/\/nerdrum.com\/product\/the-hunt-of-odd-nerdrum-2018\/#breadcrumb"},"inLanguage":"nb-NO","potentialAction":[{"@type":"ReadAction","target":["https:\/\/nerdrum.com\/product\/the-hunt-of-odd-nerdrum-2018\/"]}]},{"@type":"ImageObject","inLanguage":"nb-NO","@id":"https:\/\/nerdrum.com\/product\/the-hunt-of-odd-nerdrum-2018\/#primaryimage","url":"https:\/\/i0.wp.com\/nerdrum.com\/wp-content\/uploads\/2020\/08\/JPN-Cover-2-ENGLISH.jpg?fit=1269%2C1800&ssl=1","contentUrl":"https:\/\/i0.wp.com\/nerdrum.com\/wp-content\/uploads\/2020\/08\/JPN-Cover-2-ENGLISH.jpg?fit=1269%2C1800&ssl=1","width":1269,"height":1800},{"@type":"BreadcrumbList","@id":"https:\/\/nerdrum.com\/product\/the-hunt-of-odd-nerdrum-2018\/#breadcrumb","itemListElement":[{"@type":"ListItem","position":1,"name":"Home","item":"https:\/\/nerdrum.com\/"},{"@type":"ListItem","position":2,"name":"Shop","item":"https:\/\/nerdrum.com\/nb\/nettbutikk\/"},{"@type":"ListItem","position":3,"name":"The Hunt of Odd Nerdrum (2018 film)"}]},{"@type":"WebSite","@id":"https:\/\/nerdrum.com\/#website","url":"https:\/\/nerdrum.com\/","name":"Odd Nerdrum Official Website","description":"","potentialAction":[{"@type":"SearchAction","target":{"@type":"EntryPoint","urlTemplate":"https:\/\/nerdrum.com\/?s={search_term_string}"},"query-input":{"@type":"PropertyValueSpecification","valueRequired":true,"valueName":"search_term_string"}}],"inLanguage":"nb-NO"}]}},"jetpack_sharing_enabled":true,"_links":{"self":[{"href":"https:\/\/nerdrum.com\/nb\/wp-json\/wp\/v2\/product\/797","targetHints":{"allow":["GET"]}}],"collection":[{"href":"https:\/\/nerdrum.com\/nb\/wp-json\/wp\/v2\/product"}],"about":[{"href":"https:\/\/nerdrum.com\/nb\/wp-json\/wp\/v2\/types\/product"}],"wp:featuredmedia":[{"embeddable":true,"href":"https:\/\/nerdrum.com\/nb\/wp-json\/wp\/v2\/media\/798"}],"wp:attachment":[{"href":"https:\/\/nerdrum.com\/nb\/wp-json\/wp\/v2\/media?parent=797"}],"wp:term":[{"taxonomy":"product_brand","embeddable":true,"href":"https:\/\/nerdrum.com\/nb\/wp-json\/wp\/v2\/product_brand?post=797"},{"taxonomy":"product_cat","embeddable":true,"href":"https:\/\/nerdrum.com\/nb\/wp-json\/wp\/v2\/product_cat?post=797"},{"taxonomy":"product_tag","embeddable":true,"href":"https:\/\/nerdrum.com\/nb\/wp-json\/wp\/v2\/product_tag?post=797"}],"curies":[{"name":"wp","href":"https:\/\/api.w.org\/{rel}","templated":true}]}}