{"id":826,"date":"2020-08-08T08:33:53","date_gmt":"2020-08-08T08:33:53","guid":{"rendered":"https:\/\/nerdrum.com\/?post_type=product&#038;p=826"},"modified":"2025-07-28T12:08:23","modified_gmt":"2025-07-28T11:08:23","slug":"hvordan-vi-lurer-hverandre","status":"publish","type":"product","link":"https:\/\/nerdrum.com\/nb\/produkt\/hvordan-vi-lurer-hverandre\/","title":{"rendered":"Hvordan vi lurer hverandre (2007)"},"content":{"rendered":"<p>Tre dialoger om svindel, svik og bedrag. B\u00f8r vi stole p\u00e5 noen? Kan vi tro p\u00e5 v\u00e5re n\u00e6rmeste vil oss vel? Odd Nerdrums tre dialoger tar oss forbi penselstr\u00f8kene og inn der hvor malerens \u00e5nd f\u00e5r sin n\u00e6ring.<\/p>\n<p>S\u00d8VNGJENGEREN: En skildring av hvordan den produserer, blir narret av de som ikke produserer.<\/p>\n<p>MARLOWE: N\u00e5r kriteriene forfaller, blir talentet en fiende.<\/p>\n<p>ETTER ARMAGEDDON: I fremtidens verden vil de to religioner finne hverandre, bli til \u00e9n fortelling. Island m\u00e5 befris av Norge fordi befolkningen der er animistisk. Alle blir lurt til slutt. Kitschmaleren Odd Nerdrum er f\u00f8dt i Sverige i 1944. Dette er hans femte bok.<\/p>\n<p style=\"text-align: center;\">***<\/p>\n<div class=\"videoWrapper\"><iframe loading=\"lazy\" src=\"https:\/\/www.youtube.com\/embed\/1W_5J_NaZc8\" width=\"1280\" height=\"720\" frameborder=\"0\" allowfullscreen=\"allowfullscreen\"><\/iframe><\/div>\n<p><big>Gratis tilgang til teaterforestillingen<\/big> \u2014 N\u00e5r du kj\u00f8per boken f\u00e5r du gratis tilgang til <a href=\"https:\/\/nerdrum.com\/nb\/produkt\/immanuel-kants-siste-dager-2020\/\">Immanuel Kants siste dager (2020)<\/a> p\u00e5 Vimeo.<\/p>","protected":false},"excerpt":{"rendered":"<p>Tre dialoger om svindel, svik og bedrag i Ibsens \u00e5nd med \u00e5 f\u00e5 sceneskift og mye underliggende spenning.<\/p>\n<p>Forfatter: Odd Nerdrum<\/p>\n<p>Utgitt: 2007<\/p>","protected":false},"featured_media":827,"template":"","meta":{"_FSMCFIC_featured_image_caption":"","_FSMCFIC_featured_image_nocaption":"","_FSMCFIC_featured_image_hide":""},"product_brand":[],"product_cat":[20],"product_tag":[],"class_list":{"0":"post-826","1":"product","2":"type-product","3":"status-publish","4":"has-post-thumbnail","6":"product_cat-books","7":"product_shipping_class-books","9":"first","10":"instock","11":"sale","12":"taxable","13":"shipping-taxable","14":"purchasable","15":"product-type-simple"},"yoast_head":"<!-- This site is optimized with the Yoast SEO plugin v25.3 - https:\/\/yoast.com\/wordpress\/plugins\/seo\/ -->\n<title>Hvordan vi lurer hverandre (2007) - Odd Nerdrum Official Website<\/title>\n<meta name=\"robots\" content=\"index, follow, max-snippet:-1, max-image-preview:large, max-video-preview:-1\" \/>\n<link rel=\"canonical\" href=\"https:\/\/nerdrum.com\/nb\/produkt\/hvordan-vi-lurer-hverandre\/\" \/>\n<meta property=\"og:locale\" content=\"nb_NO\" \/>\n<meta property=\"og:type\" content=\"article\" \/>\n<meta property=\"og:title\" content=\"Hvordan vi lurer hverandre (2007) - Odd Nerdrum Official Website\" \/>\n<meta property=\"og:description\" content=\"Tre dialoger om svindel, svik og bedrag i Ibsens \u00e5nd med f\u00e5 sceneskift og mye underliggende spenning.  Forfatter: Odd Nerdrum  Utgitt: 2007\" \/>\n<meta property=\"og:url\" content=\"https:\/\/nerdrum.com\/nb\/produkt\/hvordan-vi-lurer-hverandre\/\" \/>\n<meta property=\"og:site_name\" content=\"Odd Nerdrum Official Website\" \/>\n<meta property=\"article:publisher\" content=\"https:\/\/facebook.com\/oddnerdrum\" \/>\n<meta property=\"article:modified_time\" content=\"2025-07-28T11:08:23+00:00\" \/>\n<meta property=\"og:image\" content=\"https:\/\/nerdrum.com\/wp-content\/uploads\/2020\/08\/Hvordan-vi-lurer-hverandre.jpg\" \/>\n\t<meta property=\"og:image:width\" content=\"328\" \/>\n\t<meta property=\"og:image:height\" content=\"500\" \/>\n\t<meta property=\"og:image:type\" content=\"image\/jpeg\" \/>\n<meta name=\"twitter:card\" content=\"summary_large_image\" \/>\n<meta name=\"twitter:label1\" content=\"Ansl. lesetid\" \/>\n\t<meta name=\"twitter:data1\" content=\"1 minutt\" \/>\n<script type=\"application\/ld+json\" class=\"yoast-schema-graph\">{\"@context\":\"https:\/\/schema.org\",\"@graph\":[{\"@type\":\"WebPage\",\"@id\":\"https:\/\/nerdrum.com\/product\/hvordan-vi-lurer-hverandre\/\",\"url\":\"https:\/\/nerdrum.com\/product\/hvordan-vi-lurer-hverandre\/\",\"name\":\"Hvordan vi lurer hverandre (2007) - Odd Nerdrum Official Website\",\"isPartOf\":{\"@id\":\"https:\/\/nerdrum.com\/#website\"},\"primaryImageOfPage\":{\"@id\":\"https:\/\/nerdrum.com\/product\/hvordan-vi-lurer-hverandre\/#primaryimage\"},\"image\":{\"@id\":\"https:\/\/nerdrum.com\/product\/hvordan-vi-lurer-hverandre\/#primaryimage\"},\"thumbnailUrl\":\"https:\/\/i0.wp.com\/nerdrum.com\/wp-content\/uploads\/2020\/08\/Hvordan-vi-lurer-hverandre.jpg?fit=328%2C500&ssl=1\",\"datePublished\":\"2020-08-08T08:33:53+00:00\",\"dateModified\":\"2025-07-28T11:08:23+00:00\",\"breadcrumb\":{\"@id\":\"https:\/\/nerdrum.com\/product\/hvordan-vi-lurer-hverandre\/#breadcrumb\"},\"inLanguage\":\"nb-NO\",\"potentialAction\":[{\"@type\":\"ReadAction\",\"target\":[\"https:\/\/nerdrum.com\/product\/hvordan-vi-lurer-hverandre\/\"]}]},{\"@type\":\"ImageObject\",\"inLanguage\":\"nb-NO\",\"@id\":\"https:\/\/nerdrum.com\/product\/hvordan-vi-lurer-hverandre\/#primaryimage\",\"url\":\"https:\/\/i0.wp.com\/nerdrum.com\/wp-content\/uploads\/2020\/08\/Hvordan-vi-lurer-hverandre.jpg?fit=328%2C500&ssl=1\",\"contentUrl\":\"https:\/\/i0.wp.com\/nerdrum.com\/wp-content\/uploads\/2020\/08\/Hvordan-vi-lurer-hverandre.jpg?fit=328%2C500&ssl=1\",\"width\":328,\"height\":500},{\"@type\":\"BreadcrumbList\",\"@id\":\"https:\/\/nerdrum.com\/product\/hvordan-vi-lurer-hverandre\/#breadcrumb\",\"itemListElement\":[{\"@type\":\"ListItem\",\"position\":1,\"name\":\"Home\",\"item\":\"https:\/\/nerdrum.com\/\"},{\"@type\":\"ListItem\",\"position\":2,\"name\":\"Shop\",\"item\":\"https:\/\/nerdrum.com\/nb\/nettbutikk\/\"},{\"@type\":\"ListItem\",\"position\":3,\"name\":\"Hvordan vi lurer hverandre (2007)\"}]},{\"@type\":\"WebSite\",\"@id\":\"https:\/\/nerdrum.com\/#website\",\"url\":\"https:\/\/nerdrum.com\/\",\"name\":\"Odd Nerdrum Official Website\",\"description\":\"\",\"potentialAction\":[{\"@type\":\"SearchAction\",\"target\":{\"@type\":\"EntryPoint\",\"urlTemplate\":\"https:\/\/nerdrum.com\/?s={search_term_string}\"},\"query-input\":{\"@type\":\"PropertyValueSpecification\",\"valueRequired\":true,\"valueName\":\"search_term_string\"}}],\"inLanguage\":\"nb-NO\"}]}<\/script>\n<!-- \/ Yoast SEO plugin. -->","yoast_head_json":{"title":"Hvordan vi lurer hverandre (2007) - Odd Nerdrum Official Website","robots":{"index":"index","follow":"follow","max-snippet":"max-snippet:-1","max-image-preview":"max-image-preview:large","max-video-preview":"max-video-preview:-1"},"canonical":"https:\/\/nerdrum.com\/nb\/produkt\/hvordan-vi-lurer-hverandre\/","og_locale":"nb_NO","og_type":"article","og_title":"Hvordan vi lurer hverandre (2007) - Odd Nerdrum Official Website","og_description":"Tre dialoger om svindel, svik og bedrag i Ibsens \u00e5nd med f\u00e5 sceneskift og mye underliggende spenning.  Forfatter: Odd Nerdrum  Utgitt: 2007","og_url":"https:\/\/nerdrum.com\/nb\/produkt\/hvordan-vi-lurer-hverandre\/","og_site_name":"Odd Nerdrum Official Website","article_publisher":"https:\/\/facebook.com\/oddnerdrum","article_modified_time":"2025-07-28T11:08:23+00:00","og_image":[{"width":328,"height":500,"url":"https:\/\/nerdrum.com\/wp-content\/uploads\/2020\/08\/Hvordan-vi-lurer-hverandre.jpg","type":"image\/jpeg"}],"twitter_card":"summary_large_image","twitter_misc":{"Ansl. lesetid":"1 minutt"},"schema":{"@context":"https:\/\/schema.org","@graph":[{"@type":"WebPage","@id":"https:\/\/nerdrum.com\/product\/hvordan-vi-lurer-hverandre\/","url":"https:\/\/nerdrum.com\/product\/hvordan-vi-lurer-hverandre\/","name":"Hvordan vi lurer hverandre (2007) - Odd Nerdrum Official Website","isPartOf":{"@id":"https:\/\/nerdrum.com\/#website"},"primaryImageOfPage":{"@id":"https:\/\/nerdrum.com\/product\/hvordan-vi-lurer-hverandre\/#primaryimage"},"image":{"@id":"https:\/\/nerdrum.com\/product\/hvordan-vi-lurer-hverandre\/#primaryimage"},"thumbnailUrl":"https:\/\/i0.wp.com\/nerdrum.com\/wp-content\/uploads\/2020\/08\/Hvordan-vi-lurer-hverandre.jpg?fit=328%2C500&ssl=1","datePublished":"2020-08-08T08:33:53+00:00","dateModified":"2025-07-28T11:08:23+00:00","breadcrumb":{"@id":"https:\/\/nerdrum.com\/product\/hvordan-vi-lurer-hverandre\/#breadcrumb"},"inLanguage":"nb-NO","potentialAction":[{"@type":"ReadAction","target":["https:\/\/nerdrum.com\/product\/hvordan-vi-lurer-hverandre\/"]}]},{"@type":"ImageObject","inLanguage":"nb-NO","@id":"https:\/\/nerdrum.com\/product\/hvordan-vi-lurer-hverandre\/#primaryimage","url":"https:\/\/i0.wp.com\/nerdrum.com\/wp-content\/uploads\/2020\/08\/Hvordan-vi-lurer-hverandre.jpg?fit=328%2C500&ssl=1","contentUrl":"https:\/\/i0.wp.com\/nerdrum.com\/wp-content\/uploads\/2020\/08\/Hvordan-vi-lurer-hverandre.jpg?fit=328%2C500&ssl=1","width":328,"height":500},{"@type":"BreadcrumbList","@id":"https:\/\/nerdrum.com\/product\/hvordan-vi-lurer-hverandre\/#breadcrumb","itemListElement":[{"@type":"ListItem","position":1,"name":"Home","item":"https:\/\/nerdrum.com\/"},{"@type":"ListItem","position":2,"name":"Shop","item":"https:\/\/nerdrum.com\/nb\/nettbutikk\/"},{"@type":"ListItem","position":3,"name":"Hvordan vi lurer hverandre (2007)"}]},{"@type":"WebSite","@id":"https:\/\/nerdrum.com\/#website","url":"https:\/\/nerdrum.com\/","name":"Odd Nerdrum Official Website","description":"","potentialAction":[{"@type":"SearchAction","target":{"@type":"EntryPoint","urlTemplate":"https:\/\/nerdrum.com\/?s={search_term_string}"},"query-input":{"@type":"PropertyValueSpecification","valueRequired":true,"valueName":"search_term_string"}}],"inLanguage":"nb-NO"}]}},"jetpack_sharing_enabled":true,"_links":{"self":[{"href":"https:\/\/nerdrum.com\/nb\/wp-json\/wp\/v2\/product\/826","targetHints":{"allow":["GET"]}}],"collection":[{"href":"https:\/\/nerdrum.com\/nb\/wp-json\/wp\/v2\/product"}],"about":[{"href":"https:\/\/nerdrum.com\/nb\/wp-json\/wp\/v2\/types\/product"}],"wp:featuredmedia":[{"embeddable":true,"href":"https:\/\/nerdrum.com\/nb\/wp-json\/wp\/v2\/media\/827"}],"wp:attachment":[{"href":"https:\/\/nerdrum.com\/nb\/wp-json\/wp\/v2\/media?parent=826"}],"wp:term":[{"taxonomy":"product_brand","embeddable":true,"href":"https:\/\/nerdrum.com\/nb\/wp-json\/wp\/v2\/product_brand?post=826"},{"taxonomy":"product_cat","embeddable":true,"href":"https:\/\/nerdrum.com\/nb\/wp-json\/wp\/v2\/product_cat?post=826"},{"taxonomy":"product_tag","embeddable":true,"href":"https:\/\/nerdrum.com\/nb\/wp-json\/wp\/v2\/product_tag?post=826"}],"curies":[{"name":"wp","href":"https:\/\/api.w.org\/{rel}","templated":true}]}}