{"id":864,"date":"2020-08-12T14:40:31","date_gmt":"2020-08-12T14:40:31","guid":{"rendered":"https:\/\/nerdrum.com\/?post_type=product&#038;p=864"},"modified":"2024-08-20T09:44:04","modified_gmt":"2024-08-20T08:44:04","slug":"magasinet-sivilisasjonen","status":"publish","type":"product","link":"https:\/\/nerdrum.com\/nb\/produkt\/magasinet-sivilisasjonen\/","title":{"rendered":"Magasinet Sivilisasjonen (2. utgaven)"},"content":{"rendered":"<p>Magasinet Sivilisasjonen er blitt st\u00f8rre og vakrere enn noen gang!<\/p>\n<p>\u00d8nsker du et eksemplar av den nyeste utgaven av Sivilisasjonen?<\/p>\n<p><a href=\"https:\/\/sivilisasjonen.no\/medlemskap\/\" target=\"_blank\" rel=\"noreferrer noopener\"><strong>Da er det bare \u00e5 bli medlem i dag ved \u00e5 klikke henne!<\/strong><\/a><\/p>\n<p>Som medlem vil du ogs\u00e5 motta alle fremtidige utgivelser rett i posten.<\/p>\n<p>Denne utgivelsen er p\u00e5 mer enn 170 sider, og kan skilte med blant annet:<\/p>\n<div class=\"wp-block-columns is-layout-flex wp-container-core-columns-is-layout-1 wp-block-columns-is-layout-flex\">\n<div class=\"wp-block-column is-layout-flow wp-block-column-is-layout-flow\">\n<ul>\n<li>Eksklusivt intervju med Odd Nerdrum<\/li>\n<li>Dikt av Bertrand Besigye og andre klassiske poeter<\/li>\n<li>En reise gjennom den kinesiske sivilisasjonshistorien<\/li>\n<li>Oppskrift p\u00e5 den nye Sivilisasjonskaken<\/li>\n<li>Omfattende liste over nyere klassiske komponister<\/li>\n<li>Definisjonen av skj\u00f8nnhet av Dr. James Stevens Curl<\/li>\n<li>Reisebrev fra en dannelsesreise i Frankrike<\/li>\n<li>Intervju med Audun Engh<\/li>\n<li>Redegj\u00f8relse av fysikken bak thereminen<\/li>\n<li>Byvandring i Bergen med Roger Iversen<\/li>\n<li>Intervju med filosof Einar Duenger B\u00f8hn<\/li>\n<li>Kj\u00e6rlighetserkl\u00e6ring til det klassiske teater<\/li>\n<\/ul>\n<\/div>\n<\/div>","protected":false},"excerpt":{"rendered":"<p>Spr\u00e5k: norsk<\/p>\n<p>Side: 173<\/p>\n<p>M\u00e5l: 23,5 x 29,7 cm<\/p>\n<p>Design: \u00d6de &amp; Bork Nerdrum<\/p>\n<p>\u00c5rgang: II<\/p>\n<p>Utgivelses\u00e5r: 2023<\/p>\n<p>Forlag: Sivilisasjonen Forlag<\/p>\n<p>Trykkeri: LOS Digital<\/p>\n<p>Magasinet kan kj\u00f8pes ved \u00e5 tegne medlemskap hos <a href=\"https:\/\/sivilisasjonen.no\/magasinet-sivilisasjonen-2023\/\" target=\"_blank\" rel=\"noopener noreferrer\">Sivilisasjonen<\/a>.<\/p>","protected":false},"featured_media":5305,"template":"","meta":{"_FSMCFIC_featured_image_caption":"","_FSMCFIC_featured_image_nocaption":"","_FSMCFIC_featured_image_hide":""},"product_brand":[],"product_cat":[20],"product_tag":[],"class_list":{"0":"post-864","1":"product","2":"type-product","3":"status-publish","4":"has-post-thumbnail","6":"product_cat-books","7":"product_shipping_class-sivilisasjonen","9":"first","10":"outofstock","11":"taxable","12":"shipping-taxable","13":"purchasable","14":"product-type-simple"},"yoast_head":"<!-- This site is optimized with the Yoast SEO plugin v25.3 - https:\/\/yoast.com\/wordpress\/plugins\/seo\/ -->\n<title>Magasinet Sivilisasjonen (2. utgaven) - Odd Nerdrum Official Website<\/title>\n<meta name=\"robots\" content=\"index, follow, max-snippet:-1, max-image-preview:large, max-video-preview:-1\" \/>\n<link rel=\"canonical\" href=\"https:\/\/nerdrum.com\/nb\/produkt\/magasinet-sivilisasjonen\/\" \/>\n<meta property=\"og:locale\" content=\"nb_NO\" \/>\n<meta property=\"og:type\" content=\"article\" \/>\n<meta property=\"og:title\" content=\"Magasinet Sivilisasjonen (2. utgaven) - Odd Nerdrum Official Website\" \/>\n<meta property=\"og:description\" content=\"Spr\u00e5k: norsk  Sider: 173  M\u00e5l: 23,5 x 29,7 cm  Design: \u00d6de &amp; Bork Nerdrum  \u00c5rgang: II  Utgivelses\u00e5r: 2023  Forlag: Sivilisasjonen Forlag  Trykkeri: LOS Digital  Magasinet kan kj\u00f8pes ved \u00e5 tegne medlemskap hos Sivilisasjonen.\" \/>\n<meta property=\"og:url\" content=\"https:\/\/nerdrum.com\/nb\/produkt\/magasinet-sivilisasjonen\/\" \/>\n<meta property=\"og:site_name\" content=\"Odd Nerdrum Official Website\" \/>\n<meta property=\"article:publisher\" content=\"https:\/\/facebook.com\/oddnerdrum\" \/>\n<meta property=\"article:modified_time\" content=\"2024-08-20T08:44:04+00:00\" \/>\n<meta property=\"og:image\" content=\"https:\/\/nerdrum.com\/wp-content\/uploads\/2020\/08\/378563775_1060788281689759_1139882264157807827_n.jpg\" \/>\n\t<meta property=\"og:image:width\" content=\"1621\" \/>\n\t<meta property=\"og:image:height\" content=\"2048\" \/>\n\t<meta property=\"og:image:type\" content=\"image\/jpeg\" \/>\n<meta name=\"twitter:card\" content=\"summary_large_image\" \/>\n<meta name=\"twitter:label1\" content=\"Ansl. lesetid\" \/>\n\t<meta name=\"twitter:data1\" content=\"1 minutt\" \/>\n<script type=\"application\/ld+json\" class=\"yoast-schema-graph\">{\"@context\":\"https:\/\/schema.org\",\"@graph\":[{\"@type\":\"WebPage\",\"@id\":\"https:\/\/nerdrum.com\/product\/magasinet-sivilisasjonen\/\",\"url\":\"https:\/\/nerdrum.com\/product\/magasinet-sivilisasjonen\/\",\"name\":\"Magasinet Sivilisasjonen (2. utgaven) - Odd Nerdrum Official Website\",\"isPartOf\":{\"@id\":\"https:\/\/nerdrum.com\/#website\"},\"primaryImageOfPage\":{\"@id\":\"https:\/\/nerdrum.com\/product\/magasinet-sivilisasjonen\/#primaryimage\"},\"image\":{\"@id\":\"https:\/\/nerdrum.com\/product\/magasinet-sivilisasjonen\/#primaryimage\"},\"thumbnailUrl\":\"https:\/\/i0.wp.com\/nerdrum.com\/wp-content\/uploads\/2020\/08\/378563775_1060788281689759_1139882264157807827_n.jpg?fit=1621%2C2048&ssl=1\",\"datePublished\":\"2020-08-12T14:40:31+00:00\",\"dateModified\":\"2024-08-20T08:44:04+00:00\",\"breadcrumb\":{\"@id\":\"https:\/\/nerdrum.com\/product\/magasinet-sivilisasjonen\/#breadcrumb\"},\"inLanguage\":\"nb-NO\",\"potentialAction\":[{\"@type\":\"ReadAction\",\"target\":[\"https:\/\/nerdrum.com\/product\/magasinet-sivilisasjonen\/\"]}]},{\"@type\":\"ImageObject\",\"inLanguage\":\"nb-NO\",\"@id\":\"https:\/\/nerdrum.com\/product\/magasinet-sivilisasjonen\/#primaryimage\",\"url\":\"https:\/\/i0.wp.com\/nerdrum.com\/wp-content\/uploads\/2020\/08\/378563775_1060788281689759_1139882264157807827_n.jpg?fit=1621%2C2048&ssl=1\",\"contentUrl\":\"https:\/\/i0.wp.com\/nerdrum.com\/wp-content\/uploads\/2020\/08\/378563775_1060788281689759_1139882264157807827_n.jpg?fit=1621%2C2048&ssl=1\",\"width\":1621,\"height\":2048},{\"@type\":\"BreadcrumbList\",\"@id\":\"https:\/\/nerdrum.com\/product\/magasinet-sivilisasjonen\/#breadcrumb\",\"itemListElement\":[{\"@type\":\"ListItem\",\"position\":1,\"name\":\"Home\",\"item\":\"https:\/\/nerdrum.com\/\"},{\"@type\":\"ListItem\",\"position\":2,\"name\":\"Shop\",\"item\":\"https:\/\/nerdrum.com\/nb\/nettbutikk\/\"},{\"@type\":\"ListItem\",\"position\":3,\"name\":\"Magasinet Sivilisasjonen (2. utgaven)\"}]},{\"@type\":\"WebSite\",\"@id\":\"https:\/\/nerdrum.com\/#website\",\"url\":\"https:\/\/nerdrum.com\/\",\"name\":\"Odd Nerdrum Official Website\",\"description\":\"\",\"potentialAction\":[{\"@type\":\"SearchAction\",\"target\":{\"@type\":\"EntryPoint\",\"urlTemplate\":\"https:\/\/nerdrum.com\/?s={search_term_string}\"},\"query-input\":{\"@type\":\"PropertyValueSpecification\",\"valueRequired\":true,\"valueName\":\"search_term_string\"}}],\"inLanguage\":\"nb-NO\"}]}<\/script>\n<!-- \/ Yoast SEO plugin. -->","yoast_head_json":{"title":"Magasinet Sivilisasjonen (2. utgaven) - Odd Nerdrum Official Website","robots":{"index":"index","follow":"follow","max-snippet":"max-snippet:-1","max-image-preview":"max-image-preview:large","max-video-preview":"max-video-preview:-1"},"canonical":"https:\/\/nerdrum.com\/nb\/produkt\/magasinet-sivilisasjonen\/","og_locale":"nb_NO","og_type":"article","og_title":"Magasinet Sivilisasjonen (2. utgaven) - Odd Nerdrum Official Website","og_description":"Spr\u00e5k: norsk  Sider: 173  M\u00e5l: 23,5 x 29,7 cm  Design: \u00d6de &amp; Bork Nerdrum  \u00c5rgang: II  Utgivelses\u00e5r: 2023  Forlag: Sivilisasjonen Forlag  Trykkeri: LOS Digital  Magasinet kan kj\u00f8pes ved \u00e5 tegne medlemskap hos Sivilisasjonen.","og_url":"https:\/\/nerdrum.com\/nb\/produkt\/magasinet-sivilisasjonen\/","og_site_name":"Odd Nerdrum Official Website","article_publisher":"https:\/\/facebook.com\/oddnerdrum","article_modified_time":"2024-08-20T08:44:04+00:00","og_image":[{"width":1621,"height":2048,"url":"https:\/\/nerdrum.com\/wp-content\/uploads\/2020\/08\/378563775_1060788281689759_1139882264157807827_n.jpg","type":"image\/jpeg"}],"twitter_card":"summary_large_image","twitter_misc":{"Ansl. lesetid":"1 minutt"},"schema":{"@context":"https:\/\/schema.org","@graph":[{"@type":"WebPage","@id":"https:\/\/nerdrum.com\/product\/magasinet-sivilisasjonen\/","url":"https:\/\/nerdrum.com\/product\/magasinet-sivilisasjonen\/","name":"Magasinet Sivilisasjonen (2. utgaven) - Odd Nerdrum Official Website","isPartOf":{"@id":"https:\/\/nerdrum.com\/#website"},"primaryImageOfPage":{"@id":"https:\/\/nerdrum.com\/product\/magasinet-sivilisasjonen\/#primaryimage"},"image":{"@id":"https:\/\/nerdrum.com\/product\/magasinet-sivilisasjonen\/#primaryimage"},"thumbnailUrl":"https:\/\/i0.wp.com\/nerdrum.com\/wp-content\/uploads\/2020\/08\/378563775_1060788281689759_1139882264157807827_n.jpg?fit=1621%2C2048&ssl=1","datePublished":"2020-08-12T14:40:31+00:00","dateModified":"2024-08-20T08:44:04+00:00","breadcrumb":{"@id":"https:\/\/nerdrum.com\/product\/magasinet-sivilisasjonen\/#breadcrumb"},"inLanguage":"nb-NO","potentialAction":[{"@type":"ReadAction","target":["https:\/\/nerdrum.com\/product\/magasinet-sivilisasjonen\/"]}]},{"@type":"ImageObject","inLanguage":"nb-NO","@id":"https:\/\/nerdrum.com\/product\/magasinet-sivilisasjonen\/#primaryimage","url":"https:\/\/i0.wp.com\/nerdrum.com\/wp-content\/uploads\/2020\/08\/378563775_1060788281689759_1139882264157807827_n.jpg?fit=1621%2C2048&ssl=1","contentUrl":"https:\/\/i0.wp.com\/nerdrum.com\/wp-content\/uploads\/2020\/08\/378563775_1060788281689759_1139882264157807827_n.jpg?fit=1621%2C2048&ssl=1","width":1621,"height":2048},{"@type":"BreadcrumbList","@id":"https:\/\/nerdrum.com\/product\/magasinet-sivilisasjonen\/#breadcrumb","itemListElement":[{"@type":"ListItem","position":1,"name":"Home","item":"https:\/\/nerdrum.com\/"},{"@type":"ListItem","position":2,"name":"Shop","item":"https:\/\/nerdrum.com\/nb\/nettbutikk\/"},{"@type":"ListItem","position":3,"name":"Magasinet Sivilisasjonen (2. utgaven)"}]},{"@type":"WebSite","@id":"https:\/\/nerdrum.com\/#website","url":"https:\/\/nerdrum.com\/","name":"Odd Nerdrum Official Website","description":"","potentialAction":[{"@type":"SearchAction","target":{"@type":"EntryPoint","urlTemplate":"https:\/\/nerdrum.com\/?s={search_term_string}"},"query-input":{"@type":"PropertyValueSpecification","valueRequired":true,"valueName":"search_term_string"}}],"inLanguage":"nb-NO"}]}},"jetpack_sharing_enabled":true,"_links":{"self":[{"href":"https:\/\/nerdrum.com\/nb\/wp-json\/wp\/v2\/product\/864","targetHints":{"allow":["GET"]}}],"collection":[{"href":"https:\/\/nerdrum.com\/nb\/wp-json\/wp\/v2\/product"}],"about":[{"href":"https:\/\/nerdrum.com\/nb\/wp-json\/wp\/v2\/types\/product"}],"wp:featuredmedia":[{"embeddable":true,"href":"https:\/\/nerdrum.com\/nb\/wp-json\/wp\/v2\/media\/5305"}],"wp:attachment":[{"href":"https:\/\/nerdrum.com\/nb\/wp-json\/wp\/v2\/media?parent=864"}],"wp:term":[{"taxonomy":"product_brand","embeddable":true,"href":"https:\/\/nerdrum.com\/nb\/wp-json\/wp\/v2\/product_brand?post=864"},{"taxonomy":"product_cat","embeddable":true,"href":"https:\/\/nerdrum.com\/nb\/wp-json\/wp\/v2\/product_cat?post=864"},{"taxonomy":"product_tag","embeddable":true,"href":"https:\/\/nerdrum.com\/nb\/wp-json\/wp\/v2\/product_tag?post=864"}],"curies":[{"name":"wp","href":"https:\/\/api.w.org\/{rel}","templated":true}]}}