{"id":893,"date":"2020-08-13T13:48:01","date_gmt":"2020-08-13T13:48:01","guid":{"rendered":"https:\/\/nerdrum.com\/?post_type=product&#038;p=893"},"modified":"2025-07-28T12:15:04","modified_gmt":"2025-07-28T11:15:04","slug":"immanuel-kants-siste-dager","status":"publish","type":"product","link":"https:\/\/nerdrum.com\/nb\/produkt\/immanuel-kants-siste-dager\/","title":{"rendered":"Immanuel Kants siste dager (2003)"},"content":{"rendered":"<div class=\"videoWrapper\"><iframe loading=\"lazy\" src=\"https:\/\/www.youtube.com\/embed\/1W_5J_NaZc8\" width=\"1280\" height=\"720\" frameborder=\"0\" allowfullscreen=\"allowfullscreen\"><\/iframe><\/div>\n<p><big><span class=\"dashicons dashicons-yes\" style=\"font-size:1.4em;margin-right:15px;float:left;display:inline-table;\"><\/span>Gratis tilgang til teaterforestillingen<\/big> \u2014 N\u00e5r du kj\u00f8per boken f\u00e5r du gratis tilgang til <a href=\"https:\/\/nerdrum.com\/nb\/produkt\/immanuel-kants-siste-dager-2020\/\">Immanuel Kants siste dager (2020)<\/a> p\u00e5 Vimeo.<\/p>","protected":false},"excerpt":{"rendered":"<p>Den aldrende Immanuel Kant m\u00f8ter fruktene av sin egen filosofi \u2013 et m\u00f8te med en fremtid han har v\u00e6rt med p\u00e5 \u00e5 skape, og som har vokst til et monster. Dette er Odd Nerdrums debut som dramatiker. Vittig og kompromissl\u00f8st om f\u00f8lgene av Kant. Med Immanuel Kants siste dagers debuterer Nerdrum som skj\u00f8nnlitter\u00e6r forfatter. Skuespillet er et bitende og skarpt portrett av en av den moderne tids \u00e5ndelige fedre. Kompromissl\u00f8st skildres Kants m\u00f8te med sin egen filosofi p\u00e5 sine siste dager.<\/p>\n<p><strong>Innbinding<\/strong>:<span data-th=\"Innbinding\"> Innbundet<br \/>\n<\/span><strong>Antall sider<\/strong>:<span data-th=\"Antall sider\"> 83<br \/>\n<\/span><strong>Forfatter<\/strong>:<span data-th=\"Forfatter\"> Odd Nerdrum<\/span><br \/>\n<strong>Spr\u00e5k<\/strong>:<span data-th=\"Spr\u00e5k\"> bokm\u00e5l<br \/>\n<strong>Utgivelses\u00e5r<\/strong>: 2003<br \/>\n<\/span><strong>ISBN<\/strong>: 9788205323407<\/p>","protected":false},"featured_media":1005,"template":"","meta":{"_FSMCFIC_featured_image_caption":"","_FSMCFIC_featured_image_nocaption":"","_FSMCFIC_featured_image_hide":""},"product_brand":[],"product_cat":[20],"product_tag":[],"class_list":{"0":"post-893","1":"product","2":"type-product","3":"status-publish","4":"has-post-thumbnail","6":"product_cat-books","7":"product_shipping_class-books","9":"first","10":"instock","11":"taxable","12":"shipping-taxable","13":"purchasable","14":"product-type-simple"},"yoast_head":"<!-- This site is optimized with the Yoast SEO plugin v25.3 - https:\/\/yoast.com\/wordpress\/plugins\/seo\/ -->\n<title>Immanuel Kants siste dager (2003) - Odd Nerdrum Official Website<\/title>\n<meta name=\"robots\" content=\"index, follow, max-snippet:-1, max-image-preview:large, max-video-preview:-1\" \/>\n<link rel=\"canonical\" href=\"https:\/\/nerdrum.com\/nb\/produkt\/immanuel-kants-siste-dager\/\" \/>\n<meta property=\"og:locale\" content=\"nb_NO\" \/>\n<meta property=\"og:type\" content=\"article\" \/>\n<meta property=\"og:title\" content=\"Immanuel Kants siste dager (2003) - Odd Nerdrum Official Website\" \/>\n<meta property=\"og:description\" content=\"Den aldrende Immanuel Kant m\u00f8ter fruktene av sin egen filosofi - et m\u00f8te med en fremtid han har v\u00e6rt med p\u00e5 \u00e5 skape, og som har vokst til et monster. Dette er Odd Nerdrums debut som dramatiker. Vittig og kompromissl\u00f8st om f\u00f8lgene av Kant. Med Immanuel Kants siste dager debuterer Nerdrum som skj\u00f8nnlitter\u00e6r forfatter. Skuespillet er et bitende og skarpt portrett av en av den moderne tids \u00e5ndelige fedre. Kompromissl\u00f8st skildres Kants m\u00f8te med sin egen filosofi p\u00e5 sine siste dager.  Innbinding: Innbundet Antall sider: 83 Forfatter: Odd Nerdrum Spr\u00e5k: Bokm\u00e5l Utgivelses\u00e5r: 2003 ISBN: 9788205323407\" \/>\n<meta property=\"og:url\" content=\"https:\/\/nerdrum.com\/nb\/produkt\/immanuel-kants-siste-dager\/\" \/>\n<meta property=\"og:site_name\" content=\"Odd Nerdrum Official Website\" \/>\n<meta property=\"article:publisher\" content=\"https:\/\/facebook.com\/oddnerdrum\" \/>\n<meta property=\"article:modified_time\" content=\"2025-07-28T11:15:04+00:00\" \/>\n<meta property=\"og:image\" content=\"https:\/\/nerdrum.com\/wp-content\/uploads\/2020\/08\/Immanuel-Kants-siste-dager-front-2.jpg\" \/>\n\t<meta property=\"og:image:width\" content=\"1164\" \/>\n\t<meta property=\"og:image:height\" content=\"1614\" \/>\n\t<meta property=\"og:image:type\" content=\"image\/jpeg\" \/>\n<meta name=\"twitter:card\" content=\"summary_large_image\" \/>\n<meta name=\"twitter:label1\" content=\"Ansl. lesetid\" \/>\n\t<meta name=\"twitter:data1\" content=\"1 minutt\" \/>\n<script type=\"application\/ld+json\" class=\"yoast-schema-graph\">{\"@context\":\"https:\/\/schema.org\",\"@graph\":[{\"@type\":\"WebPage\",\"@id\":\"https:\/\/nerdrum.com\/product\/immanuel-kants-siste-dager\/\",\"url\":\"https:\/\/nerdrum.com\/product\/immanuel-kants-siste-dager\/\",\"name\":\"Immanuel Kants siste dager (2003) - Odd Nerdrum Official Website\",\"isPartOf\":{\"@id\":\"https:\/\/nerdrum.com\/#website\"},\"primaryImageOfPage\":{\"@id\":\"https:\/\/nerdrum.com\/product\/immanuel-kants-siste-dager\/#primaryimage\"},\"image\":{\"@id\":\"https:\/\/nerdrum.com\/product\/immanuel-kants-siste-dager\/#primaryimage\"},\"thumbnailUrl\":\"https:\/\/i0.wp.com\/nerdrum.com\/wp-content\/uploads\/2020\/08\/Immanuel-Kants-siste-dager-front-2.jpg?fit=1164%2C1614&ssl=1\",\"datePublished\":\"2020-08-13T13:48:01+00:00\",\"dateModified\":\"2025-07-28T11:15:04+00:00\",\"breadcrumb\":{\"@id\":\"https:\/\/nerdrum.com\/product\/immanuel-kants-siste-dager\/#breadcrumb\"},\"inLanguage\":\"nb-NO\",\"potentialAction\":[{\"@type\":\"ReadAction\",\"target\":[\"https:\/\/nerdrum.com\/product\/immanuel-kants-siste-dager\/\"]}]},{\"@type\":\"ImageObject\",\"inLanguage\":\"nb-NO\",\"@id\":\"https:\/\/nerdrum.com\/product\/immanuel-kants-siste-dager\/#primaryimage\",\"url\":\"https:\/\/i0.wp.com\/nerdrum.com\/wp-content\/uploads\/2020\/08\/Immanuel-Kants-siste-dager-front-2.jpg?fit=1164%2C1614&ssl=1\",\"contentUrl\":\"https:\/\/i0.wp.com\/nerdrum.com\/wp-content\/uploads\/2020\/08\/Immanuel-Kants-siste-dager-front-2.jpg?fit=1164%2C1614&ssl=1\",\"width\":1164,\"height\":1614},{\"@type\":\"BreadcrumbList\",\"@id\":\"https:\/\/nerdrum.com\/product\/immanuel-kants-siste-dager\/#breadcrumb\",\"itemListElement\":[{\"@type\":\"ListItem\",\"position\":1,\"name\":\"Home\",\"item\":\"https:\/\/nerdrum.com\/\"},{\"@type\":\"ListItem\",\"position\":2,\"name\":\"Shop\",\"item\":\"https:\/\/nerdrum.com\/nb\/nettbutikk\/\"},{\"@type\":\"ListItem\",\"position\":3,\"name\":\"Immanuel Kants siste dager (2003)\"}]},{\"@type\":\"WebSite\",\"@id\":\"https:\/\/nerdrum.com\/#website\",\"url\":\"https:\/\/nerdrum.com\/\",\"name\":\"Odd Nerdrum Official Website\",\"description\":\"\",\"potentialAction\":[{\"@type\":\"SearchAction\",\"target\":{\"@type\":\"EntryPoint\",\"urlTemplate\":\"https:\/\/nerdrum.com\/?s={search_term_string}\"},\"query-input\":{\"@type\":\"PropertyValueSpecification\",\"valueRequired\":true,\"valueName\":\"search_term_string\"}}],\"inLanguage\":\"nb-NO\"}]}<\/script>\n<!-- \/ Yoast SEO plugin. -->","yoast_head_json":{"title":"Immanuel Kants siste dager (2003) - Odd Nerdrum Official Website","robots":{"index":"index","follow":"follow","max-snippet":"max-snippet:-1","max-image-preview":"max-image-preview:large","max-video-preview":"max-video-preview:-1"},"canonical":"https:\/\/nerdrum.com\/nb\/produkt\/immanuel-kants-siste-dager\/","og_locale":"nb_NO","og_type":"article","og_title":"Immanuel Kants siste dager (2003) - Odd Nerdrum Official Website","og_description":"Den aldrende Immanuel Kant m\u00f8ter fruktene av sin egen filosofi - et m\u00f8te med en fremtid han har v\u00e6rt med p\u00e5 \u00e5 skape, og som har vokst til et monster. Dette er Odd Nerdrums debut som dramatiker. Vittig og kompromissl\u00f8st om f\u00f8lgene av Kant. Med Immanuel Kants siste dager debuterer Nerdrum som skj\u00f8nnlitter\u00e6r forfatter. Skuespillet er et bitende og skarpt portrett av en av den moderne tids \u00e5ndelige fedre. Kompromissl\u00f8st skildres Kants m\u00f8te med sin egen filosofi p\u00e5 sine siste dager.  Innbinding: Innbundet Antall sider: 83 Forfatter: Odd Nerdrum Spr\u00e5k: Bokm\u00e5l Utgivelses\u00e5r: 2003 ISBN: 9788205323407","og_url":"https:\/\/nerdrum.com\/nb\/produkt\/immanuel-kants-siste-dager\/","og_site_name":"Odd Nerdrum Official Website","article_publisher":"https:\/\/facebook.com\/oddnerdrum","article_modified_time":"2025-07-28T11:15:04+00:00","og_image":[{"width":1164,"height":1614,"url":"https:\/\/nerdrum.com\/wp-content\/uploads\/2020\/08\/Immanuel-Kants-siste-dager-front-2.jpg","type":"image\/jpeg"}],"twitter_card":"summary_large_image","twitter_misc":{"Ansl. lesetid":"1 minutt"},"schema":{"@context":"https:\/\/schema.org","@graph":[{"@type":"WebPage","@id":"https:\/\/nerdrum.com\/product\/immanuel-kants-siste-dager\/","url":"https:\/\/nerdrum.com\/product\/immanuel-kants-siste-dager\/","name":"Immanuel Kants siste dager (2003) - Odd Nerdrum Official Website","isPartOf":{"@id":"https:\/\/nerdrum.com\/#website"},"primaryImageOfPage":{"@id":"https:\/\/nerdrum.com\/product\/immanuel-kants-siste-dager\/#primaryimage"},"image":{"@id":"https:\/\/nerdrum.com\/product\/immanuel-kants-siste-dager\/#primaryimage"},"thumbnailUrl":"https:\/\/i0.wp.com\/nerdrum.com\/wp-content\/uploads\/2020\/08\/Immanuel-Kants-siste-dager-front-2.jpg?fit=1164%2C1614&ssl=1","datePublished":"2020-08-13T13:48:01+00:00","dateModified":"2025-07-28T11:15:04+00:00","breadcrumb":{"@id":"https:\/\/nerdrum.com\/product\/immanuel-kants-siste-dager\/#breadcrumb"},"inLanguage":"nb-NO","potentialAction":[{"@type":"ReadAction","target":["https:\/\/nerdrum.com\/product\/immanuel-kants-siste-dager\/"]}]},{"@type":"ImageObject","inLanguage":"nb-NO","@id":"https:\/\/nerdrum.com\/product\/immanuel-kants-siste-dager\/#primaryimage","url":"https:\/\/i0.wp.com\/nerdrum.com\/wp-content\/uploads\/2020\/08\/Immanuel-Kants-siste-dager-front-2.jpg?fit=1164%2C1614&ssl=1","contentUrl":"https:\/\/i0.wp.com\/nerdrum.com\/wp-content\/uploads\/2020\/08\/Immanuel-Kants-siste-dager-front-2.jpg?fit=1164%2C1614&ssl=1","width":1164,"height":1614},{"@type":"BreadcrumbList","@id":"https:\/\/nerdrum.com\/product\/immanuel-kants-siste-dager\/#breadcrumb","itemListElement":[{"@type":"ListItem","position":1,"name":"Home","item":"https:\/\/nerdrum.com\/"},{"@type":"ListItem","position":2,"name":"Shop","item":"https:\/\/nerdrum.com\/nb\/nettbutikk\/"},{"@type":"ListItem","position":3,"name":"Immanuel Kants siste dager (2003)"}]},{"@type":"WebSite","@id":"https:\/\/nerdrum.com\/#website","url":"https:\/\/nerdrum.com\/","name":"Odd Nerdrum Official Website","description":"","potentialAction":[{"@type":"SearchAction","target":{"@type":"EntryPoint","urlTemplate":"https:\/\/nerdrum.com\/?s={search_term_string}"},"query-input":{"@type":"PropertyValueSpecification","valueRequired":true,"valueName":"search_term_string"}}],"inLanguage":"nb-NO"}]}},"jetpack_sharing_enabled":true,"_links":{"self":[{"href":"https:\/\/nerdrum.com\/nb\/wp-json\/wp\/v2\/product\/893","targetHints":{"allow":["GET"]}}],"collection":[{"href":"https:\/\/nerdrum.com\/nb\/wp-json\/wp\/v2\/product"}],"about":[{"href":"https:\/\/nerdrum.com\/nb\/wp-json\/wp\/v2\/types\/product"}],"wp:featuredmedia":[{"embeddable":true,"href":"https:\/\/nerdrum.com\/nb\/wp-json\/wp\/v2\/media\/1005"}],"wp:attachment":[{"href":"https:\/\/nerdrum.com\/nb\/wp-json\/wp\/v2\/media?parent=893"}],"wp:term":[{"taxonomy":"product_brand","embeddable":true,"href":"https:\/\/nerdrum.com\/nb\/wp-json\/wp\/v2\/product_brand?post=893"},{"taxonomy":"product_cat","embeddable":true,"href":"https:\/\/nerdrum.com\/nb\/wp-json\/wp\/v2\/product_cat?post=893"},{"taxonomy":"product_tag","embeddable":true,"href":"https:\/\/nerdrum.com\/nb\/wp-json\/wp\/v2\/product_tag?post=893"}],"curies":[{"name":"wp","href":"https:\/\/api.w.org\/{rel}","templated":true}]}}